{"id":16,"date":"2018-06-15T18:31:11","date_gmt":"2018-06-15T16:31:11","guid":{"rendered":"https:\/\/www.power-plate-occasion.com\/?page_id=16"},"modified":"2019-01-18T16:04:40","modified_gmt":"2019-01-18T15:04:40","slug":"index","status":"publish","type":"page","link":"https:\/\/www.power-plate-occasion.com\/en\/","title":{"rendered":"Home"},"content":{"rendered":"<p>[et_pb_section bb_built=&#8221;1&#8243; fullwidth=&#8221;on&#8221; specialty=&#8221;off&#8221; next_background_color=&#8221;#000000&#8243;][et_pb_fullwidth_header title=&#8221;Second-hand Power Plate&#8221; subhead=&#8221;Your second hand Power Plate at a reduced price&#8221; background_layout=&#8221;light&#8221; title_font_size=&#8221;35px&#8221; background_image=&#8221;https:\/\/www.power-plate-occasion.com\/wp-content\/uploads\/2018\/08\/power-plate-occasion-accueil-1.jpg&#8221; background_color=&#8221;rgba(255, 255, 255, 0)&#8221; _builder_version=&#8221;3.9&#8243; max_width_tablet=&#8221;50px&#8221; header_fullscreen=&#8221;on&#8221; title_font_size_last_edited=&#8221;on|desktop&#8221; subhead_font_size=&#8221;22px&#8221; subhead_font_size_tablet=&#8221;18px&#8221; subhead_font_size_last_edited=&#8221;on|desktop&#8221; title_font_size_tablet=&#8221;22px&#8221; \/][\/et_pb_section][et_pb_section bb_built=&#8221;1&#8243; admin_label=&#8221;section&#8221; prev_background_color=&#8221;#000000&#8243; next_background_color=&#8221;#00ddcf&#8221; _builder_version=&#8221;3.9&#8243;][et_pb_row background_position=&#8221;top_left&#8221; background_repeat=&#8221;repeat&#8221; background_size=&#8221;initial&#8221;][et_pb_column type=&#8221;1_3&#8243;][et_pb_image src=&#8221;https:\/\/www.power-plate-occasion.com\/wp-content\/uploads\/2018\/06\/power-plate-occasion-pro5-3.jpg&#8221; align=&#8221;center&#8221; force_fullwidth=&#8221;on&#8221; use_border_color=&#8221;off&#8221; animation_style=&#8221;slide&#8221; animation_duration=&#8221;500ms&#8221; animation_intensity_slide=&#8221;10%&#8221; animation_direction=&#8221;left&#8221; _builder_version=&#8221;3.12.2&#8243; box_shadow_style=&#8221;preset1&#8243;]<\/p>\n<p>&nbsp;<\/p>\n<p>[\/et_pb_image][et_pb_cta admin_label=&#8221;Appel d&#8217;action : acc\u00e9der&#8221; button_text=&#8221;Go to Offers&#8221; use_border_color=&#8221;off&#8221; button_url=&#8221;https:\/\/www.power-plate-occasion.com\/en\/#acceder&#8221; background_position=&#8221;top_left&#8221; background_repeat=&#8221;repeat&#8221; background_size=&#8221;initial&#8221; _builder_version=&#8221;3.12.2&#8243; header_font=&#8221;Lobster Two||||||||&#8221; custom_button=&#8221;on&#8221; button_text_color=&#8221;#00ddcf&#8221; header_text_color=&#8221;#333333&#8243; body_text_color=&#8221;#333333&#8243; background_layout=&#8221;light&#8221; header_text_align=&#8221;center&#8221; button_alignment=&#8221;center&#8221; background_color=&#8221;#ffffff&#8221; use_background_color=&#8221;off&#8221; header_level=&#8221;h3&#8243; header_font_size=&#8221;24&#8243; button_text_size=&#8221;15&#8243; button_text_shadow_vertical_length=&#8221;0.1em&#8221; button_text_shadow_blur_strength=&#8221;0.1em&#8221; box_shadow_style_button=&#8221;preset2&#8243; \/][\/et_pb_column][et_pb_column type=&#8221;2_3&#8243;][et_pb_cta admin_label=&#8221;Appel d&#8217;action : Le principe&#8221; title=&#8221;The Power Plate principle&#8221; button_text=&#8221;Find out more about Power Plate&#8221; text_orientation=&#8221;left&#8221; use_border_color=&#8221;off&#8221; button_url=&#8221;https:\/\/www.power-plate-occasion.com\/en\/principle\/&#8221; background_position=&#8221;top_left&#8221; background_repeat=&#8221;repeat&#8221; background_size=&#8221;initial&#8221; _builder_version=&#8221;3.9&#8243; header_font=&#8221;Lobster||||||||&#8221; custom_button=&#8221;on&#8221; button_text_color=&#8221;#ffffff&#8221; header_text_color=&#8221;#333333&#8243; body_text_color=&#8221;#333333&#8243; background_layout=&#8221;light&#8221;]<\/p>\n<p>The Power Plate is a training platform where sports movements are reproduced (abdominal, push ups, muscle strengthening, squats, lunge&#8230;) but also stretching and massages.<\/p>\n<p>The Power Plate platform uses a 3-dimensional vibrating system which activates a reflexive muscular contraction 3 times more efficient than the contractions generated during a traditional exercise.<\/p>\n<p>[\/et_pb_cta][\/et_pb_column][\/et_pb_row][et_pb_row][et_pb_column type=&#8221;4_4&#8243;][et_pb_text admin_label=&#8221;Texte : Votre salle de sport \u00e0 domicile !&#8221; _builder_version=&#8221;3.12.2&#8243;]<\/p>\n<h2>Your fitness centre right in your home with a second-hand Power Plate!<\/h2>\n<p>The advantage of the well-known vibrating Power Plate is that it is a complete training machine which will take up only a square metre in your home, while offering you the possibility of working all the muscles of your body (according to the exercise) at different levels of intensity (by changing your posture). Enjoy the pleasure of a complete fitness centre in just one machine with a second-hand Power Plate.<\/p>\n<p>[\/et_pb_text][\/et_pb_column][\/et_pb_row][\/et_pb_section][et_pb_section bb_built=&#8221;1&#8243; admin_label=&#8221;section&#8221; prev_background_color=&#8221;#ffffff&#8221; next_background_color=&#8221;#ffffff&#8221; _builder_version=&#8221;3.9&#8243; background_color=&#8221;#00ddcf&#8221;][et_pb_row][et_pb_column type=&#8221;1_3&#8243;][et_pb_blurb admin_label=&#8221;R\u00e9sum\u00e9 : Votre Power Plate d&#8217;occasion&#8221; _builder_version=&#8221;3.9&#8243; title=&#8221;Your second-hand Power Plate&#8221; text_orientation=&#8221;center&#8221; header_level=&#8221;h2&#8243; header_font=&#8221;Lobster||||||||&#8221; url=&#8221;https:\/\/www.power-plate-occasion.com\/occasion-garantie\/&#8221; font_icon=&#8221;%%40%%&#8221; icon_color=&#8221;#ffffff&#8221; circle_color=&#8221;#ffffff&#8221; image=&#8221;https:\/\/www.power-plate-occasion.com\/wp-content\/uploads\/2018\/08\/power-plate-occasion-cercle-1-2.png&#8221;]<\/p>\n<h3>Guaranteed and serviced<\/h3>\n<p>Power Plate has developed a range of units for home use.<\/p>\n<p>[\/et_pb_blurb][\/et_pb_column][et_pb_column type=&#8221;1_3&#8243;][et_pb_blurb admin_label=&#8221;R\u00e9sum\u00e9 : Mod\u00e8les Disponibles&#8221; _builder_version=&#8221;3.9&#8243; title=&#8221;Available models&#8221; text_orientation=&#8221;center&#8221; header_level=&#8221;h2&#8243; header_font=&#8221;Lobster||||||||&#8221; url=&#8221;https:\/\/www.power-plate-occasion.com\/occasion-garantie\/#modeles-disponibles&#8221; font_icon=&#8221;%%40%%&#8221; icon_color=&#8221;#ffffff&#8221; circle_color=&#8221;#ffffff&#8221; image=&#8221;https:\/\/www.power-plate-occasion.com\/wp-content\/uploads\/2018\/08\/occasion-disponible-power-plate-cercle-1.png&#8221;]<\/p>\n<h3>Make your choice<\/h3>\n<p>6-month warranty or up to 24 months<\/p>\n<p>[\/et_pb_blurb][\/et_pb_column][et_pb_column type=&#8221;1_3&#8243;][et_pb_blurb admin_label=&#8221;R\u00e9sum\u00e9 : Nouveaut\u00e9 !&#8221; _builder_version=&#8221;3.9&#8243; title=&#8221;Latest model!&#8221; text_orientation=&#8221;center&#8221; header_level=&#8221;h2&#8243; header_font=&#8221;Lobster||||||||&#8221; url=&#8221;https:\/\/www.power-plate-occasion.com\/occasion-garantie\/&#8221; font_icon=&#8221;%%40%%&#8221; icon_color=&#8221;#ffffff&#8221; circle_color=&#8221;#ffffff&#8221; image=&#8221;https:\/\/www.power-plate-occasion.com\/wp-content\/uploads\/2018\/08\/power-plate-compacte-personelle-cercle-1.png&#8221;]<\/p>\n<h3>Compact Power Plate<\/h3>\n<p>It fits in anywhere and even under the bed&#8230;<\/p>\n<p>[\/et_pb_blurb][\/et_pb_column][\/et_pb_row][\/et_pb_section][et_pb_section bb_built=&#8221;1&#8243; admin_label=&#8221;section&#8221; prev_background_color=&#8221;#00ddcf&#8221; next_background_color=&#8221;#2d2d2d&#8221; _builder_version=&#8221;3.9&#8243;][et_pb_row background_position=&#8221;top_left&#8221; background_repeat=&#8221;repeat&#8221; background_size=&#8221;initial&#8221;][et_pb_column type=&#8221;1_3&#8243;][et_pb_testimonial admin_label=&#8221;T\u00e9moignage Serena Williams&#8221; use_border_color=&#8221;off&#8221; background_position=&#8221;top_left&#8221; background_repeat=&#8221;repeat&#8221; background_size=&#8221;initial&#8221; border_radii_portrait=&#8221;on|89px|89px|89px|89px&#8221; _builder_version=&#8221;3.9&#8243; author=&#8221;Serena Williams&#8221; job_title=&#8221;Tennis Champion&#8221; quote_icon_background_color=&#8221;#f5f5f5&#8243;]<\/p>\n<p>\u201cOff court training is as important to me as on court. With the Power Plate, I\u2019m able to accelerate my off court training and maximize the benefits.\u201d<\/p>\n<p>[\/et_pb_testimonial][et_pb_image _builder_version=&#8221;3.9&#8243; src=&#8221;https:\/\/www.power-plate-occasion.com\/wp-content\/uploads\/2018\/08\/power-plate-c-est-quoi.jpg&#8221; \/][\/et_pb_column][et_pb_column type=&#8221;1_3&#8243;][et_pb_image _builder_version=&#8221;3.9&#8243; src=&#8221;https:\/\/www.power-plate-occasion.com\/wp-content\/uploads\/2018\/08\/power-plate-senior.jpg&#8221; \/][et_pb_testimonial admin_label=&#8221;T\u00e9moignage Hilary Swank&#8221; use_border_color=&#8221;off&#8221; background_position=&#8221;top_left&#8221; background_repeat=&#8221;repeat&#8221; background_size=&#8221;initial&#8221; _builder_version=&#8221;3.9&#8243; author=&#8221;Hilary Swank&#8221; job_title=&#8221;Actress and Model&#8221; quote_icon_background_color=&#8221;#f5f5f5&#8243;]<\/p>\n<p>\u201cWhat I love that about the Power Plate, is that I can get a full workout at home in next to no time. I really am impressed with the machine&#8217;s ability to target and recruit specific muscles and improve my flexibility at the same time. It just feels good.\u201d<\/p>\n<p>[\/et_pb_testimonial][\/et_pb_column][et_pb_column type=&#8221;1_3&#8243;][et_pb_testimonial use_border_color=&#8221;off&#8221; background_position=&#8221;top_left&#8221; background_repeat=&#8221;repeat&#8221; background_size=&#8221;initial&#8221; _builder_version=&#8221;3.9&#8243; author=&#8221;Folie Curieuse&#8221; job_title=&#8221;Beauty Lifestyle blog&#8221; quote_icon_background_color=&#8221;#f5f5f5&#8243;]<\/p>\n<p style=\"text-align: left;\">&#8220;I only did 30-second sessions each time, and I would never have been able to do the whole course if the sequences had been too long. Besides, at the end I was exhausted! (not to mention the muscle ache for the next two days)&#8221;<\/em>\u00a0\u00bb<em>\u00a0<\/em><\/p>\n<p>[\/et_pb_testimonial][et_pb_image _builder_version=&#8221;3.9&#8243; src=&#8221;https:\/\/www.power-plate-occasion.com\/wp-content\/uploads\/2018\/08\/la-power-plate-compacte.jpg&#8221; \/][\/et_pb_column][\/et_pb_row][\/et_pb_section][et_pb_section bb_built=&#8221;1&#8243; specialty=&#8221;off&#8221; prev_background_color=&#8221;#ffffff&#8221; next_background_color=&#8221;#ffffff&#8221; _builder_version=&#8221;3.12.2&#8243; background_color=&#8221;#2d2d2d&#8221; module_id=&#8221;acceder&#8221;][et_pb_row][et_pb_column type=&#8221;1_2&#8243;][et_pb_text admin_label=&#8221;%91contact-form-7 id=%2258%22 title=%22Acceder aux occasions%22%93&#8243; _builder_version=&#8221;3.9&#8243; header_2_font=&#8221;Lobster||||||||&#8221; header_2_text_color=&#8221;#00ddcf&#8221;]<\/p>\n<h2>Go to second-hand models<\/h2>\n<div role=\"form\" class=\"wpcf7\" id=\"wpcf7-f58-o1\" lang=\"fr-FR\" dir=\"ltr\">\n<div class=\"screen-reader-response\"><p role=\"status\" aria-live=\"polite\" aria-atomic=\"true\"><\/p> <ul><\/ul><\/div>\n<form action=\"\/en\/wp-json\/wp\/v2\/pages\/16#wpcf7-f58-o1\" method=\"post\" class=\"wpcf7-form init\" novalidate=\"novalidate\" data-status=\"init\">\n<div style=\"display: none;\">\n<input type=\"hidden\" name=\"_wpcf7\" value=\"58\" \/>\n<input type=\"hidden\" name=\"_wpcf7_version\" value=\"5.6.1\" \/>\n<input type=\"hidden\" name=\"_wpcf7_locale\" value=\"fr_FR\" \/>\n<input type=\"hidden\" name=\"_wpcf7_unit_tag\" value=\"wpcf7-f58-o1\" \/>\n<input type=\"hidden\" name=\"_wpcf7_container_post\" value=\"0\" \/>\n<input type=\"hidden\" name=\"_wpcf7_posted_data_hash\" value=\"\" \/>\n<\/div>\n<p><label> Nom*<br \/>\n    <span class=\"wpcf7-form-control-wrap\" data-name=\"your-name\"><input type=\"text\" name=\"your-name\" value=\"\" size=\"40\" class=\"wpcf7-form-control wpcf7-text wpcf7-validates-as-required\" aria-required=\"true\" aria-invalid=\"false\" \/><\/span> <\/label><\/p>\n<p><label> Pr\u00e9nom*<br \/>\n    <span class=\"wpcf7-form-control-wrap\" data-name=\"your-firstname\"><input type=\"text\" name=\"your-firstname\" value=\"\" size=\"40\" class=\"wpcf7-form-control wpcf7-text wpcf7-validates-as-required\" aria-required=\"true\" aria-invalid=\"false\" \/><\/span> <\/label><\/p>\n<p><label> Adresse Email*<br \/>\n    <span class=\"wpcf7-form-control-wrap\" data-name=\"your-email\"><input type=\"email\" name=\"your-email\" value=\"\" size=\"40\" class=\"wpcf7-form-control wpcf7-text wpcf7-email wpcf7-validates-as-required wpcf7-validates-as-email\" aria-required=\"true\" aria-invalid=\"false\" \/><\/span> <\/label><\/p>\n<p><label> T\u00e9l\u00e9phone*<br \/>\n    <span class=\"wpcf7-form-control-wrap\" data-name=\"Telephone\"><input type=\"tel\" name=\"Telephone\" value=\"\" size=\"40\" class=\"wpcf7-form-control wpcf7-text wpcf7-tel wpcf7-validates-as-required wpcf7-validates-as-tel\" aria-required=\"true\" aria-invalid=\"false\" \/><\/span> <\/label><\/p>\n<p><label> Code Postal*<br \/>\n    <span class=\"wpcf7-form-control-wrap\" data-name=\"code-postal\"><input type=\"text\" name=\"code-postal\" value=\"\" size=\"40\" class=\"wpcf7-form-control wpcf7-text wpcf7-validates-as-required\" aria-required=\"true\" aria-invalid=\"false\" \/><\/span> <\/label><\/p>\n<p><label> Votre Message<br \/>\n    <span class=\"wpcf7-form-control-wrap\" data-name=\"your-message\"><textarea name=\"your-message\" cols=\"40\" rows=\"10\" class=\"wpcf7-form-control wpcf7-textarea\" aria-invalid=\"false\"><\/textarea><\/span> <\/label><\/p>\n<p><span class=\"wpcf7-form-control-wrap\" data-name=\"checkbox-436\"><span class=\"wpcf7-form-control wpcf7-checkbox wpcf7-validates-as-required wpcf7-exclusive-checkbox\"><span class=\"wpcf7-list-item first last\"><input type=\"checkbox\" name=\"checkbox-436\" value=\"En cochant cette case, vous acceptez de recevoir nos offres sur les Power Plate occasions par mail.\" \/><span class=\"wpcf7-list-item-label\">En cochant cette case, vous acceptez de recevoir nos offres sur les Power Plate occasions par mail.<\/span><\/span><\/span><\/span><\/p>\n<p><input type=\"submit\" value=\"Acc\u00e9der aux occasions\" class=\"wpcf7-form-control has-spinner wpcf7-submit\" \/><\/p>\n<div class=\"wpcf7-response-output\" aria-hidden=\"true\"><\/div><\/form><\/div>\n<p>[\/et_pb_text][\/et_pb_column][et_pb_column type=&#8221;1_2&#8243;][et_pb_image admin_label=&#8221;Image pro5&#8243; _builder_version=&#8221;3.9&#8243; src=&#8221;https:\/\/www.power-plate-occasion.com\/wp-content\/uploads\/2018\/08\/acheter-powerplate-pro5.jpg&#8221; \/][\/et_pb_column][\/et_pb_row][\/et_pb_section][et_pb_section bb_built=&#8221;1&#8243; fullwidth=&#8221;on&#8221; specialty=&#8221;off&#8221; prev_background_color=&#8221;#2d2d2d&#8221;][et_pb_fullwidth_image src=&#8221;https:\/\/www.power-plate-occasion.com\/wp-content\/uploads\/2018\/06\/power-plate-pro7-occasion.jpg&#8221; show_in_lightbox=&#8221;off&#8221; url_new_window=&#8221;off&#8221; use_overlay=&#8221;off&#8221; animation=&#8221;left&#8221; use_border_color=&#8221;off&#8221; border_color=&#8221;#ffffff&#8221; border_style=&#8221;solid&#8221; animation_style=&#8221;slide&#8221; animation_duration=&#8221;500ms&#8221; animation_intensity_slide=&#8221;10%&#8221; animation_direction=&#8221;left&#8221;]<\/p>\n<p>&nbsp;<\/p>\n<p>[\/et_pb_fullwidth_image][\/et_pb_section]<\/p>\n","protected":false},"excerpt":{"rendered":"<p>&nbsp; The Power Plate is a training platform where sports movements are reproduced (abdominal, push ups, muscle strengthening, squats, lunge&#8230;) but also stretching and massages. The Power Plate platform uses a 3-dimensional vibrating system which activates a reflexive muscular contraction 3 times more efficient than the contractions generated during a traditional exercise. <div class=\"et_pb_row et_pb_row_0 et_pb_row_empty\">\n\t\t\t\t\n\t\t\t\t\n\t\t\t\t\n\t\t\t\t\n\t\t\t\t\n\t\t\t<\/div> Your fitness [&hellip;]<\/p>\n","protected":false},"author":1,"featured_media":0,"parent":0,"menu_order":0,"comment_status":"closed","ping_status":"closed","template":"","meta":{"_et_pb_use_builder":"on","_et_pb_old_content":"","_et_gb_content_width":"","footnotes":""},"_links":{"self":[{"href":"https:\/\/www.power-plate-occasion.com\/en\/wp-json\/wp\/v2\/pages\/16"}],"collection":[{"href":"https:\/\/www.power-plate-occasion.com\/en\/wp-json\/wp\/v2\/pages"}],"about":[{"href":"https:\/\/www.power-plate-occasion.com\/en\/wp-json\/wp\/v2\/types\/page"}],"author":[{"embeddable":true,"href":"https:\/\/www.power-plate-occasion.com\/en\/wp-json\/wp\/v2\/users\/1"}],"replies":[{"embeddable":true,"href":"https:\/\/www.power-plate-occasion.com\/en\/wp-json\/wp\/v2\/comments?post=16"}],"version-history":[{"count":17,"href":"https:\/\/www.power-plate-occasion.com\/en\/wp-json\/wp\/v2\/pages\/16\/revisions"}],"predecessor-version":[{"id":990,"href":"https:\/\/www.power-plate-occasion.com\/en\/wp-json\/wp\/v2\/pages\/16\/revisions\/990"}],"wp:attachment":[{"href":"https:\/\/www.power-plate-occasion.com\/en\/wp-json\/wp\/v2\/media?parent=16"}],"curies":[{"name":"wp","href":"https:\/\/api.w.org\/{rel}","templated":true}]}}