{"id":72,"date":"2018-06-16T11:54:47","date_gmt":"2018-06-16T09:54:47","guid":{"rendered":"https:\/\/www.power-plate-occasion.com\/page-2\/"},"modified":"2019-01-18T17:01:48","modified_gmt":"2019-01-18T16:01:48","slug":"guaranteed-second-hand","status":"publish","type":"page","link":"https:\/\/www.power-plate-occasion.com\/en\/guaranteed-second-hand\/","title":{"rendered":"Guaranteed second-hand units"},"content":{"rendered":"<p>[et_pb_section bb_built=&#8221;1&#8243; fullwidth=&#8221;on&#8221; _builder_version=&#8221;3.0.47&#8243; next_background_color=&#8221;#000000&#8243;][et_pb_fullwidth_header title=&#8221;Your second-hand Power Plate&#8221; subhead=&#8221;Guaranteed and serviced\/payable in several instalments without charge&#8221; _builder_version=&#8221;3.9&#8243; title_font=&#8221;Lobster||||||||&#8221; title_font_size=&#8221;20px&#8221; title_text_shadow_style=&#8221;preset3&#8243; title_text_shadow_color=&#8221;rgba(255,255,255,0.4)&#8221; content_font_size=&#8221;26px&#8221; background_image=&#8221;https:\/\/www.power-plate-occasion.com\/wp-content\/uploads\/2018\/08\/modele-power-plate-occasion-disponible-2.jpg&#8221; background_layout=&#8221;light&#8221; max_width_tablet=&#8221;50px&#8221; text_shadow_style=&#8221;preset3&#8243; text_shadow_color=&#8221;rgba(255,255,255,0.4)&#8221; background_url=&#8221;https:\/\/www.power-plate-occasion.com\/wp-content\/uploads\/2018\/06\/power-plate-occasion-pro5-2.jpg&#8221;]<\/p>\n<p>&nbsp;<\/p>\n<p>[\/et_pb_fullwidth_header][\/et_pb_section][et_pb_section bb_built=&#8221;1&#8243; admin_label=&#8221;section&#8221; _builder_version=&#8221;3.9&#8243; prev_background_color=&#8221;#000000&#8243; next_background_color=&#8221;#000000&#8243; module_id=&#8221;gamme&#8221;][et_pb_row admin_label=&#8221;row&#8221; _builder_version=&#8221;3.0.47&#8243; background_size=&#8221;initial&#8221; background_position=&#8221;top_left&#8221; background_repeat=&#8221;repeat&#8221;][et_pb_column type=&#8221;4_4&#8243;][et_pb_text _builder_version=&#8221;3.9&#8243; header_2_font=&#8221;Lobster||||||||&#8221; header_3_font=&#8221;Lobster Two||||||||&#8221; header_4_font=&#8221;Lobster Two||||||||&#8221; background_size=&#8221;initial&#8221; background_position=&#8221;top_left&#8221; background_repeat=&#8221;repeat&#8221; use_border_color=&#8221;off&#8221;]<\/p>\n<h2 style=\"text-align: center;\">Power Plate has developed a range of appliances for home use<\/h2>\n<p>[\/et_pb_text][\/et_pb_column][\/et_pb_row][et_pb_row _builder_version=&#8221;3.0.48&#8243; background_size=&#8221;initial&#8221; background_position=&#8221;top_left&#8221; background_repeat=&#8221;repeat&#8221;][et_pb_column type=&#8221;1_3&#8243;][et_pb_text admin_label=&#8221;Power Plate My3 occasion&#8221; _builder_version=&#8221;3.9&#8243; background_size=&#8221;contain&#8221; background_blend=&#8221;lighten&#8221;]<\/p>\n<h4>Second-hand Power Plate My3<\/h4>\n<p>It is a model fitted with the 35Hz frequency in High and Low Amplitude.  It is fitted with a repeat button on the column to restart the exercises easily when you are in position for abdominals, push-ups etc.<\/p>\n<p>[\/et_pb_text][et_pb_image src=&#8221;https:\/\/www.power-plate-occasion.com\/wp-content\/uploads\/2018\/07\/power-plate-my3-occasion-1.jpg&#8221; align=&#8221;center&#8221; force_fullwidth=&#8221;on&#8221; _builder_version=&#8221;3.9&#8243; box_shadow_style=&#8221;preset6&#8243; \/][\/et_pb_column][et_pb_column type=&#8221;1_3&#8243;][et_pb_text admin_label=&#8221;Power Plate My5 occasion&#8221; _builder_version=&#8221;3.9&#8243; background_size=&#8221;contain&#8221; background_blend=&#8221;lighten&#8221;]<\/p>\n<h4>Second-hand My5 Power Plate<\/h4>\n<p>The My5 is a model complete with 4 pre-recorded programmes (STRETCHING, MUSCLE STRENGTHENING, MASSAGE and RELAXATION) and a frequency ranging from 30 to 40 Hz.  It is equipped with a remote control and a large vibration plate.<\/p>\n<p>[\/et_pb_text][et_pb_image src=&#8221;https:\/\/www.power-plate-occasion.com\/wp-content\/uploads\/2018\/07\/power-plate-my5-occasion-2-femme.jpg&#8221; align=&#8221;center&#8221; force_fullwidth=&#8221;on&#8221; _builder_version=&#8221;3.9&#8243; box_shadow_style=&#8221;preset6&#8243; \/][\/et_pb_column][et_pb_column type=&#8221;1_3&#8243;][et_pb_text admin_label=&#8221;Power Plate My7 occasion&#8221; _builder_version=&#8221;3.9&#8243; background_size=&#8221;contain&#8221; background_blend=&#8221;lighten&#8221;]<\/p>\n<h4>Second-hand My7 Power Plate<\/h4>\n<p>It\u2019s the  Power Plate top model thanks to its large vibration plate, its virtual coach (1000 exercise videos in 250 theme programmes from 10 to 30 minutes (by theme and by level).  Added to which, extensible cables are included for 3D movements.<\/p>\n<p>[\/et_pb_text][et_pb_image src=&#8221;https:\/\/www.power-plate-occasion.com\/wp-content\/uploads\/2018\/07\/power-plate-my7-occasion-1-homme.jpg&#8221; align=&#8221;center&#8221; force_fullwidth=&#8221;on&#8221; _builder_version=&#8221;3.9&#8243; box_shadow_style=&#8221;preset6&#8243; \/][\/et_pb_column][\/et_pb_row][et_pb_row _builder_version=&#8221;3.0.48&#8243; background_size=&#8221;initial&#8221; background_position=&#8221;top_left&#8221; background_repeat=&#8221;repeat&#8221;][et_pb_column type=&#8221;1_3&#8243;][et_pb_text admin_label=&#8221;Power Plate Compacte occasion &#8221; _builder_version=&#8221;3.9&#8243; background_size=&#8221;contain&#8221; background_blend=&#8221;lighten&#8221;]<\/p>\n<h4>Second-hand Compact Power Plate<\/h4>\n<p>The smallest version, which has fast become a best-seller, does not have a column and can be stowed under the bed.  It is delivered with a remote control and can be carried around (only 18 kilos) small enough to allow you to train on the deck.<\/p>\n<p>[\/et_pb_text][et_pb_image src=&#8221;https:\/\/www.power-plate-occasion.com\/wp-content\/uploads\/2018\/07\/power-plate-compacte-occasion-1-femme.jpg&#8221; align=&#8221;center&#8221; force_fullwidth=&#8221;on&#8221; _builder_version=&#8221;3.9&#8243; box_shadow_style=&#8221;preset6&#8243; \/][\/et_pb_column][et_pb_column type=&#8221;1_3&#8243;][et_pb_text admin_label=&#8221;Power Plate Pro5 occasion&#8221; _builder_version=&#8221;3.9&#8243; background_size=&#8221;contain&#8221; background_blend=&#8221;lighten&#8221;]<\/p>\n<h4>Second-hand Pro5 Power Plate<\/h4>\n<p>It\u2019s the model seen in professional premises.  Its vibration plate is very large for maximum comfort,  the frequency range is wide and its mechanical endurance is legendary.<\/p>\n<p>[\/et_pb_text][et_pb_image src=&#8221;https:\/\/www.power-plate-occasion.com\/wp-content\/uploads\/2018\/07\/power-plate-pro5-occasion-1-femme.jpg&#8221; align=&#8221;center&#8221; force_fullwidth=&#8221;on&#8221; _builder_version=&#8221;3.9&#8243; box_shadow_style=&#8221;preset6&#8243; \/][\/et_pb_column][et_pb_column type=&#8221;1_3&#8243;][et_pb_cta admin_label=&#8221;Appel d&#8217;action : acc\u00e9der&#8221; button_text=&#8221;Go to Offers&#8221; use_border_color=&#8221;off&#8221; button_url=&#8221;https:\/\/www.power-plate-occasion.com\/en\/guaranteed-second-hand\/#acceder&#8221; background_position=&#8221;top_left&#8221; background_repeat=&#8221;repeat&#8221; background_size=&#8221;initial&#8221; _builder_version=&#8221;3.12.2&#8243; header_font=&#8221;Lobster Two||||||||&#8221; custom_button=&#8221;on&#8221; button_text_color=&#8221;#00ddcf&#8221; header_text_color=&#8221;#333333&#8243; body_text_color=&#8221;#333333&#8243; background_layout=&#8221;light&#8221; header_text_align=&#8221;center&#8221; button_alignment=&#8221;center&#8221; background_color=&#8221;#ffffff&#8221; use_background_color=&#8221;off&#8221; header_level=&#8221;h3&#8243; header_font_size=&#8221;19&#8243; button_text_size=&#8221;19&#8243; button_text_shadow_vertical_length=&#8221;0.1em&#8221; button_text_shadow_blur_strength=&#8221;0.1em&#8221; box_shadow_style_button=&#8221;preset2&#8243; title=&#8221;Go to second-hand Power Plate units available&#8221; \/][\/et_pb_column][\/et_pb_row][\/et_pb_section][et_pb_section bb_built=&#8221;1&#8243; fullwidth=&#8221;on&#8221; _builder_version=&#8221;3.9&#8243; prev_background_color=&#8221;#000000&#8243; next_background_color=&#8221;#000000&#8243;][et_pb_fullwidth_header admin_label=&#8221;En-t\u00eate plein \u00e9cran : Trouvez la Power Plate qui vous correspond !&#8221; title=&#8221;Find the Power Plate which suits you!&#8221; text_orientation=&#8221;center&#8221; _builder_version=&#8221;3.9&#8243; title_level=&#8221;h2&#8243; background_layout=&#8221;light&#8221; text_shadow_style=&#8221;preset5&#8243; \/][\/et_pb_section][et_pb_section bb_built=&#8221;1&#8243; _builder_version=&#8221;3.0.47&#8243; prev_background_color=&#8221;#000000&#8243; next_background_color=&#8221;#000000&#8243;][et_pb_row _builder_version=&#8221;3.0.48&#8243; background_size=&#8221;initial&#8221; background_position=&#8221;top_left&#8221; background_repeat=&#8221;repeat&#8221;][et_pb_column type=&#8221;1_2&#8243;][et_pb_text _builder_version=&#8221;3.9&#8243; header_2_font=&#8221;Lobster||||||||&#8221; header_3_font=&#8221;Lobster Two||||||||&#8221;]<\/p>\n<h3>A wide range<\/h3>\n<p>There are Power Plate models of different sizes fitted with either more or fewer functions.<\/p>\n<p>There are models for every need, all types and all budgets, but always at the best price with the assurance of making the right choice because the machine is serviced, guaranteed, in working order and complete.<\/p>\n<p>Payable in several instalments.<br \/>\nAnd we deliver &amp; instal the machine at your home.<\/p>\n<h3>A Power Plate unit adapted to your needs<\/h3>\n<p>Also we guide you in order to make the best Power Plate choice according to your need, your budget and your personal objectives (weight loss, sport, fitness, well-being etc.)<\/p>\n<h3>Accessories<\/h3>\n<p>We deliver all instructions concerning the training exercises with your machine, thus you will know how to train effectively.<\/p>\n<p>Your machine is also delivered with all the accessories (belts, machine mat, remote control according to the model, exercise poster, training book.<\/p>\n<p>[\/et_pb_text][\/et_pb_column][et_pb_column type=&#8221;1_2&#8243;][et_pb_image src=&#8221;https:\/\/www.power-plate-occasion.com\/wp-content\/uploads\/2018\/07\/acheter-power-plate-occasion.jpg&#8221; _builder_version=&#8221;3.9&#8243; \/][\/et_pb_column][\/et_pb_row][et_pb_row _builder_version=&#8221;3.0.48&#8243; background_size=&#8221;initial&#8221; background_position=&#8221;top_left&#8221; background_repeat=&#8221;repeat&#8221;][et_pb_column type=&#8221;4_4&#8243;][et_pb_divider height=&#8221;15px&#8221; _builder_version=&#8221;3.9&#8243; \/][et_pb_text _builder_version=&#8221;3.9&#8243; header_2_font=&#8221;Lobster||||||||&#8221; header_3_font=&#8221;Lobster Two||||||||&#8221;]<\/p>\n<h2 style=\"text-align: center;\">In order to allow you to take advantage of the best price for your second-hand Power Plate:<\/h2>\n<p>[\/et_pb_text][\/et_pb_column][\/et_pb_row][et_pb_row _builder_version=&#8221;3.0.48&#8243; background_size=&#8221;initial&#8221; background_position=&#8221;top_left&#8221; background_repeat=&#8221;repeat&#8221;][et_pb_column type=&#8221;1_3&#8243;][et_pb_blurb admin_label=&#8221;R\u00e9sum\u00e9 R\u00e9vis\u00e9s et Garantis&#8221; title=&#8221;Serviced and guaranteed&#8221; use_icon=&#8221;on&#8221; font_icon=&#8221;%%45%%&#8221; icon_color=&#8221;#333333&#8243; use_circle=&#8221;on&#8221; use_icon_font_size=&#8221;on&#8221; icon_font_size=&#8221;30px&#8221; _builder_version=&#8221;3.9&#8243; text_orientation=&#8221;center&#8221;]<\/p>\n<p>We propose second-hand Power Plate serviced and guaranteed<\/p>\n<p>[\/et_pb_blurb][\/et_pb_column][et_pb_column type=&#8221;1_3&#8243;][et_pb_blurb admin_label=&#8221;R\u00e9sum\u00e9 Facilit\u00e9s de paiement&#8221; title=&#8221;Payment facilities&#8221; use_icon=&#8221;on&#8221; font_icon=&#8221;%%45%%&#8221; icon_color=&#8221;#333333&#8243; use_circle=&#8221;on&#8221; use_icon_font_size=&#8221;on&#8221; icon_font_size=&#8221;30px&#8221; _builder_version=&#8221;3.9&#8243; text_orientation=&#8221;center&#8221;]<\/p>\n<p>We also propose a financial solution by several cheques without charge.<\/p>\n<p>[\/et_pb_blurb][\/et_pb_column][et_pb_column type=&#8221;1_3&#8243;][et_pb_blurb admin_label=&#8221;R\u00e9sum\u00e9 Livraison &amp; Installation&#8221; title=&#8221;Delivery and Installation&#8221; use_icon=&#8221;on&#8221; font_icon=&#8221;%%45%%&#8221; icon_color=&#8221;#333333&#8243; use_circle=&#8221;on&#8221; use_icon_font_size=&#8221;on&#8221; icon_font_size=&#8221;30px&#8221; _builder_version=&#8221;3.9&#8243; text_orientation=&#8221;center&#8221;]<\/p>\n<p>We deliver and install your machine in your home.<\/p>\n<p>[\/et_pb_blurb][\/et_pb_column][\/et_pb_row][et_pb_row _builder_version=&#8221;3.0.48&#8243; background_size=&#8221;initial&#8221; background_position=&#8221;top_left&#8221; background_repeat=&#8221;repeat&#8221;][et_pb_column type=&#8221;1_3&#8243;][et_pb_blurb admin_label=&#8221;R\u00e9sum\u00e9 Pack complet&#8221; title=&#8221;Complete pack&#8221; use_icon=&#8221;on&#8221; font_icon=&#8221;%%45%%&#8221; icon_color=&#8221;#333333&#8243; use_circle=&#8221;on&#8221; use_icon_font_size=&#8221;on&#8221; icon_font_size=&#8221;30px&#8221; _builder_version=&#8221;3.9&#8243; text_orientation=&#8221;center&#8221;]<\/p>\n<p>Your machine is complete (accessories and instructions) and in working order (tested and serviced).<\/p>\n<p>[\/et_pb_blurb][\/et_pb_column][et_pb_column type=&#8221;1_3&#8243;][et_pb_blurb admin_label=&#8221;R\u00e9sum\u00e9 Extension garantie&#8221; title=&#8221;Guarantee extension&#8221; use_icon=&#8221;on&#8221; font_icon=&#8221;%%45%%&#8221; icon_color=&#8221;#333333&#8243; use_circle=&#8221;on&#8221; use_icon_font_size=&#8221;on&#8221; icon_font_size=&#8221;30px&#8221; _builder_version=&#8221;3.9&#8243; text_orientation=&#8221;center&#8221;]<\/p>\n<p>The guarantee can be extended if wished.<\/p>\n<p>[\/et_pb_blurb][\/et_pb_column][et_pb_column type=&#8221;1_3&#8243;][\/et_pb_column][\/et_pb_row][\/et_pb_section][et_pb_section bb_built=&#8221;1&#8243; fullwidth=&#8221;on&#8221; specialty=&#8221;off&#8221; next_background_color=&#8221;#000000&#8243; prev_background_color=&#8221;#000000&#8243; _builder_version=&#8221;3.9&#8243; module_id=&#8221;modeles-disponibles&#8221;][et_pb_fullwidth_header admin_label=&#8221;En-t\u00eate plein \u00e9cran Mod\u00e8les disponibles&#8221; _builder_version=&#8221;3.9&#8243; title=&#8221;Available Models&#8221; text_shadow_style=&#8221;preset3&#8243; title_font=&#8221;Lobster||||||||&#8221; background_color=&#8221;#7ebec5&#8243; background_image=&#8221;https:\/\/www.power-plate-occasion.com\/wp-content\/uploads\/2018\/07\/plateforme-power-plate-occasion.jpg&#8221; background_layout=&#8221;light&#8221; text_shadow_color=&#8221;rgba(255,255,255,0.4)&#8221; title_font_size=&#8221;20px&#8221; title_level=&#8221;h2&#8243; \/][\/et_pb_section][et_pb_section bb_built=&#8221;1&#8243; admin_label=&#8221;section&#8221; _builder_version=&#8221;3.9&#8243; prev_background_color=&#8221;#000000&#8243; next_background_color=&#8221;#171717&#8243;][et_pb_row _builder_version=&#8221;3.0.48&#8243; background_size=&#8221;initial&#8221; background_position=&#8221;top_left&#8221; background_repeat=&#8221;repeat&#8221;][et_pb_column type=&#8221;1_3&#8243;][et_pb_blurb admin_label=&#8221;R\u00e9sum\u00e9 Power Plate My3 occasion&#8221; title=&#8221;Second-hand My3 Power Plate&#8221; use_icon=&#8221;on&#8221; font_icon=&#8221;%%114%%&#8221; icon_color=&#8221;#333333&#8243; use_circle=&#8221;on&#8221; _builder_version=&#8221;3.9&#8243; header_level=&#8221;h2&#8243; header_font=&#8221;Lobster||||||||&#8221; header_text_align=&#8221;center&#8221; body_text_align=&#8221;center&#8221;]<\/p>\n<p>Guaranteed 6 months extendable to 24 months<\/p>\n<p>[\/et_pb_blurb][et_pb_image src=&#8221;https:\/\/www.power-plate-occasion.com\/wp-content\/uploads\/2018\/07\/acheter-power-plate-my3-occasion.jpg&#8221; _builder_version=&#8221;3.9&#8243; \/][\/et_pb_column][et_pb_column type=&#8221;1_3&#8243;][et_pb_blurb admin_label=&#8221;R\u00e9sum\u00e9 Power Plate My5 occasion&#8221; title=&#8221;Second-hand My5 Power Plate&#8221; use_icon=&#8221;on&#8221; font_icon=&#8221;%%114%%&#8221; icon_color=&#8221;#333333&#8243; use_circle=&#8221;on&#8221; _builder_version=&#8221;3.9&#8243; header_level=&#8221;h2&#8243; header_font=&#8221;Lobster||||||||&#8221; header_text_align=&#8221;center&#8221; body_text_align=&#8221;center&#8221;]<\/p>\n<p>Guaranteed 6 months extendable to 24 months<\/p>\n<p>[\/et_pb_blurb][et_pb_image src=&#8221;https:\/\/www.power-plate-occasion.com\/wp-content\/uploads\/2018\/07\/acheter-power-plate-my5-occasion.jpg&#8221; _builder_version=&#8221;3.9&#8243; \/][\/et_pb_column][et_pb_column type=&#8221;1_3&#8243;][et_pb_blurb admin_label=&#8221;R\u00e9sum\u00e9 Power Plate compacte occasion&#8221; title=&#8221;Second-hand Compact Power Plate&#8221; use_icon=&#8221;on&#8221; font_icon=&#8221;%%114%%&#8221; icon_color=&#8221;#333333&#8243; use_circle=&#8221;on&#8221; _builder_version=&#8221;3.9&#8243; header_level=&#8221;h2&#8243; header_font=&#8221;Lobster||||||||&#8221; header_text_align=&#8221;center&#8221; body_text_align=&#8221;center&#8221;]<\/p>\n<p>Guaranteed 6 months extendable to 24 months<\/p>\n<p>[\/et_pb_blurb][et_pb_image src=&#8221;https:\/\/www.power-plate-occasion.com\/wp-content\/uploads\/2018\/07\/acheter-power-plate-compacte-occasion.jpg&#8221; _builder_version=&#8221;3.9&#8243; \/][\/et_pb_column][\/et_pb_row][\/et_pb_section][et_pb_section bb_built=&#8221;1&#8243; _builder_version=&#8221;3.9&#8243; background_color=&#8221;#171717&#8243; prev_background_color=&#8221;#ffffff&#8221; module_id=&#8221;acceder&#8221;][et_pb_row _builder_version=&#8221;3.9&#8243; background_size=&#8221;initial&#8221; background_position=&#8221;top_left&#8221; background_repeat=&#8221;repeat&#8221;][et_pb_column type=&#8221;1_2&#8243;][et_pb_text admin_label=&#8221;%91contact-form-7 id=%2258%22 title=%22Acceder aux occasions%22%93&#8243; _builder_version=&#8221;3.9&#8243; header_2_font=&#8221;Lobster||||||||&#8221; header_2_text_color=&#8221;#00ddcf&#8221;]<\/p>\n<h2>Second-hand Power Plate Pro7<\/h2>\n<div role=\"form\" class=\"wpcf7\" id=\"wpcf7-f58-o1\" lang=\"fr-FR\" dir=\"ltr\">\n<div class=\"screen-reader-response\"><p role=\"status\" aria-live=\"polite\" aria-atomic=\"true\"><\/p> <ul><\/ul><\/div>\n<form action=\"\/en\/wp-json\/wp\/v2\/pages\/72#wpcf7-f58-o1\" method=\"post\" class=\"wpcf7-form init\" novalidate=\"novalidate\" data-status=\"init\">\n<div style=\"display: none;\">\n<input type=\"hidden\" name=\"_wpcf7\" value=\"58\" \/>\n<input type=\"hidden\" name=\"_wpcf7_version\" value=\"5.6.1\" \/>\n<input type=\"hidden\" name=\"_wpcf7_locale\" value=\"fr_FR\" \/>\n<input type=\"hidden\" name=\"_wpcf7_unit_tag\" value=\"wpcf7-f58-o1\" \/>\n<input type=\"hidden\" name=\"_wpcf7_container_post\" value=\"0\" \/>\n<input type=\"hidden\" name=\"_wpcf7_posted_data_hash\" value=\"\" \/>\n<\/div>\n<p><label> Nom*<br \/>\n    <span class=\"wpcf7-form-control-wrap\" data-name=\"your-name\"><input type=\"text\" name=\"your-name\" value=\"\" size=\"40\" class=\"wpcf7-form-control wpcf7-text wpcf7-validates-as-required\" aria-required=\"true\" aria-invalid=\"false\" \/><\/span> <\/label><\/p>\n<p><label> Pr\u00e9nom*<br \/>\n    <span class=\"wpcf7-form-control-wrap\" data-name=\"your-firstname\"><input type=\"text\" name=\"your-firstname\" value=\"\" size=\"40\" class=\"wpcf7-form-control wpcf7-text wpcf7-validates-as-required\" aria-required=\"true\" aria-invalid=\"false\" \/><\/span> <\/label><\/p>\n<p><label> Adresse Email*<br \/>\n    <span class=\"wpcf7-form-control-wrap\" data-name=\"your-email\"><input type=\"email\" name=\"your-email\" value=\"\" size=\"40\" class=\"wpcf7-form-control wpcf7-text wpcf7-email wpcf7-validates-as-required wpcf7-validates-as-email\" aria-required=\"true\" aria-invalid=\"false\" \/><\/span> <\/label><\/p>\n<p><label> T\u00e9l\u00e9phone*<br \/>\n    <span class=\"wpcf7-form-control-wrap\" data-name=\"Telephone\"><input type=\"tel\" name=\"Telephone\" value=\"\" size=\"40\" class=\"wpcf7-form-control wpcf7-text wpcf7-tel wpcf7-validates-as-required wpcf7-validates-as-tel\" aria-required=\"true\" aria-invalid=\"false\" \/><\/span> <\/label><\/p>\n<p><label> Code Postal*<br \/>\n    <span class=\"wpcf7-form-control-wrap\" data-name=\"code-postal\"><input type=\"text\" name=\"code-postal\" value=\"\" size=\"40\" class=\"wpcf7-form-control wpcf7-text wpcf7-validates-as-required\" aria-required=\"true\" aria-invalid=\"false\" \/><\/span> <\/label><\/p>\n<p><label> Votre Message<br \/>\n    <span class=\"wpcf7-form-control-wrap\" data-name=\"your-message\"><textarea name=\"your-message\" cols=\"40\" rows=\"10\" class=\"wpcf7-form-control wpcf7-textarea\" aria-invalid=\"false\"><\/textarea><\/span> <\/label><\/p>\n<p><span class=\"wpcf7-form-control-wrap\" data-name=\"checkbox-436\"><span class=\"wpcf7-form-control wpcf7-checkbox wpcf7-validates-as-required wpcf7-exclusive-checkbox\"><span class=\"wpcf7-list-item first last\"><input type=\"checkbox\" name=\"checkbox-436\" value=\"En cochant cette case, vous acceptez de recevoir nos offres sur les Power Plate occasions par mail.\" \/><span class=\"wpcf7-list-item-label\">En cochant cette case, vous acceptez de recevoir nos offres sur les Power Plate occasions par mail.<\/span><\/span><\/span><\/span><\/p>\n<p><input type=\"submit\" value=\"Acc\u00e9der aux occasions\" class=\"wpcf7-form-control has-spinner wpcf7-submit\" \/><\/p>\n<div class=\"wpcf7-response-output\" aria-hidden=\"true\"><\/div><\/form><\/div>\n<p>[\/et_pb_text][\/et_pb_column][et_pb_column type=&#8221;1_2&#8243;][et_pb_image admin_label=&#8221;Image pro5&#8243; src=&#8221;https:\/\/www.power-plate-occasion.com\/wp-content\/uploads\/2018\/08\/acheter-powerplate-pro5.jpg&#8221; _builder_version=&#8221;3.9&#8243; \/][\/et_pb_column][\/et_pb_row][\/et_pb_section]<\/p>\n","protected":false},"excerpt":{"rendered":"<p>&nbsp; Power Plate has developed a range of appliances for home use Second-hand Power Plate My3 It is a model fitted with the 35Hz frequency in High and Low Amplitude. It is fitted with a repeat button on the column to restart the exercises easily when you are in position for abdominals, push-ups etc. Second-hand [&hellip;]<\/p>\n","protected":false},"author":1,"featured_media":0,"parent":0,"menu_order":0,"comment_status":"closed","ping_status":"closed","template":"","meta":{"_et_pb_use_builder":"on","_et_pb_old_content":"","_et_gb_content_width":"","footnotes":""},"_links":{"self":[{"href":"https:\/\/www.power-plate-occasion.com\/en\/wp-json\/wp\/v2\/pages\/72"}],"collection":[{"href":"https:\/\/www.power-plate-occasion.com\/en\/wp-json\/wp\/v2\/pages"}],"about":[{"href":"https:\/\/www.power-plate-occasion.com\/en\/wp-json\/wp\/v2\/types\/page"}],"author":[{"embeddable":true,"href":"https:\/\/www.power-plate-occasion.com\/en\/wp-json\/wp\/v2\/users\/1"}],"replies":[{"embeddable":true,"href":"https:\/\/www.power-plate-occasion.com\/en\/wp-json\/wp\/v2\/comments?post=72"}],"version-history":[{"count":40,"href":"https:\/\/www.power-plate-occasion.com\/en\/wp-json\/wp\/v2\/pages\/72\/revisions"}],"predecessor-version":[{"id":1016,"href":"https:\/\/www.power-plate-occasion.com\/en\/wp-json\/wp\/v2\/pages\/72\/revisions\/1016"}],"wp:attachment":[{"href":"https:\/\/www.power-plate-occasion.com\/en\/wp-json\/wp\/v2\/media?parent=72"}],"curies":[{"name":"wp","href":"https:\/\/api.w.org\/{rel}","templated":true}]}}