{"id":80,"date":"2018-06-16T11:55:31","date_gmt":"2018-06-16T09:55:31","guid":{"rendered":"https:\/\/www.power-plate-occasion.com\/page-3\/"},"modified":"2018-08-13T21:12:35","modified_gmt":"2018-08-13T19:12:35","slug":"modeles-disponibles","status":"publish","type":"page","link":"https:\/\/www.power-plate-occasion.com\/en\/modeles-disponibles\/","title":{"rendered":"Mod\u00e8les disponibles"},"content":{"rendered":"<p>[et_pb_section bb_built=&#8221;1&#8243; fullwidth=&#8221;on&#8221; specialty=&#8221;off&#8221; next_background_color=&#8221;#000000&#8243;][et_pb_fullwidth_header _builder_version=&#8221;3.9&#8243; title=&#8221;Mod\u00e8les Disponibles&#8221; text_shadow_style=&#8221;preset3&#8243; title_font=&#8221;Lobster||||||||&#8221; background_color=&#8221;#7ebec5&#8243; background_image=&#8221;https:\/\/www.power-plate-occasion.com\/wp-content\/uploads\/2018\/07\/plateforme-power-plate-occasion.jpg&#8221; background_layout=&#8221;light&#8221; text_shadow_color=&#8221;rgba(255,255,255,0.4)&#8221; title_font_size=&#8221;20px&#8221; title_level=&#8221;h2&#8243; \/][\/et_pb_section][et_pb_section bb_built=&#8221;1&#8243; admin_label=&#8221;section&#8221; prev_background_color=&#8221;#000000&#8243;][et_pb_row][et_pb_column type=&#8221;1_3&#8243;][et_pb_blurb admin_label=&#8221;R\u00e9sum\u00e9 Power Plate My3 occasion&#8221; _builder_version=&#8221;3.9&#8243; title=&#8221;Power Plate My3 occasion&#8221; header_text_align=&#8221;center&#8221; body_text_align=&#8221;center&#8221; use_icon=&#8221;on&#8221; font_icon=&#8221;%%114%%&#8221; icon_color=&#8221;#333333&#8243; use_circle=&#8221;on&#8221; circle_color=&#8221;#00ddcf&#8221; header_font=&#8221;Lobster||||||||&#8221; header_level=&#8221;h2&#8243;]<\/p>\n<p>Garantie 6 mois extensible \u00e0 24 mois<\/p>\n<p>[\/et_pb_blurb][et_pb_image _builder_version=&#8221;3.9&#8243; src=&#8221;https:\/\/www.power-plate-occasion.com\/wp-content\/uploads\/2018\/07\/acheter-power-plate-my3-occasion.jpg&#8221; \/][\/et_pb_column][et_pb_column type=&#8221;1_3&#8243;][et_pb_blurb admin_label=&#8221;R\u00e9sum\u00e9 Power Plate My5 occasion&#8221; _builder_version=&#8221;3.9&#8243; title=&#8221;Power Plate My5 occasion&#8221; header_text_align=&#8221;center&#8221; body_text_align=&#8221;center&#8221; use_icon=&#8221;on&#8221; font_icon=&#8221;%%114%%&#8221; icon_color=&#8221;#333333&#8243; use_circle=&#8221;on&#8221; circle_color=&#8221;#00ddcf&#8221; header_font=&#8221;Lobster||||||||&#8221; header_level=&#8221;h2&#8243;]<\/p>\n<p>Garantie 6 mois extensible \u00e0 24 mois<\/p>\n<p>[\/et_pb_blurb][et_pb_image _builder_version=&#8221;3.9&#8243; src=&#8221;https:\/\/www.power-plate-occasion.com\/wp-content\/uploads\/2018\/07\/acheter-power-plate-my5-occasion.jpg&#8221; \/][\/et_pb_column][et_pb_column type=&#8221;1_3&#8243;][et_pb_blurb admin_label=&#8221;R\u00e9sum\u00e9 Power Plate compacte occasion&#8221; _builder_version=&#8221;3.9&#8243; title=&#8221;Power Plate compacte occasion&#8221; header_text_align=&#8221;center&#8221; body_text_align=&#8221;center&#8221; use_icon=&#8221;on&#8221; font_icon=&#8221;%%114%%&#8221; icon_color=&#8221;#333333&#8243; use_circle=&#8221;on&#8221; circle_color=&#8221;#00ddcf&#8221; header_font=&#8221;Lobster||||||||&#8221; header_level=&#8221;h2&#8243;]<\/p>\n<p>Garantie 6 mois extensible \u00e0 24 mois<\/p>\n<p>[\/et_pb_blurb][et_pb_image _builder_version=&#8221;3.9&#8243; src=&#8221;https:\/\/www.power-plate-occasion.com\/wp-content\/uploads\/2018\/07\/acheter-power-plate-compacte-occasion.jpg&#8221; \/][\/et_pb_column][\/et_pb_row][et_pb_row][et_pb_column type=&#8221;4_4&#8243;][et_pb_divider _builder_version=&#8221;3.9&#8243; color=&#8221;#00ddcf&#8221; height=&#8221;15px&#8221; \/][\/et_pb_column][\/et_pb_row][et_pb_row][et_pb_column type=&#8221;4_4&#8243;][et_pb_contact_form _builder_version=&#8221;3.9&#8243; title=&#8221;VOIR SI IDENTIQUE \u00e0 PRINCIPE + adresse&#8221;][et_pb_contact_field field_title=&#8221;Nom&#8221; field_type=&#8221;input&#8221; field_id=&#8221;Name&#8221; required_mark=&#8221;on&#8221; fullwidth_field=&#8221;off&#8221; \/][et_pb_contact_field field_title=&#8221;Adresse e-mail&#8221; field_type=&#8221;email&#8221; field_id=&#8221;Email&#8221; required_mark=&#8221;on&#8221; fullwidth_field=&#8221;off&#8221; \/][et_pb_contact_field field_title=&#8221;Message&#8221; field_type=&#8221;text&#8221; field_id=&#8221;Message&#8221; required_mark=&#8221;on&#8221; fullwidth_field=&#8221;on&#8221; \/][\/et_pb_contact_form][\/et_pb_column][\/et_pb_row][\/et_pb_section]<\/p>\n","protected":false},"excerpt":{"rendered":"<p><div class=\"et_pb_row et_pb_row_0 et_pb_row_empty\">\n\t\t\t\t\n\t\t\t\t\n\t\t\t\t\n\t\t\t\t\n\t\t\t\t\n\t\t\t<\/div> Garantie 6 mois extensible \u00e0 24 mois Garantie 6 mois extensible \u00e0 24 mois Garantie 6 mois extensible \u00e0 24 mois <div class=\"et_pb_row et_pb_row_1 et_pb_row_empty\">\n\t\t\t\t\n\t\t\t\t\n\t\t\t\t\n\t\t\t\t\n\t\t\t\t\n\t\t\t<\/div><div class=\"et_pb_row et_pb_row_2 et_pb_row_empty\">\n\t\t\t\t\n\t\t\t\t\n\t\t\t\t\n\t\t\t\t\n\t\t\t\t\n\t\t\t<\/div><\/p>\n","protected":false},"author":1,"featured_media":0,"parent":0,"menu_order":0,"comment_status":"closed","ping_status":"closed","template":"","meta":{"_et_pb_use_builder":"on","_et_pb_old_content":"","_et_gb_content_width":"","footnotes":""},"_links":{"self":[{"href":"https:\/\/www.power-plate-occasion.com\/en\/wp-json\/wp\/v2\/pages\/80"}],"collection":[{"href":"https:\/\/www.power-plate-occasion.com\/en\/wp-json\/wp\/v2\/pages"}],"about":[{"href":"https:\/\/www.power-plate-occasion.com\/en\/wp-json\/wp\/v2\/types\/page"}],"author":[{"embeddable":true,"href":"https:\/\/www.power-plate-occasion.com\/en\/wp-json\/wp\/v2\/users\/1"}],"replies":[{"embeddable":true,"href":"https:\/\/www.power-plate-occasion.com\/en\/wp-json\/wp\/v2\/comments?post=80"}],"version-history":[{"count":11,"href":"https:\/\/www.power-plate-occasion.com\/en\/wp-json\/wp\/v2\/pages\/80\/revisions"}],"predecessor-version":[{"id":637,"href":"https:\/\/www.power-plate-occasion.com\/en\/wp-json\/wp\/v2\/pages\/80\/revisions\/637"}],"wp:attachment":[{"href":"https:\/\/www.power-plate-occasion.com\/en\/wp-json\/wp\/v2\/media?parent=80"}],"curies":[{"name":"wp","href":"https:\/\/api.w.org\/{rel}","templated":true}]}}