{"id":880,"date":"2018-10-02T20:03:40","date_gmt":"2018-10-02T18:03:40","guid":{"rendered":"https:\/\/www.power-plate-occasion.com\/new\/"},"modified":"2019-01-21T14:51:17","modified_gmt":"2019-01-21T13:51:17","slug":"new","status":"publish","type":"page","link":"https:\/\/www.power-plate-occasion.com\/en\/new\/","title":{"rendered":"New!"},"content":{"rendered":"<p>[et_pb_section bb_built=&#8221;1&#8243; fullwidth=&#8221;on&#8221; specialty=&#8221;off&#8221; next_background_color=&#8221;#000000&#8243;][et_pb_fullwidth_header _builder_version=&#8221;3.9&#8243; title=&#8221;New!&#8221; subhead=&#8221;Discover the compact Power Plate which can be stowed anywhere&#8221; background_color=&#8221;#7ebec5&#8243; background_image=&#8221;https:\/\/www.power-plate-occasion.com\/wp-content\/uploads\/2018\/08\/nouvelle-power-plate-compacte-1.jpg&#8221; background_layout=&#8221;light&#8221; text_shadow_style=&#8221;preset3&#8243; text_shadow_color=&#8221;rgba(255,255,255,0.4)&#8221; title_font=&#8221;Lobster||||||||&#8221; title_font_size=&#8221;20px&#8221; \/][\/et_pb_section][et_pb_section bb_built=&#8221;1&#8243; admin_label=&#8221;section&#8221; prev_background_color=&#8221;#000000&#8243; next_background_color=&#8221;#000000&#8243;][et_pb_row][et_pb_column type=&#8221;1_2&#8243;][et_pb_text admin_label=&#8221;Texte : D\u00e9couvrez la Power Plate&#8221; _builder_version=&#8221;3.9&#8243; header_2_font=&#8221;Lobster||||||||&#8221; header_3_font=&#8221;Lobster Two||||||||&#8221;]<\/p>\n<h2>Discover the compact Power Plate which can be stowed anywhere<\/h2>\n<p>&nbsp;<\/p>\n<h3>Does it need a lot of space?<\/h3>\n<p>Even if everyone recognizes the efficiency of Power Plate, not necessarily everyone has the space to have one at home. The column is effectively a little cumbersome\u2026<\/p>\n<h3>Did you know?<\/h3>\n<p>Power Plate is an innovator with its latest  model: the Compact Power Plate.  Compact, since there is no column.  But its training plate (70x47cms) is larger than the My3.<\/p>\n<h3>Features and accessories<\/h3>\n<p>It has a remote control (as with the my5) for extra comfort during the exercises.  The vibrating plate is only 18cms high and weighs only 18 kilos, and can thus be stowed under the bed.  Or perhaps moved around (to train on the deck, for example).  It is delivered with a transport bag so you can take it anywhere.  It comes with the 35 hz frequency, with high and low amplitude.  It can also be programmed for the sequences from 30 to 60 seconds.<\/p>\n<p>[\/et_pb_text][et_pb_cta admin_label=&#8221;Appel d&#8217;action : acc\u00e9der&#8221; button_text=&#8221;Go to second-hand models available&#8221; use_border_color=&#8221;off&#8221; button_url=&#8221;https:\/\/www.power-plate-occasion.com\/en\/new\/#acceder&#8221; background_position=&#8221;top_left&#8221; background_repeat=&#8221;repeat&#8221; background_size=&#8221;initial&#8221; _builder_version=&#8221;3.12.2&#8243; header_font=&#8221;Lobster Two||||||||&#8221; custom_button=&#8221;on&#8221; button_text_color=&#8221;#00ddcf&#8221; header_text_color=&#8221;#333333&#8243; body_text_color=&#8221;#333333&#8243; background_layout=&#8221;light&#8221; header_text_align=&#8221;center&#8221; button_alignment=&#8221;center&#8221; background_color=&#8221;#ffffff&#8221; use_background_color=&#8221;off&#8221; header_level=&#8221;h3&#8243; header_font_size=&#8221;1&#8243; button_text_size=&#8221;16&#8243; button_text_shadow_vertical_length=&#8221;0.1em&#8221; button_text_shadow_blur_strength=&#8221;0.1em&#8221; box_shadow_style_button=&#8221;preset2&#8243; \/][\/et_pb_column][et_pb_column type=&#8221;1_2&#8243;][et_pb_image _builder_version=&#8221;3.9&#8243; src=&#8221;https:\/\/www.power-plate-occasion.com\/wp-content\/uploads\/2018\/07\/acheter-powerplate-compacte-2.jpg&#8221; \/][\/et_pb_column][\/et_pb_row][\/et_pb_section][et_pb_section bb_built=&#8221;1&#8243; fullwidth=&#8221;on&#8221; specialty=&#8221;off&#8221; prev_background_color=&#8221;#000000&#8243; next_background_color=&#8221;#000000&#8243;][et_pb_fullwidth_header admin_label=&#8221;En-t\u00eate : livr\u00e9e avec&#8221; _builder_version=&#8221;3.9&#8243; title=&#8221;The second-hand Compact Power Plate is delivered&#8221; text_orientation=&#8221;center&#8221; title_level=&#8221;h2&#8243; title_text_align=&#8221;center&#8221; content_text_align=&#8221;center&#8221; subhead_text_align=&#8221;center&#8221; subhead=&#8221;with a set of 2 straps, a mat for the platform, a remote control, instructions for use, a transport bag and an electrical supply wire.&#8221; background_layout=&#8221;light&#8221; text_shadow_horizontal_length=&#8221;0.08em&#8221; text_shadow_vertical_length=&#8221;0.08em&#8221; \/][\/et_pb_section][et_pb_section bb_built=&#8221;1&#8243; specialty=&#8221;off&#8221; prev_background_color=&#8221;#000000&#8243; _builder_version=&#8221;3.9&#8243; next_background_color=&#8221;#000000&#8243;][et_pb_row _builder_version=&#8221;3.9&#8243;][et_pb_column type=&#8221;4_4&#8243;][et_pb_text admin_label=&#8221;Caract\u00e9ristiques&#8221; _builder_version=&#8221;3.9&#8243; header_2_font=&#8221;Lobster||||||||&#8221;]<\/p>\n<h2 style=\"text-align: center;\">Features of the Compact Power Plate<\/h2>\n<p>[\/et_pb_text][\/et_pb_column][\/et_pb_row][et_pb_row _builder_version=&#8221;3.9&#8243;][et_pb_column type=&#8221;1_3&#8243;][et_pb_blurb admin_label=&#8221;R\u00e9sum\u00e9 Dimensions Machine&#8221; _builder_version=&#8221;3.9&#8243; title=&#8221;Machine dimensions&#8221; use_icon=&#8221;on&#8221; font_icon=&#8221;%%49%%&#8221; icon_placement=&#8221;left&#8221; use_icon_font_size=&#8221;on&#8221; icon_font_size=&#8221;20px&#8221; header_level=&#8221;h5&#8243; header_font=&#8221;||on||||||&#8221; header_font_size=&#8221;16&#8243; collapsed=&#8221;off&#8221;]<\/p>\n<p>(L x W x H): 70 cm x 47.5cm x 17cm<\/p>\n<p>[\/et_pb_blurb][et_pb_blurb admin_label=&#8221;R\u00e9sum\u00e9 Dimensions du plateau&#8221; _builder_version=&#8221;3.9&#8243; title=&#8221;Vibration plate dimensions&#8221; use_icon=&#8221;on&#8221; font_icon=&#8221;%%49%%&#8221; icon_placement=&#8221;left&#8221; use_icon_font_size=&#8221;on&#8221; icon_font_size=&#8221;20px&#8221; header_level=&#8221;h5&#8243; header_font=&#8221;||on||||||&#8221; header_font_size=&#8221;16&#8243;]<\/p>\n<p>(L x W) 70 cm x 47.5cm<\/p>\n<p>[\/et_pb_blurb][et_pb_blurb admin_label=&#8221;R\u00e9sum\u00e9 Poids de la machine&#8221; _builder_version=&#8221;3.9&#8243; title=&#8221;Weight of the machine&#8221; use_icon=&#8221;on&#8221; font_icon=&#8221;%%49%%&#8221; icon_placement=&#8221;left&#8221; use_icon_font_size=&#8221;on&#8221; icon_font_size=&#8221;20px&#8221; header_level=&#8221;h5&#8243; header_font=&#8221;||on||||||&#8221; header_font_size=&#8221;16&#8243;]<\/p>\n<p>18kg<\/p>\n<p>[\/et_pb_blurb][et_pb_blurb admin_label=&#8221;R\u00e9sum\u00e9 Charge maximale&#8221; _builder_version=&#8221;3.9&#8243; title=&#8221;Maximum allowable weight&#8221; use_icon=&#8221;on&#8221; font_icon=&#8221;%%49%%&#8221; icon_placement=&#8221;left&#8221; use_icon_font_size=&#8221;on&#8221; icon_font_size=&#8221;20px&#8221; header_level=&#8221;h5&#8243; header_font=&#8221;||on||||||&#8221; header_font_size=&#8221;16&#8243;]<\/p>\n<p>120kg<\/p>\n<p>[\/et_pb_blurb][et_pb_blurb admin_label=&#8221;R\u00e9sum\u00e9 Alimentation \u00e9lectrique&#8221; _builder_version=&#8221;3.9&#8243; title=&#8221;Electric power supply&#8221; use_icon=&#8221;on&#8221; font_icon=&#8221;%%49%%&#8221; icon_placement=&#8221;left&#8221; use_icon_font_size=&#8221;on&#8221; icon_font_size=&#8221;20px&#8221; header_level=&#8221;h5&#8243; header_font=&#8221;||on||||||&#8221; header_font_size=&#8221;16&#8243;]<\/p>\n<p>Power socket (normal)<\/p>\n<p>[\/et_pb_blurb][\/et_pb_column][et_pb_column type=&#8221;1_3&#8243;][et_pb_image admin_label=&#8221;Image compacte&#8221; _builder_version=&#8221;3.9&#8243; src=&#8221;https:\/\/www.power-plate-occasion.com\/wp-content\/uploads\/2018\/08\/personal-power-plate-compacte-2.jpg&#8221; module_alignment=&#8221;center&#8221; background_color=&#8221;#00ddcf&#8221; align=&#8221;center&#8221; box_shadow_style=&#8221;preset1&#8243; custom_padding=&#8221;8px|8px|8px|8px&#8221; box_shadow_blur=&#8221;10px&#8221; box_shadow_horizontal=&#8221;2px&#8221; box_shadow_spread=&#8221;2px&#8221; \/][\/et_pb_column][et_pb_column type=&#8221;1_3&#8243;][et_pb_blurb admin_label=&#8221;R\u00e9sum\u00e9 Programmable&#8221; _builder_version=&#8221;3.9&#8243; title=&#8221;Programmable&#8221; use_icon=&#8221;on&#8221; font_icon=&#8221;%%49%%&#8221; icon_placement=&#8221;left&#8221; use_icon_font_size=&#8221;on&#8221; icon_font_size=&#8221;20px&#8221; header_level=&#8221;h5&#8243; header_font=&#8221;||on||||||&#8221; header_font_size=&#8221;16&#8243;]<\/p>\n<p>30 \/ 60 seconds and +<\/p>\n<p>[\/et_pb_blurb][et_pb_blurb admin_label=&#8221;R\u00e9sum\u00e9 Fr\u00e9quences&#8221; _builder_version=&#8221;3.9&#8243; title=&#8221;Frequencies&#8221; use_icon=&#8221;on&#8221; font_icon=&#8221;%%49%%&#8221; icon_placement=&#8221;left&#8221; use_icon_font_size=&#8221;on&#8221; icon_font_size=&#8221;20px&#8221; header_level=&#8221;h5&#8243; header_font=&#8221;||on||||||&#8221; header_font_size=&#8221;16&#8243;]<\/p>\n<p>35 Hz<\/p>\n<p>[\/et_pb_blurb][et_pb_blurb admin_label=&#8221;R\u00e9sum\u00e9 Amplitudes&#8221; _builder_version=&#8221;3.9&#8243; title=&#8221;Amplitude&#8221; use_icon=&#8221;on&#8221; font_icon=&#8221;%%49%%&#8221; icon_placement=&#8221;left&#8221; use_icon_font_size=&#8221;on&#8221; icon_font_size=&#8221;20px&#8221; header_level=&#8221;h5&#8243; header_font=&#8221;||on||||||&#8221; header_font_size=&#8221;16&#8243;]<\/p>\n<p>Low \/ High<\/p>\n<p>[\/et_pb_blurb][et_pb_blurb admin_label=&#8221;Vibrations harmonieuses&#8221; _builder_version=&#8221;3.9&#8243; title=&#8221;Harmonious vibration&#8221; use_icon=&#8221;on&#8221; font_icon=&#8221;%%49%%&#8221; icon_placement=&#8221;left&#8221; use_icon_font_size=&#8221;on&#8221; icon_font_size=&#8221;20px&#8221; header_level=&#8221;h5&#8243; header_font=&#8221;||on||||||&#8221; header_font_size=&#8221;16&#8243;]<\/p>\n<p>Comes with Precision Wave Technology<\/p>\n<p>[\/et_pb_blurb][\/et_pb_column][\/et_pb_row][\/et_pb_section][et_pb_section bb_built=&#8221;1&#8243; fullwidth=&#8221;on&#8221; specialty=&#8221;off&#8221; prev_background_color=&#8221;#000000&#8243; next_background_color=&#8221;#000000&#8243;][et_pb_fullwidth_header admin_label=&#8221;En-t\u00eate : Ce que l&#8217;on peut faire avec la Compacte&#8221; _builder_version=&#8221;3.9&#8243; title=&#8221;What can be done with the Compact&#8221; background_color=&#8221;#171717&#8243; text_orientation=&#8221;center&#8221; text_shadow_style=&#8221;preset5&#8243; title_level=&#8221;h2&#8243; \/][\/et_pb_section][et_pb_section bb_built=&#8221;1&#8243; fullwidth=&#8221;off&#8221; specialty=&#8221;off&#8221; prev_background_color=&#8221;#000000&#8243; next_background_color=&#8221;#171717&#8243;][et_pb_row _builder_version=&#8221;3.9&#8243;][et_pb_column type=&#8221;4_4&#8243;][et_pb_image admin_label=&#8221;Image abdos d\u00e9tour\u00e9s&#8221; _builder_version=&#8221;3.9&#8243; src=&#8221;https:\/\/www.power-plate-occasion.com\/wp-content\/uploads\/2018\/08\/powerplate-compacte-abdominaux.png&#8221; align=&#8221;center&#8221; \/][\/et_pb_column][\/et_pb_row][et_pb_row][et_pb_column type=&#8221;1_4&#8243;][et_pb_image admin_label=&#8221;Image homme sangles&#8221; _builder_version=&#8221;3.9&#8243; src=&#8221;https:\/\/www.power-plate-occasion.com\/wp-content\/uploads\/2018\/08\/power-plate-perso-sport.jpg&#8221; align=&#8221;center&#8221; box_shadow_style=&#8221;preset1&#8243; \/][\/et_pb_column][et_pb_column type=&#8221;1_2&#8243;][et_pb_image admin_label=&#8221;Image planche lat\u00e9rale&#8221; _builder_version=&#8221;3.9&#8243; src=&#8221;https:\/\/www.power-plate-occasion.com\/wp-content\/uploads\/2018\/08\/power-plate-compacte-gainage.jpg&#8221; align=&#8221;center&#8221; box_shadow_style=&#8221;preset1&#8243; \/][\/et_pb_column][et_pb_column type=&#8221;1_4&#8243;][et_pb_image admin_label=&#8221;Image bras poids&#8221; _builder_version=&#8221;3.9&#8243; src=&#8221;https:\/\/www.power-plate-occasion.com\/wp-content\/uploads\/2018\/08\/power-plate-personnelle-musculation.jpg&#8221; align=&#8221;center&#8221; box_shadow_style=&#8221;preset1&#8243; \/][\/et_pb_column][\/et_pb_row][et_pb_row][et_pb_column type=&#8221;1_2&#8243;][et_pb_video _builder_version=&#8221;3.9&#8243; src=&#8221;https:\/\/youtu.be\/lBtAJH2iKAU&#8221; box_shadow_style=&#8221;preset1&#8243; \/][\/et_pb_column][et_pb_column type=&#8221;1_2&#8243;][et_pb_video _builder_version=&#8221;3.9&#8243; src=&#8221;https:\/\/youtu.be\/Y5aEIbT39FI&#8221; box_shadow_style=&#8221;preset1&#8243; \/][\/et_pb_column][\/et_pb_row][et_pb_row][et_pb_column type=&#8221;1_3&#8243;][et_pb_image admin_label=&#8221;Image sacoche&#8221; _builder_version=&#8221;3.9&#8243; src=&#8221;https:\/\/www.power-plate-occasion.com\/wp-content\/uploads\/2018\/08\/poerplate-compacte-sacoche.jpg&#8221; align=&#8221;center&#8221; box_shadow_style=&#8221;preset1&#8243; \/][\/et_pb_column][et_pb_column type=&#8221;1_3&#8243;][et_pb_image admin_label=&#8221;Image Jay Glazer&#8221; _builder_version=&#8221;3.9&#8243; src=&#8221;https:\/\/www.power-plate-occasion.com\/wp-content\/uploads\/2018\/08\/Jay-Glazer.jpg&#8221; align=&#8221;center&#8221; box_shadow_style=&#8221;preset1&#8243; \/][\/et_pb_column][et_pb_column type=&#8221;1_3&#8243;][et_pb_image _builder_version=&#8221;3.9&#8243; src=&#8221;https:\/\/www.power-plate-occasion.com\/wp-content\/uploads\/2018\/08\/power-plate-mobilite-senior.jpg&#8221; align=&#8221;center&#8221; box_shadow_style=&#8221;preset1&#8243; \/][\/et_pb_column][\/et_pb_row][\/et_pb_section][et_pb_section bb_built=&#8221;1&#8243; _builder_version=&#8221;3.9&#8243; background_color=&#8221;#171717&#8243; prev_background_color=&#8221;#ffffff&#8221; module_id=&#8221;acceder&#8221;][et_pb_row _builder_version=&#8221;3.9&#8243; background_size=&#8221;initial&#8221; background_position=&#8221;top_left&#8221; background_repeat=&#8221;repeat&#8221;][et_pb_column type=&#8221;1_2&#8243;][et_pb_text admin_label=&#8221;%91contact-form-7 id=%2258%22 title=%22Acceder aux occasions%22%93&#8243; _builder_version=&#8221;3.9&#8243; header_2_font=&#8221;Lobster||||||||&#8221; header_2_text_color=&#8221;#00ddcf&#8221;]<\/p>\n<h2>Go to second-hand models<\/h2>\n<div role=\"form\" class=\"wpcf7\" id=\"wpcf7-f58-o1\" lang=\"fr-FR\" dir=\"ltr\">\n<div class=\"screen-reader-response\"><p role=\"status\" aria-live=\"polite\" aria-atomic=\"true\"><\/p> <ul><\/ul><\/div>\n<form action=\"\/en\/wp-json\/wp\/v2\/pages\/880#wpcf7-f58-o1\" method=\"post\" class=\"wpcf7-form init\" novalidate=\"novalidate\" data-status=\"init\">\n<div style=\"display: none;\">\n<input type=\"hidden\" name=\"_wpcf7\" value=\"58\" \/>\n<input type=\"hidden\" name=\"_wpcf7_version\" value=\"5.6.1\" \/>\n<input type=\"hidden\" name=\"_wpcf7_locale\" value=\"fr_FR\" \/>\n<input type=\"hidden\" name=\"_wpcf7_unit_tag\" value=\"wpcf7-f58-o1\" \/>\n<input type=\"hidden\" name=\"_wpcf7_container_post\" value=\"0\" \/>\n<input type=\"hidden\" name=\"_wpcf7_posted_data_hash\" value=\"\" \/>\n<\/div>\n<p><label> Nom*<br \/>\n    <span class=\"wpcf7-form-control-wrap\" data-name=\"your-name\"><input type=\"text\" name=\"your-name\" value=\"\" size=\"40\" class=\"wpcf7-form-control wpcf7-text wpcf7-validates-as-required\" aria-required=\"true\" aria-invalid=\"false\" \/><\/span> <\/label><\/p>\n<p><label> Pr\u00e9nom*<br \/>\n    <span class=\"wpcf7-form-control-wrap\" data-name=\"your-firstname\"><input type=\"text\" name=\"your-firstname\" value=\"\" size=\"40\" class=\"wpcf7-form-control wpcf7-text wpcf7-validates-as-required\" aria-required=\"true\" aria-invalid=\"false\" \/><\/span> <\/label><\/p>\n<p><label> Adresse Email*<br \/>\n    <span class=\"wpcf7-form-control-wrap\" data-name=\"your-email\"><input type=\"email\" name=\"your-email\" value=\"\" size=\"40\" class=\"wpcf7-form-control wpcf7-text wpcf7-email wpcf7-validates-as-required wpcf7-validates-as-email\" aria-required=\"true\" aria-invalid=\"false\" \/><\/span> <\/label><\/p>\n<p><label> T\u00e9l\u00e9phone*<br \/>\n    <span class=\"wpcf7-form-control-wrap\" data-name=\"Telephone\"><input type=\"tel\" name=\"Telephone\" value=\"\" size=\"40\" class=\"wpcf7-form-control wpcf7-text wpcf7-tel wpcf7-validates-as-required wpcf7-validates-as-tel\" aria-required=\"true\" aria-invalid=\"false\" \/><\/span> <\/label><\/p>\n<p><label> Code Postal*<br \/>\n    <span class=\"wpcf7-form-control-wrap\" data-name=\"code-postal\"><input type=\"text\" name=\"code-postal\" value=\"\" size=\"40\" class=\"wpcf7-form-control wpcf7-text wpcf7-validates-as-required\" aria-required=\"true\" aria-invalid=\"false\" \/><\/span> <\/label><\/p>\n<p><label> Votre Message<br \/>\n    <span class=\"wpcf7-form-control-wrap\" data-name=\"your-message\"><textarea name=\"your-message\" cols=\"40\" rows=\"10\" class=\"wpcf7-form-control wpcf7-textarea\" aria-invalid=\"false\"><\/textarea><\/span> <\/label><\/p>\n<p><span class=\"wpcf7-form-control-wrap\" data-name=\"checkbox-436\"><span class=\"wpcf7-form-control wpcf7-checkbox wpcf7-validates-as-required wpcf7-exclusive-checkbox\"><span class=\"wpcf7-list-item first last\"><input type=\"checkbox\" name=\"checkbox-436\" value=\"En cochant cette case, vous acceptez de recevoir nos offres sur les Power Plate occasions par mail.\" \/><span class=\"wpcf7-list-item-label\">En cochant cette case, vous acceptez de recevoir nos offres sur les Power Plate occasions par mail.<\/span><\/span><\/span><\/span><\/p>\n<p><input type=\"submit\" value=\"Acc\u00e9der aux occasions\" class=\"wpcf7-form-control has-spinner wpcf7-submit\" \/><\/p>\n<div class=\"wpcf7-response-output\" aria-hidden=\"true\"><\/div><\/form><\/div>\n<p>[\/et_pb_text][\/et_pb_column][et_pb_column type=&#8221;1_2&#8243;][et_pb_image admin_label=&#8221;Image pro5&#8243; src=&#8221;https:\/\/www.power-plate-occasion.com\/wp-content\/uploads\/2018\/08\/acheter-powerplate-pro5.jpg&#8221; _builder_version=&#8221;3.9&#8243; \/][\/et_pb_column][\/et_pb_row][\/et_pb_section]<\/p>\n","protected":false},"excerpt":{"rendered":"<p><div class=\"et_pb_row et_pb_row_0 et_pb_row_empty\">\n\t\t\t\t\n\t\t\t\t\n\t\t\t\t\n\t\t\t\t\n\t\t\t\t\n\t\t\t<\/div> Discover the compact Power Plate which can be stowed anywhere &nbsp; Does it need a lot of space? Even if everyone recognizes the efficiency of Power Plate, not necessarily everyone has the space to have one at home. The column is effectively a little cumbersome\u2026 Did you know? Power Plate is an innovator with [&hellip;]<\/p>\n","protected":false},"author":1,"featured_media":0,"parent":0,"menu_order":0,"comment_status":"closed","ping_status":"closed","template":"","meta":{"_et_pb_use_builder":"on","_et_pb_old_content":"","_et_gb_content_width":"","footnotes":""},"_links":{"self":[{"href":"https:\/\/www.power-plate-occasion.com\/en\/wp-json\/wp\/v2\/pages\/880"}],"collection":[{"href":"https:\/\/www.power-plate-occasion.com\/en\/wp-json\/wp\/v2\/pages"}],"about":[{"href":"https:\/\/www.power-plate-occasion.com\/en\/wp-json\/wp\/v2\/types\/page"}],"author":[{"embeddable":true,"href":"https:\/\/www.power-plate-occasion.com\/en\/wp-json\/wp\/v2\/users\/1"}],"replies":[{"embeddable":true,"href":"https:\/\/www.power-plate-occasion.com\/en\/wp-json\/wp\/v2\/comments?post=880"}],"version-history":[{"count":9,"href":"https:\/\/www.power-plate-occasion.com\/en\/wp-json\/wp\/v2\/pages\/880\/revisions"}],"predecessor-version":[{"id":1031,"href":"https:\/\/www.power-plate-occasion.com\/en\/wp-json\/wp\/v2\/pages\/880\/revisions\/1031"}],"wp:attachment":[{"href":"https:\/\/www.power-plate-occasion.com\/en\/wp-json\/wp\/v2\/media?parent=880"}],"curies":[{"name":"wp","href":"https:\/\/api.w.org\/{rel}","templated":true}]}}