{"id":1028,"date":"2019-01-21T14:51:13","date_gmt":"2019-01-21T13:51:13","guid":{"rendered":"https:\/\/www.power-plate-occasion.com\/novedad\/"},"modified":"2019-01-21T14:56:02","modified_gmt":"2019-01-21T13:56:02","slug":"novedad","status":"publish","type":"page","link":"https:\/\/www.power-plate-occasion.com\/es\/novedad\/","title":{"rendered":"Novedad"},"content":{"rendered":"<p>[et_pb_section bb_built=\u00bb1&#8243; fullwidth=\u00bbon\u00bb specialty=\u00bboff\u00bb next_background_color=\u00bb#000000&#8243;][et_pb_fullwidth_header _builder_version=\u00bb3.9&#8243; title=\u00bbNovedad !\u00bb subhead=\u00bbDescubra el Power Plate que cabe en cualquier lugar\u00bb background_color=\u00bb#7ebec5&#8243; background_image=\u00bbhttps:\/\/www.power-plate-occasion.com\/wp-content\/uploads\/2018\/08\/nouvelle-power-plate-compacte-1.jpg\u00bb background_layout=\u00bblight\u00bb text_shadow_style=\u00bbpreset3&#8243; text_shadow_color=\u00bbrgba(255,255,255,0.4)\u00bb title_font=\u00bbLobster||||||||\u00bb title_font_size=\u00bb20px\u00bb \/][\/et_pb_section][et_pb_section bb_built=\u00bb1&#8243; admin_label=\u00bbsection\u00bb prev_background_color=\u00bb#000000&#8243; next_background_color=\u00bb#000000&#8243;][et_pb_row][et_pb_column type=\u00bb1_2&#8243;][et_pb_text admin_label=\u00bbTexte : D\u00e9couvrez la Power Plate\u00bb _builder_version=\u00bb3.9&#8243; header_2_font=\u00bbLobster||||||||\u00bb header_3_font=\u00bbLobster Two||||||||\u00bb]<\/p>\n<h2>Descubra el Power Plate que cabe en cualquier lugar<\/h2>\n<p>&nbsp;<\/p>\n<h3>Se requiere mucho espacio?<\/h3>\n<p>Si todos est\u00e1n de acuerdo en reconocer la efectividad del Power Plate. No todos tienen el espacio para tener uno en casa. De hecho, la columna puede ser voluminosa&#8230;<\/p>\n<h3>Lo sab\u00eda Usted?<\/h3>\n<p>Power Plate innov\u00f3 con su \u00faltimo modelo: el Power Plate compacto. Compacto por el no tener columna. Pero su plataforma de entrenamiento (70x47cm) es de tama\u00f1o mayor que la de un My3.<\/p>\n<h3>Caracter\u00edsticas y accesorios<\/h3>\n<p>Tambi\u00e9n tiene un control remoto (como el my5) para mayor comodidad durante los ejercicios. La plataforma vibratoria mide s\u00f3lo 18 cm de alto y pesa solo 18 kilos, por lo que cabe f\u00e1cilmente debajo de la cama. O se puede mover (para entrenar en su terraza por ejemplo). Viene con un estuche de transporte, por lo que podr\u00eda llevarlo a todas partes con usted. Tiene una frecuencia de 35 Hz, con amplitud alta y baja. Tambi\u00e9n se puede programar para secuencias de 30 o 60 segundos.<\/p>\n<p>[\/et_pb_text][et_pb_cta admin_label=\u00bbAppel d&#8217;action : acc\u00e9der\u00bb button_text=\u00bbAcceder a las oportunidades disponibles.\u00bb use_border_color=\u00bboff\u00bb button_url=\u00bbhttps:\/\/www.power-plate-occasion.com\/es\/novedad\/#acceso\u00bb background_position=\u00bbtop_left\u00bb background_repeat=\u00bbrepeat\u00bb background_size=\u00bbinitial\u00bb _builder_version=\u00bb3.15&#8243; header_font=\u00bbLobster Two||||||||\u00bb custom_button=\u00bbon\u00bb button_text_color=\u00bb#00ddcf\u00bb header_text_color=\u00bb#333333&#8243; body_text_color=\u00bb#333333&#8243; background_layout=\u00bblight\u00bb header_text_align=\u00bbcenter\u00bb button_alignment=\u00bbcenter\u00bb background_color=\u00bb#ffffff\u00bb use_background_color=\u00bboff\u00bb header_level=\u00bbh3&#8243; header_font_size=\u00bb1&#8243; button_text_size=\u00bb16&#8243; button_text_shadow_vertical_length=\u00bb0.1em\u00bb button_text_shadow_blur_strength=\u00bb0.1em\u00bb box_shadow_style_button=\u00bbpreset2&#8243; \/][\/et_pb_column][et_pb_column type=\u00bb1_2&#8243;][et_pb_image _builder_version=\u00bb3.9&#8243; src=\u00bbhttps:\/\/www.power-plate-occasion.com\/wp-content\/uploads\/2018\/07\/acheter-powerplate-compacte-2.jpg\u00bb \/][\/et_pb_column][\/et_pb_row][\/et_pb_section][et_pb_section bb_built=\u00bb1&#8243; fullwidth=\u00bbon\u00bb specialty=\u00bboff\u00bb prev_background_color=\u00bb#000000&#8243; next_background_color=\u00bb#000000&#8243;][et_pb_fullwidth_header admin_label=\u00bbEn-t\u00eate : livr\u00e9e avec\u00bb _builder_version=\u00bb3.9&#8243; title=\u00bbSe entrega el Power Plate Compact usado\u00bb text_orientation=\u00bbcenter\u00bb title_level=\u00bbh2&#8243; title_text_align=\u00bbcenter\u00bb content_text_align=\u00bbcenter\u00bb subhead_text_align=\u00bbcenter\u00bb subhead=\u00bbCon un juego de 2 correas, un colch\u00f3n para la plataforma, un control remoto, instrucciones de uso, un estuche y un cable de alimentaci\u00f3n.\u00bb background_layout=\u00bblight\u00bb text_shadow_horizontal_length=\u00bb0.08em\u00bb text_shadow_vertical_length=\u00bb0.08em\u00bb \/][\/et_pb_section][et_pb_section bb_built=\u00bb1&#8243; specialty=\u00bboff\u00bb prev_background_color=\u00bb#000000&#8243; _builder_version=\u00bb3.9&#8243; next_background_color=\u00bb#000000&#8243;][et_pb_row _builder_version=\u00bb3.9&#8243;][et_pb_column type=\u00bb4_4&#8243;][et_pb_text admin_label=\u00bbCaract\u00e9ristiques\u00bb _builder_version=\u00bb3.9&#8243; header_2_font=\u00bbLobster||||||||\u00bb]<\/p>\n<h2 style=\"text-align: center;\">Las caracter\u00edsticas t\u00e9cnicas<\/h2>\n<p>[\/et_pb_text][\/et_pb_column][\/et_pb_row][et_pb_row _builder_version=\u00bb3.9&#8243;][et_pb_column type=\u00bb1_3&#8243;][et_pb_blurb admin_label=\u00bbR\u00e9sum\u00e9 Dimensions Machine\u00bb _builder_version=\u00bb3.9&#8243; title=\u00bbDimensiones de la m\u00e1quina\u00bb use_icon=\u00bbon\u00bb font_icon=\u00bb%%49%%\u00bb icon_placement=\u00bbleft\u00bb use_icon_font_size=\u00bbon\u00bb icon_font_size=\u00bb20px\u00bb header_level=\u00bbh5&#8243; header_font=\u00bb||on||||||\u00bb header_font_size=\u00bb16&#8243; collapsed=\u00bboff\u00bb]<\/p>\n<p>(Largo x Ancho x Alto) : 70 cm x 47.5 cm x 17 cm<\/p>\n<p>[\/et_pb_blurb][et_pb_blurb admin_label=\u00bbR\u00e9sum\u00e9 Dimensions du plateau\u00bb _builder_version=\u00bb3.9&#8243; title=\u00bbDimensi\u00f3n de la plataforma\u00bb use_icon=\u00bbon\u00bb font_icon=\u00bb%%49%%\u00bb icon_placement=\u00bbleft\u00bb use_icon_font_size=\u00bbon\u00bb icon_font_size=\u00bb20px\u00bb header_level=\u00bbh5&#8243; header_font=\u00bb||on||||||\u00bb header_font_size=\u00bb16&#8243;]<\/p>\n<p>(L x A) : 70 cm x 47,5 cm<\/p>\n<p>[\/et_pb_blurb][et_pb_blurb admin_label=\u00bbR\u00e9sum\u00e9 Poids de la machine\u00bb _builder_version=\u00bb3.9&#8243; title=\u00bbPeso de la m\u00e1quina\u00bb use_icon=\u00bbon\u00bb font_icon=\u00bb%%49%%\u00bb icon_placement=\u00bbleft\u00bb use_icon_font_size=\u00bbon\u00bb icon_font_size=\u00bb20px\u00bb header_level=\u00bbh5&#8243; header_font=\u00bb||on||||||\u00bb header_font_size=\u00bb16&#8243;]<\/p>\n<p>18kg<\/p>\n<p>[\/et_pb_blurb][et_pb_blurb admin_label=\u00bbR\u00e9sum\u00e9 Charge maximale\u00bb _builder_version=\u00bb3.9&#8243; title=\u00bbCarga m\u00e1xima autorizada\u00bb use_icon=\u00bbon\u00bb font_icon=\u00bb%%49%%\u00bb icon_placement=\u00bbleft\u00bb use_icon_font_size=\u00bbon\u00bb icon_font_size=\u00bb20px\u00bb header_level=\u00bbh5&#8243; header_font=\u00bb||on||||||\u00bb header_font_size=\u00bb16&#8243;]<\/p>\n<p>120kg<\/p>\n<p>[\/et_pb_blurb][et_pb_blurb admin_label=\u00bbR\u00e9sum\u00e9 Alimentation \u00e9lectrique\u00bb _builder_version=\u00bb3.9&#8243; title=\u00bbAlimentaci\u00f3n el\u00e9ctrica\u00bb use_icon=\u00bbon\u00bb font_icon=\u00bb%%49%%\u00bb icon_placement=\u00bbleft\u00bb use_icon_font_size=\u00bbon\u00bb icon_font_size=\u00bb20px\u00bb header_level=\u00bbh5&#8243; header_font=\u00bb||on||||||\u00bb header_font_size=\u00bb16&#8243;]<\/p>\n<p>Conexi\u00f3n corriente dom\u00e9stica (normal)<\/p>\n<p>[\/et_pb_blurb][\/et_pb_column][et_pb_column type=\u00bb1_3&#8243;][et_pb_image admin_label=\u00bbImage compacte\u00bb _builder_version=\u00bb3.9&#8243; src=\u00bbhttps:\/\/www.power-plate-occasion.com\/wp-content\/uploads\/2018\/08\/personal-power-plate-compacte-2.jpg\u00bb module_alignment=\u00bbcenter\u00bb background_color=\u00bb#00ddcf\u00bb align=\u00bbcenter\u00bb box_shadow_style=\u00bbpreset1&#8243; custom_padding=\u00bb8px|8px|8px|8px\u00bb box_shadow_blur=\u00bb10px\u00bb box_shadow_horizontal=\u00bb2px\u00bb box_shadow_spread=\u00bb2px\u00bb \/][\/et_pb_column][et_pb_column type=\u00bb1_3&#8243;][et_pb_blurb admin_label=\u00bbR\u00e9sum\u00e9 Programmable\u00bb _builder_version=\u00bb3.9&#8243; title=\u00bbProgramable\u00bb use_icon=\u00bbon\u00bb font_icon=\u00bb%%49%%\u00bb icon_placement=\u00bbleft\u00bb use_icon_font_size=\u00bbon\u00bb icon_font_size=\u00bb20px\u00bb header_level=\u00bbh5&#8243; header_font=\u00bb||on||||||\u00bb header_font_size=\u00bb16&#8243;]<\/p>\n<p>30 \/ 60 segundos y +<\/p>\n<p>[\/et_pb_blurb][et_pb_blurb admin_label=\u00bbR\u00e9sum\u00e9 Fr\u00e9quences\u00bb _builder_version=\u00bb3.9&#8243; title=\u00bbFrecuencia\u00bb use_icon=\u00bbon\u00bb font_icon=\u00bb%%49%%\u00bb icon_placement=\u00bbleft\u00bb use_icon_font_size=\u00bbon\u00bb icon_font_size=\u00bb20px\u00bb header_level=\u00bbh5&#8243; header_font=\u00bb||on||||||\u00bb header_font_size=\u00bb16&#8243;]<\/p>\n<p>35 Hz<\/p>\n<p>[\/et_pb_blurb][et_pb_blurb admin_label=\u00bbR\u00e9sum\u00e9 Amplitudes\u00bb _builder_version=\u00bb3.9&#8243; title=\u00bbAmplitudes\u00bb use_icon=\u00bbon\u00bb font_icon=\u00bb%%49%%\u00bb icon_placement=\u00bbleft\u00bb use_icon_font_size=\u00bbon\u00bb icon_font_size=\u00bb20px\u00bb header_level=\u00bbh5&#8243; header_font=\u00bb||on||||||\u00bb header_font_size=\u00bb16&#8243;]<\/p>\n<p>Low \/ High  (baja \/ alta)<\/p>\n<p>[\/et_pb_blurb][et_pb_blurb admin_label=\u00bbVibrations harmonieuses\u00bb _builder_version=\u00bb3.9&#8243; title=\u00bbVibraciones armoniosas\u00bb use_icon=\u00bbon\u00bb font_icon=\u00bb%%49%%\u00bb icon_placement=\u00bbleft\u00bb use_icon_font_size=\u00bbon\u00bb icon_font_size=\u00bb20px\u00bb header_level=\u00bbh5&#8243; header_font=\u00bb||on||||||\u00bb header_font_size=\u00bb16&#8243;]<\/p>\n<p>Integra la tecnolog\u00eda PrecisionWave\u2122 Technology<\/p>\n<p>[\/et_pb_blurb][\/et_pb_column][\/et_pb_row][\/et_pb_section][et_pb_section bb_built=\u00bb1&#8243; fullwidth=\u00bbon\u00bb specialty=\u00bboff\u00bb prev_background_color=\u00bb#000000&#8243; next_background_color=\u00bb#000000&#8243;][et_pb_fullwidth_header admin_label=\u00bbEn-t\u00eate : Ce que l&#8217;on peut faire avec la Compacte\u00bb _builder_version=\u00bb3.9&#8243; title=\u00bbLo que se puede hacer con el compacto\u00bb background_color=\u00bb#171717&#8243; text_orientation=\u00bbcenter\u00bb text_shadow_style=\u00bbpreset5&#8243; title_level=\u00bbh2&#8243; \/][\/et_pb_section][et_pb_section bb_built=\u00bb1&#8243; fullwidth=\u00bboff\u00bb specialty=\u00bboff\u00bb prev_background_color=\u00bb#000000&#8243; next_background_color=\u00bb#171717&#8243;][et_pb_row _builder_version=\u00bb3.9&#8243;][et_pb_column type=\u00bb4_4&#8243;][et_pb_image admin_label=\u00bbImage abdos d\u00e9tour\u00e9s\u00bb _builder_version=\u00bb3.9&#8243; src=\u00bbhttps:\/\/www.power-plate-occasion.com\/wp-content\/uploads\/2018\/08\/powerplate-compacte-abdominaux.png\u00bb align=\u00bbcenter\u00bb \/][\/et_pb_column][\/et_pb_row][et_pb_row][et_pb_column type=\u00bb1_4&#8243;][et_pb_image admin_label=\u00bbImage homme sangles\u00bb _builder_version=\u00bb3.9&#8243; src=\u00bbhttps:\/\/www.power-plate-occasion.com\/wp-content\/uploads\/2018\/08\/power-plate-perso-sport.jpg\u00bb align=\u00bbcenter\u00bb box_shadow_style=\u00bbpreset1&#8243; \/][\/et_pb_column][et_pb_column type=\u00bb1_2&#8243;][et_pb_image admin_label=\u00bbImage planche lat\u00e9rale\u00bb _builder_version=\u00bb3.9&#8243; src=\u00bbhttps:\/\/www.power-plate-occasion.com\/wp-content\/uploads\/2018\/08\/power-plate-compacte-gainage.jpg\u00bb align=\u00bbcenter\u00bb box_shadow_style=\u00bbpreset1&#8243; \/][\/et_pb_column][et_pb_column type=\u00bb1_4&#8243;][et_pb_image admin_label=\u00bbImage bras poids\u00bb _builder_version=\u00bb3.9&#8243; src=\u00bbhttps:\/\/www.power-plate-occasion.com\/wp-content\/uploads\/2018\/08\/power-plate-personnelle-musculation.jpg\u00bb align=\u00bbcenter\u00bb box_shadow_style=\u00bbpreset1&#8243; \/][\/et_pb_column][\/et_pb_row][et_pb_row][et_pb_column type=\u00bb1_2&#8243;][et_pb_video _builder_version=\u00bb3.9&#8243; src=\u00bbhttps:\/\/youtu.be\/lBtAJH2iKAU\u00bb box_shadow_style=\u00bbpreset1&#8243; \/][\/et_pb_column][et_pb_column type=\u00bb1_2&#8243;][et_pb_video _builder_version=\u00bb3.9&#8243; src=\u00bbhttps:\/\/youtu.be\/Y5aEIbT39FI\u00bb box_shadow_style=\u00bbpreset1&#8243; \/][\/et_pb_column][\/et_pb_row][et_pb_row][et_pb_column type=\u00bb1_3&#8243;][et_pb_image admin_label=\u00bbImage sacoche\u00bb _builder_version=\u00bb3.9&#8243; src=\u00bbhttps:\/\/www.power-plate-occasion.com\/wp-content\/uploads\/2018\/08\/poerplate-compacte-sacoche.jpg\u00bb align=\u00bbcenter\u00bb box_shadow_style=\u00bbpreset1&#8243; \/][\/et_pb_column][et_pb_column type=\u00bb1_3&#8243;][et_pb_image admin_label=\u00bbImage Jay Glazer\u00bb _builder_version=\u00bb3.9&#8243; src=\u00bbhttps:\/\/www.power-plate-occasion.com\/wp-content\/uploads\/2018\/08\/Jay-Glazer.jpg\u00bb align=\u00bbcenter\u00bb box_shadow_style=\u00bbpreset1&#8243; \/][\/et_pb_column][et_pb_column type=\u00bb1_3&#8243;][et_pb_image _builder_version=\u00bb3.9&#8243; src=\u00bbhttps:\/\/www.power-plate-occasion.com\/wp-content\/uploads\/2018\/08\/power-plate-mobilite-senior.jpg\u00bb align=\u00bbcenter\u00bb box_shadow_style=\u00bbpreset1&#8243; \/][\/et_pb_column][\/et_pb_row][\/et_pb_section][et_pb_section bb_built=\u00bb1&#8243; _builder_version=\u00bb3.15&#8243; background_color=\u00bb#171717&#8243; prev_background_color=\u00bb#ffffff\u00bb module_id=\u00bbacceso\u00bb][et_pb_row _builder_version=\u00bb3.9&#8243; background_size=\u00bbinitial\u00bb background_position=\u00bbtop_left\u00bb background_repeat=\u00bbrepeat\u00bb][et_pb_column type=\u00bb1_2&#8243;][et_pb_text admin_label=\u00bb%91contact-form-7 id=%2258%22 title=%22Acceder aux occasions%22%93&#8243; _builder_version=\u00bb3.9&#8243; header_2_font=\u00bbLobster||||||||\u00bb header_2_text_color=\u00bb#00ddcf\u00bb]<\/p>\n<h2>Acceso a las ofertas de usados<\/h2>\n<div role=\"form\" class=\"wpcf7\" id=\"wpcf7-f992-o1\" lang=\"fr-FR\" dir=\"ltr\">\n<div class=\"screen-reader-response\"><p role=\"status\" aria-live=\"polite\" aria-atomic=\"true\"><\/p> <ul><\/ul><\/div>\n<form action=\"\/es\/wp-json\/wp\/v2\/pages\/1028#wpcf7-f992-o1\" method=\"post\" class=\"wpcf7-form init\" novalidate=\"novalidate\" data-status=\"init\">\n<div style=\"display: none;\">\n<input type=\"hidden\" name=\"_wpcf7\" value=\"992\" \/>\n<input type=\"hidden\" name=\"_wpcf7_version\" value=\"5.6.1\" \/>\n<input type=\"hidden\" name=\"_wpcf7_locale\" value=\"fr_FR\" \/>\n<input type=\"hidden\" name=\"_wpcf7_unit_tag\" value=\"wpcf7-f992-o1\" \/>\n<input type=\"hidden\" name=\"_wpcf7_container_post\" value=\"0\" \/>\n<input type=\"hidden\" name=\"_wpcf7_posted_data_hash\" value=\"\" \/>\n<\/div>\n<p><label> Apellido*<br \/>\n    <span class=\"wpcf7-form-control-wrap\" data-name=\"your-name\"><input type=\"text\" name=\"your-name\" value=\"\" size=\"40\" class=\"wpcf7-form-control wpcf7-text wpcf7-validates-as-required\" aria-required=\"true\" aria-invalid=\"false\" \/><\/span> <\/label><\/p>\n<p><label> Nombre*<br \/>\n    <span class=\"wpcf7-form-control-wrap\" data-name=\"your-firstname\"><input type=\"text\" name=\"your-firstname\" value=\"\" size=\"40\" class=\"wpcf7-form-control wpcf7-text wpcf7-validates-as-required\" aria-required=\"true\" aria-invalid=\"false\" \/><\/span> <\/label><\/p>\n<p><label> Correo electr\u00f3nico*<br \/>\n    <span class=\"wpcf7-form-control-wrap\" data-name=\"your-email\"><input type=\"email\" name=\"your-email\" value=\"\" size=\"40\" class=\"wpcf7-form-control wpcf7-text wpcf7-email wpcf7-validates-as-required wpcf7-validates-as-email\" aria-required=\"true\" aria-invalid=\"false\" \/><\/span> <\/label><\/p>\n<p><label> Tel\u00e9fono*<br \/>\n    <span class=\"wpcf7-form-control-wrap\" data-name=\"Telephone\"><input type=\"tel\" name=\"Telephone\" value=\"\" size=\"40\" class=\"wpcf7-form-control wpcf7-text wpcf7-tel wpcf7-validates-as-required wpcf7-validates-as-tel\" aria-required=\"true\" aria-invalid=\"false\" \/><\/span> <\/label><\/p>\n<p><label> C\u00f3digo postal*<br \/>\n    <span class=\"wpcf7-form-control-wrap\" data-name=\"code-postal\"><input type=\"text\" name=\"code-postal\" value=\"\" size=\"40\" class=\"wpcf7-form-control wpcf7-text wpcf7-validates-as-required\" aria-required=\"true\" aria-invalid=\"false\" \/><\/span> <\/label><\/p>\n<p><label> Su mensaje<br \/>\n    <span class=\"wpcf7-form-control-wrap\" data-name=\"your-message\"><textarea name=\"your-message\" cols=\"40\" rows=\"10\" class=\"wpcf7-form-control wpcf7-textarea\" aria-invalid=\"false\"><\/textarea><\/span> <\/label><\/p>\n<p><span class=\"wpcf7-form-control-wrap\" data-name=\"checkbox-436\"><span class=\"wpcf7-form-control wpcf7-checkbox wpcf7-validates-as-required wpcf7-exclusive-checkbox\"><span class=\"wpcf7-list-item first last\"><input type=\"checkbox\" name=\"checkbox-436\" value=\"Al marcar esta casilla, usted acepta recibir nuestras ofertas de Power Plate usados por correo electr\u00f3nico.\" \/><span class=\"wpcf7-list-item-label\">Al marcar esta casilla, usted acepta recibir nuestras ofertas de Power Plate usados por correo electr\u00f3nico.<\/span><\/span><\/span><\/span><\/p>\n<p><input type=\"submit\" value=\"Acceso a las ofertas de usados\" class=\"wpcf7-form-control has-spinner wpcf7-submit\" \/><\/p>\n<div class=\"wpcf7-response-output\" aria-hidden=\"true\"><\/div><\/form><\/div>\n<p>[\/et_pb_text][\/et_pb_column][et_pb_column type=\u00bb1_2&#8243;][et_pb_image admin_label=\u00bbImage pro5&#8243; src=\u00bbhttps:\/\/www.power-plate-occasion.com\/wp-content\/uploads\/2018\/08\/acheter-powerplate-pro5.jpg\u00bb _builder_version=\u00bb3.9&#8243; \/][\/et_pb_column][\/et_pb_row][\/et_pb_section]<\/p>\n","protected":false},"excerpt":{"rendered":"<p><div class=\"et_pb_row et_pb_row_0 et_pb_row_empty\">\n\t\t\t\t\n\t\t\t\t\n\t\t\t\t\n\t\t\t\t\n\t\t\t\t\n\t\t\t<\/div> Descubra el Power Plate que cabe en cualquier lugar &nbsp; Se requiere mucho espacio? Si todos est\u00e1n de acuerdo en reconocer la efectividad del Power Plate. No todos tienen el espacio para tener uno en casa. De hecho, la columna puede ser voluminosa&#8230; Lo sab\u00eda Usted? Power Plate innov\u00f3 con su \u00faltimo modelo: el [&hellip;]<\/p>\n","protected":false},"author":1,"featured_media":0,"parent":0,"menu_order":0,"comment_status":"closed","ping_status":"closed","template":"","meta":{"_et_pb_use_builder":"on","_et_pb_old_content":"","_et_gb_content_width":"","footnotes":""},"_links":{"self":[{"href":"https:\/\/www.power-plate-occasion.com\/es\/wp-json\/wp\/v2\/pages\/1028"}],"collection":[{"href":"https:\/\/www.power-plate-occasion.com\/es\/wp-json\/wp\/v2\/pages"}],"about":[{"href":"https:\/\/www.power-plate-occasion.com\/es\/wp-json\/wp\/v2\/types\/page"}],"author":[{"embeddable":true,"href":"https:\/\/www.power-plate-occasion.com\/es\/wp-json\/wp\/v2\/users\/1"}],"replies":[{"embeddable":true,"href":"https:\/\/www.power-plate-occasion.com\/es\/wp-json\/wp\/v2\/comments?post=1028"}],"version-history":[{"count":4,"href":"https:\/\/www.power-plate-occasion.com\/es\/wp-json\/wp\/v2\/pages\/1028\/revisions"}],"predecessor-version":[{"id":1036,"href":"https:\/\/www.power-plate-occasion.com\/es\/wp-json\/wp\/v2\/pages\/1028\/revisions\/1036"}],"wp:attachment":[{"href":"https:\/\/www.power-plate-occasion.com\/es\/wp-json\/wp\/v2\/media?parent=1028"}],"curies":[{"name":"wp","href":"https:\/\/api.w.org\/{rel}","templated":true}]}}