{"id":20,"date":"2018-06-15T18:31:20","date_gmt":"2018-06-15T16:31:20","guid":{"rendered":"https:\/\/www.power-plate-occasion.com\/?page_id=20"},"modified":"2019-01-21T15:04:50","modified_gmt":"2019-01-21T14:04:50","slug":"20-2","status":"publish","type":"page","link":"https:\/\/www.power-plate-occasion.com\/es\/","title":{"rendered":"Inicio"},"content":{"rendered":"<p>[et_pb_section bb_built=\u00bb1&#8243; fullwidth=\u00bbon\u00bb specialty=\u00bboff\u00bb next_background_color=\u00bb#000000&#8243;][et_pb_fullwidth_header title=\u00bbPower Plate Usados\u00bb subhead=\u00bbSu Power Plate usado rebajado\u00bb background_layout=\u00bblight\u00bb title_font_size=\u00bb35px\u00bb background_image=\u00bbhttps:\/\/www.power-plate-occasion.com\/wp-content\/uploads\/2018\/08\/power-plate-occasion-accueil-1.jpg\u00bb background_color=\u00bbrgba(255, 255, 255, 0)\u00bb _builder_version=\u00bb3.9&#8243; max_width_tablet=\u00bb50px\u00bb header_fullscreen=\u00bbon\u00bb title_font_size_last_edited=\u00bbon|desktop\u00bb subhead_font_size=\u00bb22px\u00bb subhead_font_size_tablet=\u00bb18px\u00bb subhead_font_size_last_edited=\u00bbon|desktop\u00bb title_font_size_tablet=\u00bb22px\u00bb \/][\/et_pb_section][et_pb_section bb_built=\u00bb1&#8243; admin_label=\u00bbsection\u00bb prev_background_color=\u00bb#000000&#8243; next_background_color=\u00bb#00ddcf\u00bb _builder_version=\u00bb3.9&#8243;][et_pb_row background_position=\u00bbtop_left\u00bb background_repeat=\u00bbrepeat\u00bb background_size=\u00bbinitial\u00bb][et_pb_column type=\u00bb1_3&#8243;][et_pb_image src=\u00bbhttps:\/\/www.power-plate-occasion.com\/wp-content\/uploads\/2018\/06\/power-plate-occasion-pro5-3.jpg\u00bb align=\u00bbcenter\u00bb force_fullwidth=\u00bbon\u00bb use_border_color=\u00bboff\u00bb animation_style=\u00bbslide\u00bb animation_duration=\u00bb500ms\u00bb animation_intensity_slide=\u00bb10%\u00bb animation_direction=\u00bbleft\u00bb _builder_version=\u00bb3.12.2&#8243; box_shadow_style=\u00bbpreset1&#8243;]<\/p>\n<p>&nbsp;<\/p>\n<p>[\/et_pb_image][et_pb_cta admin_label=\u00bbAppel d&#8217;action : acc\u00e9der\u00bb button_text=\u00bbAcceso a las ofertas\u00bb use_border_color=\u00bboff\u00bb button_url=\u00bbhttps:\/\/www.power-plate-occasion.com\/es\/#acceso\u00bb background_position=\u00bbtop_left\u00bb background_repeat=\u00bbrepeat\u00bb background_size=\u00bbinitial\u00bb _builder_version=\u00bb3.15&#8243; header_font=\u00bbLobster Two||||||||\u00bb custom_button=\u00bbon\u00bb button_text_color=\u00bb#00ddcf\u00bb header_text_color=\u00bb#333333&#8243; body_text_color=\u00bb#333333&#8243; background_layout=\u00bblight\u00bb header_text_align=\u00bbcenter\u00bb button_alignment=\u00bbcenter\u00bb background_color=\u00bb#ffffff\u00bb use_background_color=\u00bboff\u00bb header_level=\u00bbh3&#8243; header_font_size=\u00bb24&#8243; button_text_size=\u00bb15&#8243; button_text_shadow_vertical_length=\u00bb0.1em\u00bb button_text_shadow_blur_strength=\u00bb0.1em\u00bb box_shadow_style_button=\u00bbpreset2&#8243; \/][\/et_pb_column][et_pb_column type=\u00bb2_3&#8243;][et_pb_cta admin_label=\u00bbAppel d&#8217;action : Le principe\u00bb title=\u00bbEl concepto Power Plate\u00bb button_text=\u00bbDescubrir Power Plate\u00bb text_orientation=\u00bbleft\u00bb use_border_color=\u00bboff\u00bb button_url=\u00bbhttps:\/\/www.power-plate-occasion.com\/es\/concepto\/\u00bb background_position=\u00bbtop_left\u00bb background_repeat=\u00bbrepeat\u00bb background_size=\u00bbinitial\u00bb _builder_version=\u00bb3.15&#8243; header_font=\u00bbLobster||||||||\u00bb custom_button=\u00bbon\u00bb button_text_color=\u00bb#ffffff\u00bb header_text_color=\u00bb#333333&#8243; body_text_color=\u00bb#333333&#8243; background_layout=\u00bblight\u00bb]<\/p>\n<p>Power Plate es una plataforma de ejercicio en la cual se reproducen movimientos de deportes (abdominales, lagartijas, &#8230;.) pero tambi\u00e9n estiramientos y masajes.<\/p>\n<p>La plataforma Power Plate utiliza un sistema de vibraci\u00f3n tridimensional que produce una contracci\u00f3n muscular tipo reflejo 3X m\u00e1s efectiva que las contracciones generadas durante el ejercicio tradicional.<\/p>\n<p>[\/et_pb_cta][\/et_pb_column][\/et_pb_row][et_pb_row][et_pb_column type=\u00bb4_4&#8243;][et_pb_text admin_label=\u00bbTexte : Votre salle de sport \u00e0 domicile !\u00bb _builder_version=\u00bb3.12.2&#8243;]<\/p>\n<h2>Su gimnasio en casa con una Power Plate usada !<\/h2>\n<p>La ventaja de la famosa plataforma vibratoria Power Plate es se trata de una m\u00e1quina de entrenamiento completa que ocupar\u00e1 tan solo un metro cuadrado en el hogar, mientras le ofrece la oportunidad de trabajar todos los m\u00fasculos de su cuerpo (dependiendo del tipo de ejercicio) a diferentes niveles de intensidad (cambiando la postura). Disfrute de un verdadero gimnasio concentrado en una sola m\u00e1quina Power Plate usada.<\/p>\n<p>[\/et_pb_text][\/et_pb_column][\/et_pb_row][\/et_pb_section][et_pb_section bb_built=\u00bb1&#8243; admin_label=\u00bbsection\u00bb prev_background_color=\u00bb#ffffff\u00bb next_background_color=\u00bb#ffffff\u00bb _builder_version=\u00bb3.9&#8243; background_color=\u00bb#00ddcf\u00bb][et_pb_row][et_pb_column type=\u00bb1_3&#8243;][et_pb_blurb admin_label=\u00bbR\u00e9sum\u00e9 : Votre Power Plate d&#8217;occasion\u00bb _builder_version=\u00bb3.15&#8243; title=\u00bbSu Power Plate de segunda mano\u00bb text_orientation=\u00bbcenter\u00bb header_level=\u00bbh2&#8243; header_font=\u00bbLobster||||||||\u00bb url=\u00bbhttps:\/\/www.power-plate-occasion.com\/es\/usado-garantizado\/\u00bb font_icon=\u00bb%%40%%\u00bb icon_color=\u00bb#ffffff\u00bb circle_color=\u00bb#ffffff\u00bb image=\u00bbhttps:\/\/www.power-plate-occasion.com\/wp-content\/uploads\/2018\/08\/power-plate-occasion-cercle-1-2.png\u00bb]<\/p>\n<h3>Con garantia y revision completa<\/h3>\n<p>Power Plate ha desarrollado una gama de dispositivos para uso dom\u00e9stico.<\/p>\n<p>[\/et_pb_blurb][\/et_pb_column][et_pb_column type=\u00bb1_3&#8243;][et_pb_blurb admin_label=\u00bbR\u00e9sum\u00e9 : Mod\u00e8les Disponibles\u00bb _builder_version=\u00bb3.15&#8243; title=\u00bbModelos disponibles\u00bb text_orientation=\u00bbcenter\u00bb header_level=\u00bbh2&#8243; header_font=\u00bbLobster||||||||\u00bb url=\u00bbhttps:\/\/www.power-plate-occasion.com\/es\/usado-garantizado\/#modelos-disponibles\u00bb font_icon=\u00bb%%40%%\u00bb icon_color=\u00bb#ffffff\u00bb circle_color=\u00bb#ffffff\u00bb image=\u00bbhttps:\/\/www.power-plate-occasion.com\/wp-content\/uploads\/2018\/08\/occasion-disponible-power-plate-cercle-1.png\u00bb]<\/p>\n<h3>Haga su elecci\u00f3n<\/h3>\n<p>Garant\u00eda de 6 meses extendible a 24 meses<\/p>\n<p>[\/et_pb_blurb][\/et_pb_column][et_pb_column type=\u00bb1_3&#8243;][et_pb_blurb admin_label=\u00bbR\u00e9sum\u00e9 : Nouveaut\u00e9 !\u00bb _builder_version=\u00bb3.15&#8243; title=\u00bbNovedad !\u00bb text_orientation=\u00bbcenter\u00bb header_level=\u00bbh2&#8243; header_font=\u00bbLobster||||||||\u00bb url=\u00bbhttps:\/\/www.power-plate-occasion.com\/es\/novedad\/\u00bb font_icon=\u00bb%%40%%\u00bb icon_color=\u00bb#ffffff\u00bb circle_color=\u00bb#ffffff\u00bb image=\u00bbhttps:\/\/www.power-plate-occasion.com\/wp-content\/uploads\/2018\/08\/power-plate-compacte-personelle-cercle-1.png\u00bb]<\/p>\n<h3>Power Plate compacta<\/h3>\n<p>Cabe en todas partes, incluso debajo de tu cama &#8230;<\/p>\n<p>[\/et_pb_blurb][\/et_pb_column][\/et_pb_row][\/et_pb_section][et_pb_section bb_built=\u00bb1&#8243; admin_label=\u00bbsection\u00bb prev_background_color=\u00bb#00ddcf\u00bb next_background_color=\u00bb#2d2d2d\u00bb _builder_version=\u00bb3.9&#8243;][et_pb_row background_position=\u00bbtop_left\u00bb background_repeat=\u00bbrepeat\u00bb background_size=\u00bbinitial\u00bb][et_pb_column type=\u00bb1_3&#8243;][et_pb_testimonial admin_label=\u00bbT\u00e9moignage Serena Williams\u00bb use_border_color=\u00bboff\u00bb background_position=\u00bbtop_left\u00bb background_repeat=\u00bbrepeat\u00bb background_size=\u00bbinitial\u00bb border_radii_portrait=\u00bbon|89px|89px|89px|89px\u00bb _builder_version=\u00bb3.9&#8243; author=\u00bbSerena Williams\u00bb job_title=\u00bbCampeona de tenis.\u00bb quote_icon_background_color=\u00bb#f5f5f5&#8243;]<\/p>\n<p>\u00ab El entrenamiento fuera de la cancha de tenis es tan importante para m\u00ed como el entrenamiento en la cancha. Con la m\u00e1quina Power Plate, puedo acelerar mi entrenamiento fuera de la cancha y optimizar los beneficios. \u00a0\u00bb<\/p>\n<p>[\/et_pb_testimonial][et_pb_image _builder_version=\u00bb3.9&#8243; src=\u00bbhttps:\/\/www.power-plate-occasion.com\/wp-content\/uploads\/2018\/08\/power-plate-c-est-quoi.jpg\u00bb \/][\/et_pb_column][et_pb_column type=\u00bb1_3&#8243;][et_pb_image _builder_version=\u00bb3.15&#8243; src=\u00bbhttps:\/\/www.power-plate-occasion.com\/wp-content\/uploads\/2018\/08\/power-plate-senior.jpg\u00bb \/][et_pb_testimonial admin_label=\u00bbT\u00e9moignage Hilary Swank\u00bb use_border_color=\u00bboff\u00bb background_position=\u00bbtop_left\u00bb background_repeat=\u00bbrepeat\u00bb background_size=\u00bbinitial\u00bb _builder_version=\u00bb3.9&#8243; author=\u00bbHilary Swank\u00bb job_title=\u00bbActriz y modelo\u00bb quote_icon_background_color=\u00bb#f5f5f5&#8243;]<\/p>\n<p>\u00ab\u00a0Lo que me gusta con Power Plate, es beneficiar de un entrenamiento completo en casa en muy poco tiempo. Estoy realmente impresionado por la capacidad de la m\u00e1quina en apuntar y solicitar m\u00fasculos espec\u00edficos, mejorando a la vez mi flexibilidad. Se siente uno bien, simplemente.\u00a0\u00bb<\/p>\n<p>[\/et_pb_testimonial][\/et_pb_column][et_pb_column type=\u00bb1_3&#8243;][et_pb_testimonial use_border_color=\u00bboff\u00bb background_position=\u00bbtop_left\u00bb background_repeat=\u00bbrepeat\u00bb background_size=\u00bbinitial\u00bb _builder_version=\u00bb3.9&#8243; author=\u00bbFolie Curieuse\u00bb job_title=\u00bbBlog de belleza y de estilo de vida\u00bb quote_icon_background_color=\u00bb#f5f5f5&#8243;]<\/p>\n<p>\u00ab Hice \u00fanicamente sesiones de 30 segundos cada vez, y no habr\u00eda podido hacer la sesi\u00f3n por completo si las series se fueran incrementando. Por cierto,al final estuve muerto ! <em>(No estoy hablando de dolores los 2 d\u00edas siguientes).<\/em>\u00a0\u00bb<\/p>\n<p>[\/et_pb_testimonial][et_pb_image _builder_version=\u00bb3.9&#8243; src=\u00bbhttps:\/\/www.power-plate-occasion.com\/wp-content\/uploads\/2018\/08\/la-power-plate-compacte.jpg\u00bb \/][\/et_pb_column][\/et_pb_row][\/et_pb_section][et_pb_section bb_built=\u00bb1&#8243; specialty=\u00bboff\u00bb prev_background_color=\u00bb#ffffff\u00bb next_background_color=\u00bb#ffffff\u00bb _builder_version=\u00bb3.15&#8243; background_color=\u00bb#2d2d2d\u00bb module_id=\u00bbacceso\u00bb][et_pb_row][et_pb_column type=\u00bb1_2&#8243;][et_pb_text admin_label=\u00bb%91contact-form-7 id=%2258%22 title=%22Acceder aux occasions%22%93&#8243; _builder_version=\u00bb3.9&#8243; header_2_font=\u00bbLobster||||||||\u00bb header_2_text_color=\u00bb#00ddcf\u00bb]<\/p>\n<h2>Acceso a las ofertas de usados<\/h2>\n<div role=\"form\" class=\"wpcf7\" id=\"wpcf7-f992-o1\" lang=\"fr-FR\" dir=\"ltr\">\n<div class=\"screen-reader-response\"><p role=\"status\" aria-live=\"polite\" aria-atomic=\"true\"><\/p> <ul><\/ul><\/div>\n<form action=\"\/es\/wp-json\/wp\/v2\/pages\/20#wpcf7-f992-o1\" method=\"post\" class=\"wpcf7-form init\" novalidate=\"novalidate\" data-status=\"init\">\n<div style=\"display: none;\">\n<input type=\"hidden\" name=\"_wpcf7\" value=\"992\" \/>\n<input type=\"hidden\" name=\"_wpcf7_version\" value=\"5.6.1\" \/>\n<input type=\"hidden\" name=\"_wpcf7_locale\" value=\"fr_FR\" \/>\n<input type=\"hidden\" name=\"_wpcf7_unit_tag\" value=\"wpcf7-f992-o1\" \/>\n<input type=\"hidden\" name=\"_wpcf7_container_post\" value=\"0\" \/>\n<input type=\"hidden\" name=\"_wpcf7_posted_data_hash\" value=\"\" \/>\n<\/div>\n<p><label> Apellido*<br \/>\n    <span class=\"wpcf7-form-control-wrap\" data-name=\"your-name\"><input type=\"text\" name=\"your-name\" value=\"\" size=\"40\" class=\"wpcf7-form-control wpcf7-text wpcf7-validates-as-required\" aria-required=\"true\" aria-invalid=\"false\" \/><\/span> <\/label><\/p>\n<p><label> Nombre*<br \/>\n    <span class=\"wpcf7-form-control-wrap\" data-name=\"your-firstname\"><input type=\"text\" name=\"your-firstname\" value=\"\" size=\"40\" class=\"wpcf7-form-control wpcf7-text wpcf7-validates-as-required\" aria-required=\"true\" aria-invalid=\"false\" \/><\/span> <\/label><\/p>\n<p><label> Correo electr\u00f3nico*<br \/>\n    <span class=\"wpcf7-form-control-wrap\" data-name=\"your-email\"><input type=\"email\" name=\"your-email\" value=\"\" size=\"40\" class=\"wpcf7-form-control wpcf7-text wpcf7-email wpcf7-validates-as-required wpcf7-validates-as-email\" aria-required=\"true\" aria-invalid=\"false\" \/><\/span> <\/label><\/p>\n<p><label> Tel\u00e9fono*<br \/>\n    <span class=\"wpcf7-form-control-wrap\" data-name=\"Telephone\"><input type=\"tel\" name=\"Telephone\" value=\"\" size=\"40\" class=\"wpcf7-form-control wpcf7-text wpcf7-tel wpcf7-validates-as-required wpcf7-validates-as-tel\" aria-required=\"true\" aria-invalid=\"false\" \/><\/span> <\/label><\/p>\n<p><label> C\u00f3digo postal*<br \/>\n    <span class=\"wpcf7-form-control-wrap\" data-name=\"code-postal\"><input type=\"text\" name=\"code-postal\" value=\"\" size=\"40\" class=\"wpcf7-form-control wpcf7-text wpcf7-validates-as-required\" aria-required=\"true\" aria-invalid=\"false\" \/><\/span> <\/label><\/p>\n<p><label> Su mensaje<br \/>\n    <span class=\"wpcf7-form-control-wrap\" data-name=\"your-message\"><textarea name=\"your-message\" cols=\"40\" rows=\"10\" class=\"wpcf7-form-control wpcf7-textarea\" aria-invalid=\"false\"><\/textarea><\/span> <\/label><\/p>\n<p><span class=\"wpcf7-form-control-wrap\" data-name=\"checkbox-436\"><span class=\"wpcf7-form-control wpcf7-checkbox wpcf7-validates-as-required wpcf7-exclusive-checkbox\"><span class=\"wpcf7-list-item first last\"><input type=\"checkbox\" name=\"checkbox-436\" value=\"Al marcar esta casilla, usted acepta recibir nuestras ofertas de Power Plate usados por correo electr\u00f3nico.\" \/><span class=\"wpcf7-list-item-label\">Al marcar esta casilla, usted acepta recibir nuestras ofertas de Power Plate usados por correo electr\u00f3nico.<\/span><\/span><\/span><\/span><\/p>\n<p><input type=\"submit\" value=\"Acceso a las ofertas de usados\" class=\"wpcf7-form-control has-spinner wpcf7-submit\" \/><\/p>\n<div class=\"wpcf7-response-output\" aria-hidden=\"true\"><\/div><\/form><\/div>\n<p>[\/et_pb_text][\/et_pb_column][et_pb_column type=\u00bb1_2&#8243;][et_pb_image admin_label=\u00bbImage pro5&#8243; _builder_version=\u00bb3.9&#8243; src=\u00bbhttps:\/\/www.power-plate-occasion.com\/wp-content\/uploads\/2018\/08\/acheter-powerplate-pro5.jpg\u00bb \/][\/et_pb_column][\/et_pb_row][\/et_pb_section][et_pb_section bb_built=\u00bb1&#8243; fullwidth=\u00bbon\u00bb specialty=\u00bboff\u00bb prev_background_color=\u00bb#2d2d2d\u00bb _builder_version=\u00bb3.15&#8243;][et_pb_fullwidth_image src=\u00bbhttps:\/\/www.power-plate-occasion.com\/wp-content\/uploads\/2018\/06\/power-plate-pro7-occasion.jpg\u00bb show_in_lightbox=\u00bboff\u00bb url_new_window=\u00bboff\u00bb use_overlay=\u00bboff\u00bb animation=\u00bbleft\u00bb use_border_color=\u00bboff\u00bb border_color=\u00bb#ffffff\u00bb border_style=\u00bbsolid\u00bb animation_style=\u00bbslide\u00bb animation_duration=\u00bb500ms\u00bb animation_intensity_slide=\u00bb10%\u00bb animation_direction=\u00bbleft\u00bb]<\/p>\n<p>&nbsp;<\/p>\n<p>[\/et_pb_fullwidth_image][\/et_pb_section]<\/p>\n","protected":false},"excerpt":{"rendered":"<p>&nbsp; Power Plate es una plataforma de ejercicio en la cual se reproducen movimientos de deportes (abdominales, lagartijas, &#8230;.) pero tambi\u00e9n estiramientos y masajes. La plataforma Power Plate utiliza un sistema de vibraci\u00f3n tridimensional que produce una contracci\u00f3n muscular tipo reflejo 3X m\u00e1s efectiva que las contracciones generadas durante el ejercicio tradicional. <div class=\"et_pb_row et_pb_row_0 et_pb_row_empty\">\n\t\t\t\t\n\t\t\t\t\n\t\t\t\t\n\t\t\t\t\n\t\t\t\t\n\t\t\t<\/div> Su gimnasio [&hellip;]<\/p>\n","protected":false},"author":1,"featured_media":0,"parent":0,"menu_order":0,"comment_status":"closed","ping_status":"closed","template":"","meta":{"_et_pb_use_builder":"on","_et_pb_old_content":"","_et_gb_content_width":"","footnotes":""},"_links":{"self":[{"href":"https:\/\/www.power-plate-occasion.com\/es\/wp-json\/wp\/v2\/pages\/20"}],"collection":[{"href":"https:\/\/www.power-plate-occasion.com\/es\/wp-json\/wp\/v2\/pages"}],"about":[{"href":"https:\/\/www.power-plate-occasion.com\/es\/wp-json\/wp\/v2\/types\/page"}],"author":[{"embeddable":true,"href":"https:\/\/www.power-plate-occasion.com\/es\/wp-json\/wp\/v2\/users\/1"}],"replies":[{"embeddable":true,"href":"https:\/\/www.power-plate-occasion.com\/es\/wp-json\/wp\/v2\/comments?post=20"}],"version-history":[{"count":9,"href":"https:\/\/www.power-plate-occasion.com\/es\/wp-json\/wp\/v2\/pages\/20\/revisions"}],"predecessor-version":[{"id":1037,"href":"https:\/\/www.power-plate-occasion.com\/es\/wp-json\/wp\/v2\/pages\/20\/revisions\/1037"}],"wp:attachment":[{"href":"https:\/\/www.power-plate-occasion.com\/es\/wp-json\/wp\/v2\/media?parent=20"}],"curies":[{"name":"wp","href":"https:\/\/api.w.org\/{rel}","templated":true}]}}