{"id":64,"date":"2018-06-16T11:51:04","date_gmt":"2018-06-16T09:51:04","guid":{"rendered":"https:\/\/www.power-plate-occasion.com\/page1-2\/"},"modified":"2019-01-18T17:12:14","modified_gmt":"2019-01-18T16:12:14","slug":"concepto","status":"publish","type":"page","link":"https:\/\/www.power-plate-occasion.com\/es\/concepto\/","title":{"rendered":"El concepto"},"content":{"rendered":"<p>[et_pb_section bb_built=\u00bb1&#8243; fullwidth=\u00bbon\u00bb specialty=\u00bboff\u00bb next_background_color=\u00bb#000000&#8243;][et_pb_fullwidth_header _builder_version=\u00bb3.9&#8243; title=\u00bbEl funcionamiento Power Plate\u00bb subhead=\u00bb\u00bfC\u00f3mo funciona la plataforma vibratoria Power Plate?\u00bb background_image=\u00bbhttps:\/\/www.power-plate-occasion.com\/wp-content\/uploads\/2018\/08\/power-plate-decouverte-3.jpg\u00bb text_shadow_style=\u00bbpreset3&#8243; title_font_size=\u00bb20px\u00bb title_text_shadow_style=\u00bbpreset3&#8243; background_layout=\u00bblight\u00bb text_shadow_color=\u00bbrgba(255,255,255,0.4)\u00bb title_text_shadow_color=\u00bbrgba(255,255,255,0.4)\u00bb content_font_size=\u00bb26px\u00bb subhead_text_color=\u00bb#000000&#8243; subhead_font_size=\u00bb14px\u00bb subhead_text_shadow_style=\u00bbpreset3&#8243; subhead_text_shadow_color=\u00bbrgba(255,255,255,0.4)\u00bb title_font=\u00bbLobster||||||||\u00bb \/][\/et_pb_section][et_pb_section bb_built=\u00bb1&#8243; admin_label=\u00bbsection\u00bb prev_background_color=\u00bb#000000&#8243; next_background_color=\u00bb#000000&#8243; _builder_version=\u00bb3.9&#8243;][et_pb_row][et_pb_column type=\u00bb1_2&#8243;][et_pb_image _builder_version=\u00bb3.9&#8243; src=\u00bbhttps:\/\/www.power-plate-occasion.com\/wp-content\/uploads\/2018\/07\/acheter-power-plate.jpg\u00bb \/][\/et_pb_column][et_pb_column type=\u00bb1_2&#8243;][et_pb_text admin_label=\u00bbTexte Qu&#8217;est ce qu&#8217;une Power Plate ?\u00bb _builder_version=\u00bb3.12.2&#8243; header_2_font=\u00bbLobster||||||||\u00bb header_3_font=\u00bbLobster Two||||||||\u00bb]<\/p>\n<h2>Un Power Plate, que es?<\/h2>\n<p>Power Plate es una plataforma de ejercicio en la cual se reproducen movimientos de deportes (abdominales, lagartijas, squats, reforzamiento muscular&#8230;.) pero tambi\u00e9n estiramientos y masajes.<\/p>\n<p>Estos ejercicios se hacen en un dispositivo que vibra, sus efectos ser\u00e1n 3x m\u00e1s efectivos que haciendo los mismos ejercicios al suelo.<\/p>\n<p>En efecto, la plataforma Power Plate utiliza un sistema de vibraci\u00f3n tridimensional que produce una contracci\u00f3n muscular tipo reflejo 3X m\u00e1s efectiva que las contracciones generadas durante el ejercicio tradicional.<\/p>\n<p>&nbsp;<\/p>\n<h3>Hablemos de m\u00fasculos y contracciones !<\/h3>\n<p>As\u00ed, el m\u00fasculo se recluta al 97% durante un entrenamiento en Power Plate, mientras se contrata solo al 30 o 40% (seg\u00fan los perfiles) durante una contracci\u00f3n \u00abcl\u00e1sica\u00bb.<\/p>\n<p>Por lo tanto, los ejercicios en Power Plate son mucho m\u00e1s eficientes y mucho m\u00e1s r\u00e1pidos.<\/p>\n<p>Con ella, Usted podr\u00e1 entrenar de forma f\u00e1cil, r\u00e1pida y muy eficiente.<\/p>\n<p>Es posible realizar un programa completo de entrenamiento en tan solo 10 minutos<\/p>\n<p>[\/et_pb_text][et_pb_cta admin_label=\u00bbAppel d&#8217;action : acc\u00e9der\u00bb button_text=\u00bbAcceso a las ofertas\u00bb use_border_color=\u00bboff\u00bb button_url=\u00bbhttps:\/\/www.power-plate-occasion.com\/es\/concepto\/#acceso\u00bb background_position=\u00bbtop_left\u00bb background_repeat=\u00bbrepeat\u00bb background_size=\u00bbinitial\u00bb _builder_version=\u00bb3.15&#8243; header_font=\u00bbLobster Two||||||||\u00bb custom_button=\u00bbon\u00bb button_text_color=\u00bb#00ddcf\u00bb header_text_color=\u00bb#333333&#8243; body_text_color=\u00bb#333333&#8243; background_layout=\u00bblight\u00bb header_text_align=\u00bbcenter\u00bb button_alignment=\u00bbcenter\u00bb background_color=\u00bb#ffffff\u00bb use_background_color=\u00bboff\u00bb header_level=\u00bbh3&#8243; header_font_size=\u00bb1&#8243; button_text_size=\u00bb15&#8243; button_text_shadow_vertical_length=\u00bb0.1em\u00bb button_text_shadow_blur_strength=\u00bb0.1em\u00bb box_shadow_style_button=\u00bbpreset2&#8243; \/][\/et_pb_column][\/et_pb_row][et_pb_row][et_pb_column type=\u00bb1_2&#8243;][et_pb_text _builder_version=\u00bb3.9&#8243;]<\/p>\n<p><strong>Para el ritmo de entrenamiento<\/strong><\/p>\n<ul>\n<li>O Usted entrena de 2 a 3 veces a la semana durante 10 a 15 minutos (masaje incluido).<\/li>\n<li>O bien puede hacer un programa r\u00e1pido de algunos minutos (de 3 a 5 minutos) cada d\u00eda.<\/li>\n<\/ul>\n<p>Con este ritmo encontrar\u00e1 una silueta tonificada y delgada en unas pocas semanas.<\/p>\n<p>[\/et_pb_text][\/et_pb_column][et_pb_column type=\u00bb1_2&#8243;][et_pb_cta _builder_version=\u00bb3.9&#8243; title=\u00bbLos usados garantizados\u00bb button_text=\u00bbDiganme m\u00e1s al respecto !\u00bb button_url=\u00bbhttps:\/\/www.power-plate-occasion.com\/es\/occasion-garantie\/\u00bb background_color=\u00bb#00DDCF\u00bb background_layout=\u00bblight\u00bb text_shadow_horizontal_length=\u00bb0.08em\u00bb text_shadow_vertical_length=\u00bb0.08em\u00bb header_level=\u00bbh4&#8243; header_font=\u00bb|||on|||||\u00bb header_text_color=\u00bb#333333&#8243; header_letter_spacing=\u00bb1px\u00bb body_text_color=\u00bb#ffffff\u00bb custom_button=\u00bbon\u00bb button_text_color=\u00bb#ffffff\u00bb button_bg_color=\u00bb#cccccc\u00bb button_icon=\u00bb%%198%%\u00bb]<\/p>\n<p>Modelos accesibles para todos los presupuestos !<\/p>\n<p>[\/et_pb_cta][\/et_pb_column][\/et_pb_row][\/et_pb_section][et_pb_section bb_built=\u00bb1&#8243; fullwidth=\u00bbon\u00bb specialty=\u00bboff\u00bb prev_background_color=\u00bb#000000&#8243; next_background_color=\u00bb#000000&#8243;][et_pb_fullwidth_image _builder_version=\u00bb3.9&#8243; src=\u00bbhttps:\/\/www.power-plate-occasion.com\/wp-content\/uploads\/2018\/07\/principe-power-plate-header.jpg\u00bb \/][\/et_pb_section][et_pb_section bb_built=\u00bb1&#8243; admin_label=\u00bbsection\u00bb prev_background_color=\u00bb#000000&#8243; next_background_color=\u00bb#000000&#8243; _builder_version=\u00bb3.9&#8243;][et_pb_row][et_pb_column type=\u00bb1_3&#8243;][et_pb_blurb _builder_version=\u00bb3.9&#8243; title=\u00bbP\u00e9rdida de peso\u00bb use_icon=\u00bbon\u00bb font_icon=\u00bb%%151%%\u00bb header_text_align=\u00bbcenter\u00bb icon_color=\u00bb#333333&#8243; use_circle=\u00bbon\u00bb circle_color=\u00bb#00ddcf\u00bb text_orientation=\u00bbcenter\u00bb border_radii=\u00bb|5px|5px|5px|5px\u00bb use_icon_font_size=\u00bbon\u00bb icon_font_size=\u00bb50px\u00bb header_font_size=\u00bb20&#8243;]<\/p>\n<p style=\"text-align: center;\">Grasa visceral y tejido adiposo.<\/p>\n<p>[\/et_pb_blurb][\/et_pb_column][et_pb_column type=\u00bb1_3&#8243;][et_pb_blurb _builder_version=\u00bb3.9&#8243; title=\u00bbCirculaci\u00f3n sangu\u00ednea\u00bb use_icon=\u00bbon\u00bb font_icon=\u00bb%%151%%\u00bb header_text_align=\u00bbcenter\u00bb icon_color=\u00bb#333333&#8243; use_circle=\u00bbon\u00bb circle_color=\u00bb#00ddcf\u00bb text_orientation=\u00bbcenter\u00bb border_radii=\u00bb|5px|5px|5px|5px\u00bb use_icon_font_size=\u00bbon\u00bb icon_font_size=\u00bb50px\u00bb header_font_size=\u00bb20&#8243;]<\/p>\n<p style=\"text-align: center;\">Mejorar la circulaci\u00f3n sangu\u00ednea<\/p>\n<p>[\/et_pb_blurb][\/et_pb_column][et_pb_column type=\u00bb1_3&#8243;][et_pb_blurb _builder_version=\u00bb3.9&#8243; title=\u00bbCalidad de vida\u00bb use_icon=\u00bbon\u00bb font_icon=\u00bb%%151%%\u00bb header_text_align=\u00bbcenter\u00bb icon_color=\u00bb#333333&#8243; use_circle=\u00bbon\u00bb circle_color=\u00bb#00ddcf\u00bb text_orientation=\u00bbcenter\u00bb border_radii=\u00bb|5px|5px|5px|5px\u00bb use_icon_font_size=\u00bbon\u00bb icon_font_size=\u00bb50px\u00bb header_font_size=\u00bb20&#8243;]<\/p>\n<p style=\"text-align: center;\">Efecto positivo sobre la condici\u00f3n f\u00edsica general.<\/p>\n<p>[\/et_pb_blurb][\/et_pb_column][\/et_pb_row][\/et_pb_section][et_pb_section bb_built=\u00bb1&#8243; fullwidth=\u00bbon\u00bb specialty=\u00bboff\u00bb prev_background_color=\u00bb#000000&#8243; next_background_color=\u00bb#000000&#8243;][et_pb_fullwidth_header admin_label=\u00bbEn-t\u00eate : Les + de la Power Plate\u00bb _builder_version=\u00bb3.9&#8243; title=\u00bbLos + de la Power Plate\u00bb background_color=\u00bb#171717&#8243; text_orientation=\u00bbcenter\u00bb text_shadow_style=\u00bbpreset5&#8243; title_level=\u00bbh2&#8243; \/][\/et_pb_section][et_pb_section bb_built=\u00bb1&#8243; admin_label=\u00bbsection\u00bb prev_background_color=\u00bb#000000&#8243; next_background_color=\u00bb#000000&#8243;][et_pb_row][et_pb_column type=\u00bb1_2&#8243;][et_pb_text _builder_version=\u00bb3.9&#8243; header_2_font=\u00bbLobster||||||||\u00bb header_3_font=\u00bbLobster Two||||||||\u00bb]<\/p>\n<h3>Un gimnasio en casa !<\/h3>\n<p>La ventaja de Power Plate es se trata de una m\u00e1quina de entrenamiento completa que ocupar\u00e1 tan solo un metro cuadrado en el hogar, pero ejercita todos los m\u00fasculos de su cuerpo, dependiendo de la  posici\u00f3n adoptada. Es un verdadero gimnasio concentrado en una sola m\u00e1quina.<\/p>\n<p>&nbsp;<\/p>\n<h3>Aparato reconocido cient\u00edficamente<\/h3>\n<p>La efectividad de Power Plate tambi\u00e9n ha sido probada por estudios cient\u00edficos (alrededor de 100 estudios cient\u00edficos publicados en todo el mundo).<\/p>\n<p>El Power Plate es un dispositivo m\u00e9dico de Clase 2 (desde hace casi 10 a\u00f1os)<\/p>\n<p>Se utiliza en asilos, con fisioterapeutas, en centros deportivos o gimnasios.<\/p>\n<p>Se puede usar a cualquier edad (el r\u00e9cord de uso de Power Plate es de 104 a\u00f1os), ya sea adaptando los ejercicios, o por sus beneficios en el masaje, o mejorando la circulaci\u00f3n sangu\u00ednea (Power Plate se vuelve muy efectivo para tratar la piernas pesadas porque estimula localmente la circulaci\u00f3n sangu\u00ednea).<\/p>\n<p><strong>\u00a0<\/strong><\/p>\n<p><strong>Su Power Plate de segunda mano en su hogar se convertir\u00e1 r\u00e1pidamente en el compa\u00f1ero perfecto de su estado f\u00edsico y bienestar.<\/strong><\/p>\n<p>[\/et_pb_text][\/et_pb_column][et_pb_column type=\u00bb1_2&#8243;][et_pb_slider _builder_version=\u00bb3.9&#8243; background_color=\u00bb#00ddcf\u00bb][et_pb_slide _builder_version=\u00bb3.9&#8243; heading=\u00bbM\u00e1s de 100 estudios cient\u00edficos\u00bb button_link=\u00bb#\u00bb image=\u00bbhttps:\/\/www.power-plate-occasion.com\/wp-content\/uploads\/2018\/07\/power-plate-pro7.jpg\u00bb background_color=\u00bb#00ddcf\u00bb use_background_color_gradient=\u00bboff\u00bb background_color_gradient_start=\u00bb#2b87da\u00bb background_color_gradient_end=\u00bb#29c4a9&#8243; background_color_gradient_type=\u00bblinear\u00bb background_color_gradient_direction=\u00bb180deg\u00bb background_color_gradient_direction_radial=\u00bbcenter\u00bb background_color_gradient_start_position=\u00bb0%\u00bb background_color_gradient_end_position=\u00bb100%\u00bb background_color_gradient_overlays_image=\u00bboff\u00bb parallax=\u00bboff\u00bb parallax_method=\u00bbon\u00bb background_size=\u00bbcover\u00bb background_position=\u00bbcenter\u00bb background_repeat=\u00bbno-repeat\u00bb background_blend=\u00bbnormal\u00bb allow_player_pause=\u00bboff\u00bb background_video_pause_outside_viewport=\u00bbon\u00bb use_bg_overlay=\u00bboff\u00bb use_text_overlay=\u00bboff\u00bb text_border_radius=\u00bb3&#8243; alignment=\u00bbcenter\u00bb child_filter_hue_rotate=\u00bb0deg\u00bb child_filter_saturate=\u00bb100%\u00bb child_filter_brightness=\u00bb100%\u00bb child_filter_contrast=\u00bb100%\u00bb child_filter_invert=\u00bb0%\u00bb child_filter_sepia=\u00bb0%\u00bb child_filter_opacity=\u00bb100%\u00bb child_filter_blur=\u00bb0px\u00bb child_mix_blend_mode=\u00bbnormal\u00bb background_layout=\u00bbdark\u00bb text_shadow_style=\u00bbnone\u00bb header_text_shadow_style=\u00bbnone\u00bb body_text_shadow_style=\u00bbnone\u00bb custom_button=\u00bboff\u00bb button_bg_use_color_gradient=\u00bboff\u00bb button_bg_color_gradient_overlays_image=\u00bboff\u00bb button_use_icon=\u00bbon\u00bb button_on_hover=\u00bbon\u00bb button_text_shadow_style=\u00bbnone\u00bb box_shadow_style_button=\u00bbnone\u00bb text_shadow_horizontal_length=\u00bb0em\u00bb text_shadow_vertical_length=\u00bb0em\u00bb text_shadow_blur_strength=\u00bb0em\u00bb header_text_shadow_horizontal_length=\u00bb0em\u00bb header_text_shadow_vertical_length=\u00bb0em\u00bb header_text_shadow_blur_strength=\u00bb0em\u00bb body_text_shadow_horizontal_length=\u00bb0em\u00bb body_text_shadow_vertical_length=\u00bb0em\u00bb body_text_shadow_blur_strength=\u00bb0em\u00bb button_text_shadow_horizontal_length=\u00bb0em\u00bb button_text_shadow_vertical_length=\u00bb0em\u00bb button_text_shadow_blur_strength=\u00bb0em\u00bb \/][et_pb_slide _builder_version=\u00bb3.9&#8243; heading=\u00bbDispositivo m\u00e9dico de clase IIA\u00bb button_link=\u00bb#\u00bb image=\u00bbhttps:\/\/www.power-plate-occasion.com\/wp-content\/uploads\/2018\/07\/power-plate-duo.jpg\u00bb background_color=\u00bb#00ddcf\u00bb use_background_color_gradient=\u00bboff\u00bb background_color_gradient_start=\u00bb#2b87da\u00bb background_color_gradient_end=\u00bb#29c4a9&#8243; background_color_gradient_type=\u00bblinear\u00bb background_color_gradient_direction=\u00bb180deg\u00bb background_color_gradient_direction_radial=\u00bbcenter\u00bb background_color_gradient_start_position=\u00bb0%\u00bb background_color_gradient_end_position=\u00bb100%\u00bb background_color_gradient_overlays_image=\u00bboff\u00bb parallax=\u00bboff\u00bb parallax_method=\u00bbon\u00bb background_size=\u00bbcover\u00bb background_position=\u00bbcenter\u00bb background_repeat=\u00bbno-repeat\u00bb background_blend=\u00bbnormal\u00bb allow_player_pause=\u00bboff\u00bb background_video_pause_outside_viewport=\u00bbon\u00bb use_bg_overlay=\u00bboff\u00bb use_text_overlay=\u00bboff\u00bb text_border_radius=\u00bb3&#8243; alignment=\u00bbcenter\u00bb child_filter_hue_rotate=\u00bb0deg\u00bb child_filter_saturate=\u00bb100%\u00bb child_filter_brightness=\u00bb100%\u00bb child_filter_contrast=\u00bb100%\u00bb child_filter_invert=\u00bb0%\u00bb child_filter_sepia=\u00bb0%\u00bb child_filter_opacity=\u00bb100%\u00bb child_filter_blur=\u00bb0px\u00bb child_mix_blend_mode=\u00bbnormal\u00bb background_layout=\u00bbdark\u00bb text_shadow_style=\u00bbnone\u00bb header_text_shadow_style=\u00bbnone\u00bb body_text_shadow_style=\u00bbnone\u00bb custom_button=\u00bboff\u00bb button_bg_use_color_gradient=\u00bboff\u00bb button_bg_color_gradient_overlays_image=\u00bboff\u00bb button_use_icon=\u00bbon\u00bb button_on_hover=\u00bbon\u00bb button_text_shadow_style=\u00bbnone\u00bb box_shadow_style_button=\u00bbnone\u00bb text_shadow_horizontal_length=\u00bb0em\u00bb text_shadow_vertical_length=\u00bb0em\u00bb text_shadow_blur_strength=\u00bb0em\u00bb header_text_shadow_horizontal_length=\u00bb0em\u00bb header_text_shadow_vertical_length=\u00bb0em\u00bb header_text_shadow_blur_strength=\u00bb0em\u00bb body_text_shadow_horizontal_length=\u00bb0em\u00bb body_text_shadow_vertical_length=\u00bb0em\u00bb body_text_shadow_blur_strength=\u00bb0em\u00bb button_text_shadow_horizontal_length=\u00bb0em\u00bb button_text_shadow_vertical_length=\u00bb0em\u00bb button_text_shadow_blur_strength=\u00bb0em\u00bb \/][et_pb_slide _builder_version=\u00bb3.9&#8243; heading=\u00bbUtilizado para preparaci\u00f3n deportiva\u00bb button_link=\u00bb#\u00bb image=\u00bbhttps:\/\/www.power-plate-occasion.com\/wp-content\/uploads\/2018\/07\/preparation-physique-power-plate-sport.jpg\u00bb background_color=\u00bb#00ddcf\u00bb use_background_color_gradient=\u00bboff\u00bb background_color_gradient_start=\u00bb#2b87da\u00bb background_color_gradient_end=\u00bb#29c4a9&#8243; background_color_gradient_type=\u00bblinear\u00bb background_color_gradient_direction=\u00bb180deg\u00bb background_color_gradient_direction_radial=\u00bbcenter\u00bb background_color_gradient_start_position=\u00bb0%\u00bb background_color_gradient_end_position=\u00bb100%\u00bb background_color_gradient_overlays_image=\u00bboff\u00bb parallax=\u00bboff\u00bb parallax_method=\u00bbon\u00bb background_size=\u00bbcover\u00bb background_position=\u00bbcenter\u00bb background_repeat=\u00bbno-repeat\u00bb background_blend=\u00bbnormal\u00bb allow_player_pause=\u00bboff\u00bb background_video_pause_outside_viewport=\u00bbon\u00bb use_bg_overlay=\u00bboff\u00bb use_text_overlay=\u00bboff\u00bb text_border_radius=\u00bb3&#8243; alignment=\u00bbcenter\u00bb child_filter_hue_rotate=\u00bb0deg\u00bb child_filter_saturate=\u00bb100%\u00bb child_filter_brightness=\u00bb100%\u00bb child_filter_contrast=\u00bb100%\u00bb child_filter_invert=\u00bb0%\u00bb child_filter_sepia=\u00bb0%\u00bb child_filter_opacity=\u00bb100%\u00bb child_filter_blur=\u00bb0px\u00bb child_mix_blend_mode=\u00bbnormal\u00bb background_layout=\u00bbdark\u00bb text_shadow_style=\u00bbnone\u00bb header_text_shadow_style=\u00bbnone\u00bb body_text_shadow_style=\u00bbnone\u00bb custom_button=\u00bboff\u00bb button_bg_use_color_gradient=\u00bboff\u00bb button_bg_color_gradient_overlays_image=\u00bboff\u00bb button_use_icon=\u00bbon\u00bb button_on_hover=\u00bbon\u00bb button_text_shadow_style=\u00bbnone\u00bb box_shadow_style_button=\u00bbnone\u00bb text_shadow_horizontal_length=\u00bb0em\u00bb text_shadow_vertical_length=\u00bb0em\u00bb text_shadow_blur_strength=\u00bb0em\u00bb header_text_shadow_horizontal_length=\u00bb0em\u00bb header_text_shadow_vertical_length=\u00bb0em\u00bb header_text_shadow_blur_strength=\u00bb0em\u00bb body_text_shadow_horizontal_length=\u00bb0em\u00bb body_text_shadow_vertical_length=\u00bb0em\u00bb body_text_shadow_blur_strength=\u00bb0em\u00bb button_text_shadow_horizontal_length=\u00bb0em\u00bb button_text_shadow_vertical_length=\u00bb0em\u00bb button_text_shadow_blur_strength=\u00bb0em\u00bb \/][et_pb_slide _builder_version=\u00bb3.9&#8243; heading=\u00bbUtilizado por la gente mayor\u00bb button_link=\u00bb#\u00bb image=\u00bbhttps:\/\/www.power-plate-occasion.com\/wp-content\/uploads\/2018\/07\/power-plate-personne-agee.jpg\u00bb background_color=\u00bb#00ddcf\u00bb use_background_color_gradient=\u00bboff\u00bb background_color_gradient_start=\u00bb#2b87da\u00bb background_color_gradient_end=\u00bb#29c4a9&#8243; background_color_gradient_type=\u00bblinear\u00bb background_color_gradient_direction=\u00bb180deg\u00bb background_color_gradient_direction_radial=\u00bbcenter\u00bb background_color_gradient_start_position=\u00bb0%\u00bb background_color_gradient_end_position=\u00bb100%\u00bb background_color_gradient_overlays_image=\u00bboff\u00bb parallax=\u00bboff\u00bb parallax_method=\u00bbon\u00bb background_size=\u00bbcover\u00bb background_position=\u00bbcenter\u00bb background_repeat=\u00bbno-repeat\u00bb background_blend=\u00bbnormal\u00bb allow_player_pause=\u00bboff\u00bb background_video_pause_outside_viewport=\u00bbon\u00bb use_bg_overlay=\u00bboff\u00bb use_text_overlay=\u00bboff\u00bb text_border_radius=\u00bb3&#8243; alignment=\u00bbcenter\u00bb child_filter_hue_rotate=\u00bb0deg\u00bb child_filter_saturate=\u00bb100%\u00bb child_filter_brightness=\u00bb100%\u00bb child_filter_contrast=\u00bb100%\u00bb child_filter_invert=\u00bb0%\u00bb child_filter_sepia=\u00bb0%\u00bb child_filter_opacity=\u00bb100%\u00bb child_filter_blur=\u00bb0px\u00bb child_mix_blend_mode=\u00bbnormal\u00bb background_layout=\u00bbdark\u00bb text_shadow_style=\u00bbnone\u00bb header_text_shadow_style=\u00bbnone\u00bb body_text_shadow_style=\u00bbnone\u00bb custom_button=\u00bboff\u00bb button_bg_use_color_gradient=\u00bboff\u00bb button_bg_color_gradient_overlays_image=\u00bboff\u00bb button_use_icon=\u00bbon\u00bb button_on_hover=\u00bbon\u00bb button_text_shadow_style=\u00bbnone\u00bb box_shadow_style_button=\u00bbnone\u00bb text_shadow_horizontal_length=\u00bb0em\u00bb text_shadow_vertical_length=\u00bb0em\u00bb text_shadow_blur_strength=\u00bb0em\u00bb header_text_shadow_horizontal_length=\u00bb0em\u00bb header_text_shadow_vertical_length=\u00bb0em\u00bb header_text_shadow_blur_strength=\u00bb0em\u00bb body_text_shadow_horizontal_length=\u00bb0em\u00bb body_text_shadow_vertical_length=\u00bb0em\u00bb body_text_shadow_blur_strength=\u00bb0em\u00bb button_text_shadow_horizontal_length=\u00bb0em\u00bb button_text_shadow_vertical_length=\u00bb0em\u00bb button_text_shadow_blur_strength=\u00bb0em\u00bb \/][\/et_pb_slider][\/et_pb_column][\/et_pb_row][\/et_pb_section][et_pb_section bb_built=\u00bb1&#8243; fullwidth=\u00bbon\u00bb specialty=\u00bboff\u00bb prev_background_color=\u00bb#000000&#8243; next_background_color=\u00bb#000000&#8243;][et_pb_fullwidth_header admin_label=\u00bbEn-t\u00eate : Plateforme Power Plate en vid\u00e9o\u00bb _builder_version=\u00bb3.9&#8243; title=\u00bbVideo de la plataforma Power Plate\u00bb background_color=\u00bb#171717&#8243; text_orientation=\u00bbcenter\u00bb text_shadow_style=\u00bbpreset5&#8243; title_level=\u00bbh2&#8243; \/][\/et_pb_section][et_pb_section bb_built=\u00bb1&#8243; admin_label=\u00bbsection\u00bb prev_background_color=\u00bb#000000&#8243; next_background_color=\u00bb#00ddcf\u00bb][et_pb_row][et_pb_column type=\u00bb1_3&#8243;][et_pb_video _builder_version=\u00bb3.9&#8243; src=\u00bbhttps:\/\/youtu.be\/u7ZPCKXwn1Y\u00bb \/][\/et_pb_column][et_pb_column type=\u00bb1_3&#8243;][et_pb_video _builder_version=\u00bb3.9&#8243; src=\u00bbhttps:\/\/youtu.be\/nLFhELS5HXs\u00bb \/][\/et_pb_column][et_pb_column type=\u00bb1_3&#8243;][et_pb_video _builder_version=\u00bb3.9&#8243; src=\u00bbhttps:\/\/youtu.be\/tAcvN2BKrkE\u00bb \/][\/et_pb_column][\/et_pb_row][\/et_pb_section][et_pb_section bb_built=\u00bb1&#8243; specialty=\u00bboff\u00bb prev_background_color=\u00bb#ffffff\u00bb _builder_version=\u00bb3.15&#8243; background_color=\u00bb#00ddcf\u00bb module_id=\u00bbacceso\u00bb][et_pb_row][et_pb_column type=\u00bb1_2&#8243;][et_pb_text admin_label=\u00bb%91contact-form-7 id=%2258%22 title=%22Acceder aux occasions%22%93&#8243; _builder_version=\u00bb3.9&#8243; header_2_font=\u00bbLobster||||||||\u00bb]<\/p>\n<h2>Acceso a las ofertas de usados<\/h2>\n<div role=\"form\" class=\"wpcf7\" id=\"wpcf7-f992-o1\" lang=\"fr-FR\" dir=\"ltr\">\n<div class=\"screen-reader-response\"><p role=\"status\" aria-live=\"polite\" aria-atomic=\"true\"><\/p> <ul><\/ul><\/div>\n<form action=\"\/es\/wp-json\/wp\/v2\/pages\/64#wpcf7-f992-o1\" method=\"post\" class=\"wpcf7-form init\" novalidate=\"novalidate\" data-status=\"init\">\n<div style=\"display: none;\">\n<input type=\"hidden\" name=\"_wpcf7\" value=\"992\" \/>\n<input type=\"hidden\" name=\"_wpcf7_version\" value=\"5.6.1\" \/>\n<input type=\"hidden\" name=\"_wpcf7_locale\" value=\"fr_FR\" \/>\n<input type=\"hidden\" name=\"_wpcf7_unit_tag\" value=\"wpcf7-f992-o1\" \/>\n<input type=\"hidden\" name=\"_wpcf7_container_post\" value=\"0\" \/>\n<input type=\"hidden\" name=\"_wpcf7_posted_data_hash\" value=\"\" \/>\n<\/div>\n<p><label> Apellido*<br \/>\n    <span class=\"wpcf7-form-control-wrap\" data-name=\"your-name\"><input type=\"text\" name=\"your-name\" value=\"\" size=\"40\" class=\"wpcf7-form-control wpcf7-text wpcf7-validates-as-required\" aria-required=\"true\" aria-invalid=\"false\" \/><\/span> <\/label><\/p>\n<p><label> Nombre*<br \/>\n    <span class=\"wpcf7-form-control-wrap\" data-name=\"your-firstname\"><input type=\"text\" name=\"your-firstname\" value=\"\" size=\"40\" class=\"wpcf7-form-control wpcf7-text wpcf7-validates-as-required\" aria-required=\"true\" aria-invalid=\"false\" \/><\/span> <\/label><\/p>\n<p><label> Correo electr\u00f3nico*<br \/>\n    <span class=\"wpcf7-form-control-wrap\" data-name=\"your-email\"><input type=\"email\" name=\"your-email\" value=\"\" size=\"40\" class=\"wpcf7-form-control wpcf7-text wpcf7-email wpcf7-validates-as-required wpcf7-validates-as-email\" aria-required=\"true\" aria-invalid=\"false\" \/><\/span> <\/label><\/p>\n<p><label> Tel\u00e9fono*<br \/>\n    <span class=\"wpcf7-form-control-wrap\" data-name=\"Telephone\"><input type=\"tel\" name=\"Telephone\" value=\"\" size=\"40\" class=\"wpcf7-form-control wpcf7-text wpcf7-tel wpcf7-validates-as-required wpcf7-validates-as-tel\" aria-required=\"true\" aria-invalid=\"false\" \/><\/span> <\/label><\/p>\n<p><label> C\u00f3digo postal*<br \/>\n    <span class=\"wpcf7-form-control-wrap\" data-name=\"code-postal\"><input type=\"text\" name=\"code-postal\" value=\"\" size=\"40\" class=\"wpcf7-form-control wpcf7-text wpcf7-validates-as-required\" aria-required=\"true\" aria-invalid=\"false\" \/><\/span> <\/label><\/p>\n<p><label> Su mensaje<br \/>\n    <span class=\"wpcf7-form-control-wrap\" data-name=\"your-message\"><textarea name=\"your-message\" cols=\"40\" rows=\"10\" class=\"wpcf7-form-control wpcf7-textarea\" aria-invalid=\"false\"><\/textarea><\/span> <\/label><\/p>\n<p><span class=\"wpcf7-form-control-wrap\" data-name=\"checkbox-436\"><span class=\"wpcf7-form-control wpcf7-checkbox wpcf7-validates-as-required wpcf7-exclusive-checkbox\"><span class=\"wpcf7-list-item first last\"><input type=\"checkbox\" name=\"checkbox-436\" value=\"Al marcar esta casilla, usted acepta recibir nuestras ofertas de Power Plate usados por correo electr\u00f3nico.\" \/><span class=\"wpcf7-list-item-label\">Al marcar esta casilla, usted acepta recibir nuestras ofertas de Power Plate usados por correo electr\u00f3nico.<\/span><\/span><\/span><\/span><\/p>\n<p><input type=\"submit\" value=\"Acceso a las ofertas de usados\" class=\"wpcf7-form-control has-spinner wpcf7-submit\" \/><\/p>\n<div class=\"wpcf7-response-output\" aria-hidden=\"true\"><\/div><\/form><\/div>\n<p>[\/et_pb_text][\/et_pb_column][et_pb_column type=\u00bb1_2&#8243;][et_pb_image _builder_version=\u00bb3.9&#8243; src=\u00bbhttps:\/\/www.power-plate-occasion.com\/wp-content\/uploads\/2018\/08\/accedez-occasions-power-plate-1-1.jpg\u00bb \/][\/et_pb_column][\/et_pb_row][\/et_pb_section]<\/p>\n","protected":false},"excerpt":{"rendered":"<p><div class=\"et_pb_row et_pb_row_0 et_pb_row_empty\">\n\t\t\t\t\n\t\t\t\t\n\t\t\t\t\n\t\t\t\t\n\t\t\t\t\n\t\t\t<\/div> Un Power Plate, que es? Power Plate es una plataforma de ejercicio en la cual se reproducen movimientos de deportes (abdominales, lagartijas, squats, reforzamiento muscular&#8230;.) pero tambi\u00e9n estiramientos y masajes. Estos ejercicios se hacen en un dispositivo que vibra, sus efectos ser\u00e1n 3x m\u00e1s efectivos que haciendo los mismos ejercicios al suelo. En efecto, [&hellip;]<\/p>\n","protected":false},"author":1,"featured_media":0,"parent":0,"menu_order":0,"comment_status":"closed","ping_status":"closed","template":"","meta":{"_et_pb_use_builder":"on","_et_pb_old_content":"","_et_gb_content_width":"","footnotes":""},"_links":{"self":[{"href":"https:\/\/www.power-plate-occasion.com\/es\/wp-json\/wp\/v2\/pages\/64"}],"collection":[{"href":"https:\/\/www.power-plate-occasion.com\/es\/wp-json\/wp\/v2\/pages"}],"about":[{"href":"https:\/\/www.power-plate-occasion.com\/es\/wp-json\/wp\/v2\/types\/page"}],"author":[{"embeddable":true,"href":"https:\/\/www.power-plate-occasion.com\/es\/wp-json\/wp\/v2\/users\/1"}],"replies":[{"embeddable":true,"href":"https:\/\/www.power-plate-occasion.com\/es\/wp-json\/wp\/v2\/comments?post=64"}],"version-history":[{"count":56,"href":"https:\/\/www.power-plate-occasion.com\/es\/wp-json\/wp\/v2\/pages\/64\/revisions"}],"predecessor-version":[{"id":1027,"href":"https:\/\/www.power-plate-occasion.com\/es\/wp-json\/wp\/v2\/pages\/64\/revisions\/1027"}],"wp:attachment":[{"href":"https:\/\/www.power-plate-occasion.com\/es\/wp-json\/wp\/v2\/media?parent=64"}],"curies":[{"name":"wp","href":"https:\/\/api.w.org\/{rel}","templated":true}]}}