{"id":74,"date":"2018-06-16T11:54:47","date_gmt":"2018-06-16T09:54:47","guid":{"rendered":"https:\/\/www.power-plate-occasion.com\/page-2\/"},"modified":"2019-01-18T17:11:44","modified_gmt":"2019-01-18T16:11:44","slug":"usado-garantizado","status":"publish","type":"page","link":"https:\/\/www.power-plate-occasion.com\/es\/usado-garantizado\/","title":{"rendered":"Usado garantizado"},"content":{"rendered":"<p>[et_pb_section bb_built=\u00bb1&#8243; fullwidth=\u00bbon\u00bb _builder_version=\u00bb3.15&#8243; next_background_color=\u00bb#000000&#8243;][et_pb_fullwidth_header title=\u00bbSu Power Plate usado\u00bb subhead=\u00bbGarantizado y revisado \/ posibilidad de pagar en varios pagos sin intereses\u00bb _builder_version=\u00bb3.9&#8243; title_font=\u00bbLobster||||||||\u00bb title_font_size=\u00bb20px\u00bb title_text_shadow_style=\u00bbpreset3&#8243; title_text_shadow_color=\u00bbrgba(255,255,255,0.4)\u00bb content_font_size=\u00bb26px\u00bb background_image=\u00bbhttps:\/\/www.power-plate-occasion.com\/wp-content\/uploads\/2018\/08\/modele-power-plate-occasion-disponible-2.jpg\u00bb background_layout=\u00bblight\u00bb max_width_tablet=\u00bb50px\u00bb text_shadow_style=\u00bbpreset3&#8243; text_shadow_color=\u00bbrgba(255,255,255,0.4)\u00bb background_url=\u00bbhttps:\/\/www.power-plate-occasion.com\/wp-content\/uploads\/2018\/06\/power-plate-occasion-pro5-2.jpg\u00bb]<\/p>\n<p>&nbsp;<\/p>\n<p>[\/et_pb_fullwidth_header][\/et_pb_section][et_pb_section bb_built=\u00bb1&#8243; admin_label=\u00bbsection\u00bb _builder_version=\u00bb3.15&#8243; prev_background_color=\u00bb#000000&#8243; next_background_color=\u00bb#000000&#8243; module_id=\u00bbrango\u00bb][et_pb_row admin_label=\u00bbrow\u00bb _builder_version=\u00bb3.0.47&#8243; background_size=\u00bbinitial\u00bb background_position=\u00bbtop_left\u00bb background_repeat=\u00bbrepeat\u00bb][et_pb_column type=\u00bb4_4&#8243;][et_pb_text _builder_version=\u00bb3.9&#8243; header_2_font=\u00bbLobster||||||||\u00bb header_3_font=\u00bbLobster Two||||||||\u00bb header_4_font=\u00bbLobster Two||||||||\u00bb background_size=\u00bbinitial\u00bb background_position=\u00bbtop_left\u00bb background_repeat=\u00bbrepeat\u00bb use_border_color=\u00bboff\u00bb]<\/p>\n<h2 style=\"text-align: center;\">Power Plate ha desarrollado una gama de aparatos para uso en casa<\/h2>\n<p>[\/et_pb_text][\/et_pb_column][\/et_pb_row][et_pb_row _builder_version=\u00bb3.0.48&#8243; background_size=\u00bbinitial\u00bb background_position=\u00bbtop_left\u00bb background_repeat=\u00bbrepeat\u00bb][et_pb_column type=\u00bb1_3&#8243;][et_pb_text admin_label=\u00bbPower Plate My3 occasion\u00bb _builder_version=\u00bb3.9&#8243; background_size=\u00bbcontain\u00bb background_blend=\u00bblighten\u00bb]<\/p>\n<h4>Power Plate My3 usado<\/h4>\n<p>Es un modelo con frecuencia de 35 Hz con amplitud alta y baja. Tiene un bot\u00f3n \u00abrepetir\u00bb en la columna para facilitar la repetici\u00f3n de  ejercicios cuando Usted se encuentra en posici\u00f3n de plancha, abdominales, lagartijas, &#8230;<\/p>\n<p>[\/et_pb_text][et_pb_image src=\u00bbhttps:\/\/www.power-plate-occasion.com\/wp-content\/uploads\/2018\/07\/power-plate-my3-occasion-1.jpg\u00bb align=\u00bbcenter\u00bb force_fullwidth=\u00bbon\u00bb _builder_version=\u00bb3.9&#8243; box_shadow_style=\u00bbpreset6&#8243; \/][\/et_pb_column][et_pb_column type=\u00bb1_3&#8243;][et_pb_text admin_label=\u00bbPower Plate My5 occasion\u00bb _builder_version=\u00bb3.9&#8243; background_size=\u00bbcontain\u00bb background_blend=\u00bblighten\u00bb]<\/p>\n<h4>Power Plate My5 usado<\/h4>\n<p>El My5 es un modelo muy completo, con 4 programas integrados (ESTIRAMIENTO, REFUERZO, MASAJE y RELAJACI\u00d3N) y un rango de frecuencia de 30 a 40 Hz. Est\u00e1 equipado con un control remoto y una plataforma grande para mayor comodidad .<\/p>\n<p>[\/et_pb_text][et_pb_image src=\u00bbhttps:\/\/www.power-plate-occasion.com\/wp-content\/uploads\/2018\/07\/power-plate-my5-occasion-2-femme.jpg\u00bb align=\u00bbcenter\u00bb force_fullwidth=\u00bbon\u00bb _builder_version=\u00bb3.9&#8243; box_shadow_style=\u00bbpreset6&#8243; \/][\/et_pb_column][et_pb_column type=\u00bb1_3&#8243;][et_pb_text admin_label=\u00bbPower Plate My7 occasion\u00bb _builder_version=\u00bb3.9&#8243; background_size=\u00bbcontain\u00bb background_blend=\u00bblighten\u00bb]<\/p>\n<h4>Power Plate My7 usado<\/h4>\n<p>Este es el Power Plate de alto rango gracias a su plataforma grande, su coach virtual (1000 videos de ejercicios en 250 programas tem\u00e1ticos de 10 a 30 minutos (por tema y por nivel). Tambi\u00e9n incluye cables extensibles para movimientos 3D.<\/p>\n<p>[\/et_pb_text][et_pb_image src=\u00bbhttps:\/\/www.power-plate-occasion.com\/wp-content\/uploads\/2018\/07\/power-plate-my7-occasion-1-homme.jpg\u00bb align=\u00bbcenter\u00bb force_fullwidth=\u00bbon\u00bb _builder_version=\u00bb3.9&#8243; box_shadow_style=\u00bbpreset6&#8243; \/][\/et_pb_column][\/et_pb_row][et_pb_row _builder_version=\u00bb3.0.48&#8243; background_size=\u00bbinitial\u00bb background_position=\u00bbtop_left\u00bb background_repeat=\u00bbrepeat\u00bb][et_pb_column type=\u00bb1_3&#8243;][et_pb_text admin_label=\u00bbPower Plate Compacte occasion \u00bb _builder_version=\u00bb3.9&#8243; background_size=\u00bbcontain\u00bb background_blend=\u00bblighten\u00bb]<\/p>\n<h4>Power Plate compacto usado<\/h4>\n<p>El reci\u00e9n nacido, que r\u00e1pidamente se convirti\u00f3 en un \u00e9xito de ventas, no tiene columna y cabe debajo de la cama. Incluye un control remoto y puede desplazarse a cualquier lugar (solo 18 kilos), lo que permite entrenarse en una terraza.<\/p>\n<p>[\/et_pb_text][et_pb_image src=\u00bbhttps:\/\/www.power-plate-occasion.com\/wp-content\/uploads\/2018\/07\/power-plate-compacte-occasion-1-femme.jpg\u00bb align=\u00bbcenter\u00bb force_fullwidth=\u00bbon\u00bb _builder_version=\u00bb3.9&#8243; box_shadow_style=\u00bbpreset6&#8243; \/][\/et_pb_column][et_pb_column type=\u00bb1_3&#8243;][et_pb_text admin_label=\u00bbPower Plate Pro5 occasion\u00bb _builder_version=\u00bb3.9&#8243; background_size=\u00bbcontain\u00bb background_blend=\u00bblighten\u00bb]<\/p>\n<h4>Power Plate Pro5 usado<\/h4>\n<p>Este es el modelo que encontramos entre los profesionales. Su plataforma es enorme para m\u00e1xima comodidad, su rango de frecuencia es muy amplio y su resistencia es legendaria.<\/p>\n<p>[\/et_pb_text][et_pb_image src=\u00bbhttps:\/\/www.power-plate-occasion.com\/wp-content\/uploads\/2018\/07\/power-plate-pro5-occasion-1-femme.jpg\u00bb align=\u00bbcenter\u00bb force_fullwidth=\u00bbon\u00bb _builder_version=\u00bb3.9&#8243; box_shadow_style=\u00bbpreset6&#8243; \/][\/et_pb_column][et_pb_column type=\u00bb1_3&#8243;][et_pb_cta admin_label=\u00bbAppel d&#8217;action : acc\u00e9der\u00bb button_text=\u00bbAcceso a las ofertas\u00bb use_border_color=\u00bboff\u00bb button_url=\u00bbhttps:\/\/www.power-plate-occasion.com\/es\/usado-garantizado\/#acceso\u00bb background_position=\u00bbtop_left\u00bb background_repeat=\u00bbrepeat\u00bb background_size=\u00bbinitial\u00bb _builder_version=\u00bb3.15&#8243; header_font=\u00bbLobster Two||||||||\u00bb custom_button=\u00bbon\u00bb button_text_color=\u00bb#00ddcf\u00bb header_text_color=\u00bb#333333&#8243; body_text_color=\u00bb#333333&#8243; background_layout=\u00bblight\u00bb header_text_align=\u00bbcenter\u00bb button_alignment=\u00bbcenter\u00bb background_color=\u00bb#ffffff\u00bb use_background_color=\u00bboff\u00bb header_level=\u00bbh3&#8243; header_font_size=\u00bb19&#8243; button_text_size=\u00bb19&#8243; button_text_shadow_vertical_length=\u00bb0.1em\u00bb button_text_shadow_blur_strength=\u00bb0.1em\u00bb box_shadow_style_button=\u00bbpreset2&#8243; title=\u00bbAcceso a los Power Plate usados disponibles\u00bb \/][\/et_pb_column][\/et_pb_row][\/et_pb_section][et_pb_section bb_built=\u00bb1&#8243; fullwidth=\u00bbon\u00bb _builder_version=\u00bb3.15&#8243; prev_background_color=\u00bb#000000&#8243; next_background_color=\u00bb#000000&#8243;][et_pb_fullwidth_header admin_label=\u00bbEn-t\u00eate plein \u00e9cran : Trouvez la Power Plate qui vous correspond !\u00bb title=\u00bbEncuentre el Power Plate que le convenga !\u00bb text_orientation=\u00bbcenter\u00bb _builder_version=\u00bb3.9&#8243; title_level=\u00bbh2&#8243; background_layout=\u00bblight\u00bb text_shadow_style=\u00bbpreset5&#8243; \/][\/et_pb_section][et_pb_section bb_built=\u00bb1&#8243; _builder_version=\u00bb3.15&#8243; prev_background_color=\u00bb#000000&#8243; next_background_color=\u00bb#000000&#8243;][et_pb_row _builder_version=\u00bb3.0.48&#8243; background_size=\u00bbinitial\u00bb background_position=\u00bbtop_left\u00bb background_repeat=\u00bbrepeat\u00bb][et_pb_column type=\u00bb1_2&#8243;][et_pb_text _builder_version=\u00bb3.9&#8243; header_2_font=\u00bbLobster||||||||\u00bb header_3_font=\u00bbLobster Two||||||||\u00bb]<\/p>\n<h3>Una amplia gama<\/h3>\n<p>Existen modelos Power Plate de diferentes tama\u00f1os, con menos o m\u00e1s caracter\u00edsticas.<\/p>\n<p>Existen aparatos para todos los gustos, perfiles y presupuestos, pero siempre al mejor precio con la garant\u00eda de tomar la decisi\u00f3n correcta, ya que su m\u00e1quina es revisada, garantizada, funcional y completa.<\/p>\n<p>Usted puede pagar en varios pagos.<br \/>\nY nosotros vamos a su casa a entregar e instalar su m\u00e1quina.<\/p>\n<h3>Un Power Plate que se adapta a sus necesidades<\/h3>\n<p>Tambi\u00e9n lo aconsejamos para que elija el mejor Power Plate seg\u00fan su perfil, su presupuesto y sus objetivos personales (adelgazamiento, deporte, fitness, bienestar, &#8230;)<\/p>\n<h3>Los accesorios<\/h3>\n<p>Entregamos todas las instrucciones relacionadas con los ejercicios de entrenamiento junto con su m\u00e1quina, as\u00ed sabe Usted c\u00f3mo practicar.<\/p>\n<p>Su m\u00e1quina tambi\u00e9n se entrega con todos los accesorios (correas, alfombrillas, control remoto seg\u00fan los modelos, p\u00f3ster de ejercicios, manual de entrenamiento).<\/p>\n<p>[\/et_pb_text][\/et_pb_column][et_pb_column type=\u00bb1_2&#8243;][et_pb_image src=\u00bbhttps:\/\/www.power-plate-occasion.com\/wp-content\/uploads\/2018\/07\/acheter-power-plate-occasion.jpg\u00bb _builder_version=\u00bb3.9&#8243; \/][\/et_pb_column][\/et_pb_row][et_pb_row _builder_version=\u00bb3.0.48&#8243; background_size=\u00bbinitial\u00bb background_position=\u00bbtop_left\u00bb background_repeat=\u00bbrepeat\u00bb][et_pb_column type=\u00bb4_4&#8243;][et_pb_divider height=\u00bb15px\u00bb _builder_version=\u00bb3.9&#8243; \/][et_pb_text _builder_version=\u00bb3.9&#8243; header_2_font=\u00bbLobster||||||||\u00bb header_3_font=\u00bbLobster Two||||||||\u00bb]<\/p>\n<h2 style=\"text-align: center;\">Para que disfrute del mejor precio en su Power Plate usado:<\/h2>\n<p>[\/et_pb_text][\/et_pb_column][\/et_pb_row][et_pb_row _builder_version=\u00bb3.0.48&#8243; background_size=\u00bbinitial\u00bb background_position=\u00bbtop_left\u00bb background_repeat=\u00bbrepeat\u00bb][et_pb_column type=\u00bb1_3&#8243;][et_pb_blurb admin_label=\u00bbR\u00e9sum\u00e9 R\u00e9vis\u00e9s et Garantis\u00bb title=\u00bbRevisados y garantizados\u00bb use_icon=\u00bbon\u00bb font_icon=\u00bb%%45%%\u00bb icon_color=\u00bb#333333&#8243; use_circle=\u00bbon\u00bb use_icon_font_size=\u00bbon\u00bb icon_font_size=\u00bb30px\u00bb _builder_version=\u00bb3.9&#8243; text_orientation=\u00bbcenter\u00bb]<\/p>\n<p>Proponemos modelos usados Power Plate revisados y garantizados<\/p>\n<p>[\/et_pb_blurb][\/et_pb_column][et_pb_column type=\u00bb1_3&#8243;][et_pb_blurb admin_label=\u00bbR\u00e9sum\u00e9 Facilit\u00e9s de paiement\u00bb title=\u00bbFacilidades de pago\u00bb use_icon=\u00bbon\u00bb font_icon=\u00bb%%45%%\u00bb icon_color=\u00bb#333333&#8243; use_circle=\u00bbon\u00bb use_icon_font_size=\u00bbon\u00bb icon_font_size=\u00bb30px\u00bb _builder_version=\u00bb3.9&#8243; text_orientation=\u00bbcenter\u00bb]<\/p>\n<p>Tambi\u00e9n ofrecemos soluciones de financiamiento en varios cheques sin costo.<\/p>\n<p>[\/et_pb_blurb][\/et_pb_column][et_pb_column type=\u00bb1_3&#8243;][et_pb_blurb admin_label=\u00bbR\u00e9sum\u00e9 Livraison &amp; Installation\u00bb title=\u00bbEntrega e instalaci\u00f3n\u00bb use_icon=\u00bbon\u00bb font_icon=\u00bb%%45%%\u00bb icon_color=\u00bb#333333&#8243; use_circle=\u00bbon\u00bb use_icon_font_size=\u00bbon\u00bb icon_font_size=\u00bb30px\u00bb _builder_version=\u00bb3.9&#8243; text_orientation=\u00bbcenter\u00bb]<\/p>\n<p>Entregamos e instalamos su m\u00e1quina en su casa.<\/p>\n<p>[\/et_pb_blurb][\/et_pb_column][\/et_pb_row][et_pb_row _builder_version=\u00bb3.0.48&#8243; background_size=\u00bbinitial\u00bb background_position=\u00bbtop_left\u00bb background_repeat=\u00bbrepeat\u00bb][et_pb_column type=\u00bb1_3&#8243;][et_pb_blurb admin_label=\u00bbR\u00e9sum\u00e9 Pack complet\u00bb title=\u00bbCombo completo\u00bb use_icon=\u00bbon\u00bb font_icon=\u00bb%%45%%\u00bb icon_color=\u00bb#333333&#8243; use_circle=\u00bbon\u00bb use_icon_font_size=\u00bbon\u00bb icon_font_size=\u00bb30px\u00bb _builder_version=\u00bb3.9&#8243; text_orientation=\u00bbcenter\u00bb]<\/p>\n<p>Su m\u00e1quina viene completa (accesorios e instrucciones) y funcional (probada y revisada).<\/p>\n<p>[\/et_pb_blurb][\/et_pb_column][et_pb_column type=\u00bb1_3&#8243;][et_pb_blurb admin_label=\u00bbR\u00e9sum\u00e9 Extension garantie\u00bb title=\u00bbExtension de garantia\u00bb use_icon=\u00bbon\u00bb font_icon=\u00bb%%45%%\u00bb icon_color=\u00bb#333333&#8243; use_circle=\u00bbon\u00bb use_icon_font_size=\u00bbon\u00bb icon_font_size=\u00bb30px\u00bb _builder_version=\u00bb3.9&#8243; text_orientation=\u00bbcenter\u00bb]<\/p>\n<p>Tambi\u00e9n tiene la posibilidad de extender la garant\u00eda si lo desea.<\/p>\n<p>[\/et_pb_blurb][\/et_pb_column][et_pb_column type=\u00bb1_3&#8243;][\/et_pb_column][\/et_pb_row][\/et_pb_section][et_pb_section bb_built=\u00bb1&#8243; fullwidth=\u00bbon\u00bb specialty=\u00bboff\u00bb next_background_color=\u00bb#000000&#8243; prev_background_color=\u00bb#000000&#8243; _builder_version=\u00bb3.15&#8243; module_id=\u00bbmodelos-disponibles\u00bb][et_pb_fullwidth_header admin_label=\u00bbEn-t\u00eate plein \u00e9cran Mod\u00e8les disponibles\u00bb _builder_version=\u00bb3.9&#8243; title=\u00bbModelos disponibles\u00bb text_shadow_style=\u00bbpreset3&#8243; title_font=\u00bbLobster||||||||\u00bb background_color=\u00bb#7ebec5&#8243; background_image=\u00bbhttps:\/\/www.power-plate-occasion.com\/wp-content\/uploads\/2018\/07\/plateforme-power-plate-occasion.jpg\u00bb background_layout=\u00bblight\u00bb text_shadow_color=\u00bbrgba(255,255,255,0.4)\u00bb title_font_size=\u00bb20px\u00bb title_level=\u00bbh2&#8243; \/][\/et_pb_section][et_pb_section bb_built=\u00bb1&#8243; admin_label=\u00bbsection\u00bb _builder_version=\u00bb3.15&#8243; prev_background_color=\u00bb#000000&#8243; next_background_color=\u00bb#171717&#8243;][et_pb_row _builder_version=\u00bb3.0.48&#8243; background_size=\u00bbinitial\u00bb background_position=\u00bbtop_left\u00bb background_repeat=\u00bbrepeat\u00bb][et_pb_column type=\u00bb1_3&#8243;][et_pb_blurb admin_label=\u00bbR\u00e9sum\u00e9 Power Plate My3 occasion\u00bb title=\u00bbPower Plate My3 usado\u00bb use_icon=\u00bbon\u00bb font_icon=\u00bb%%114%%\u00bb icon_color=\u00bb#333333&#8243; use_circle=\u00bbon\u00bb _builder_version=\u00bb3.9&#8243; header_level=\u00bbh2&#8243; header_font=\u00bbLobster||||||||\u00bb header_text_align=\u00bbcenter\u00bb body_text_align=\u00bbcenter\u00bb]<\/p>\n<p>Garant\u00eda de 6 meses extendible a 24 meses<\/p>\n<p>[\/et_pb_blurb][et_pb_image src=\u00bbhttps:\/\/www.power-plate-occasion.com\/wp-content\/uploads\/2018\/07\/acheter-power-plate-my3-occasion.jpg\u00bb _builder_version=\u00bb3.9&#8243; \/][\/et_pb_column][et_pb_column type=\u00bb1_3&#8243;][et_pb_blurb admin_label=\u00bbR\u00e9sum\u00e9 Power Plate My5 occasion\u00bb title=\u00bbPower Plate My5 occasion\u00bb use_icon=\u00bbon\u00bb font_icon=\u00bb%%114%%\u00bb icon_color=\u00bb#333333&#8243; use_circle=\u00bbon\u00bb _builder_version=\u00bb3.9&#8243; header_level=\u00bbh2&#8243; header_font=\u00bbLobster||||||||\u00bb header_text_align=\u00bbcenter\u00bb body_text_align=\u00bbcenter\u00bb]<\/p>\n<p>Garant\u00eda de 6 meses extendible a 24 meses<\/p>\n<p>[\/et_pb_blurb][et_pb_image src=\u00bbhttps:\/\/www.power-plate-occasion.com\/wp-content\/uploads\/2018\/07\/acheter-power-plate-my5-occasion.jpg\u00bb _builder_version=\u00bb3.9&#8243; \/][\/et_pb_column][et_pb_column type=\u00bb1_3&#8243;][et_pb_blurb admin_label=\u00bbR\u00e9sum\u00e9 Power Plate compacte occasion\u00bb title=\u00bbPower Plate compacto usado\u00bb use_icon=\u00bbon\u00bb font_icon=\u00bb%%114%%\u00bb icon_color=\u00bb#333333&#8243; use_circle=\u00bbon\u00bb _builder_version=\u00bb3.9&#8243; header_level=\u00bbh2&#8243; header_font=\u00bbLobster||||||||\u00bb header_text_align=\u00bbcenter\u00bb body_text_align=\u00bbcenter\u00bb]<\/p>\n<p>Garant\u00eda de 6 meses extendible a 24 meses<\/p>\n<p>[\/et_pb_blurb][et_pb_image src=\u00bbhttps:\/\/www.power-plate-occasion.com\/wp-content\/uploads\/2018\/07\/acheter-power-plate-compacte-occasion.jpg\u00bb _builder_version=\u00bb3.9&#8243; \/][\/et_pb_column][\/et_pb_row][\/et_pb_section][et_pb_section bb_built=\u00bb1&#8243; _builder_version=\u00bb3.15&#8243; background_color=\u00bb#171717&#8243; prev_background_color=\u00bb#ffffff\u00bb module_id=\u00bbacceso\u00bb][et_pb_row _builder_version=\u00bb3.9&#8243; background_size=\u00bbinitial\u00bb background_position=\u00bbtop_left\u00bb background_repeat=\u00bbrepeat\u00bb][et_pb_column type=\u00bb1_2&#8243;][et_pb_text admin_label=\u00bb%91contact-form-7 id=%2258%22 title=%22Acceder aux occasions%22%93&#8243; _builder_version=\u00bb3.9&#8243; header_2_font=\u00bbLobster||||||||\u00bb header_2_text_color=\u00bb#00ddcf\u00bb]<\/p>\n<h2>Acceso a las ofertas de usados<\/h2>\n<div role=\"form\" class=\"wpcf7\" id=\"wpcf7-f992-o1\" lang=\"fr-FR\" dir=\"ltr\">\n<div class=\"screen-reader-response\"><p role=\"status\" aria-live=\"polite\" aria-atomic=\"true\"><\/p> <ul><\/ul><\/div>\n<form action=\"\/es\/wp-json\/wp\/v2\/pages\/74#wpcf7-f992-o1\" method=\"post\" class=\"wpcf7-form init\" novalidate=\"novalidate\" data-status=\"init\">\n<div style=\"display: none;\">\n<input type=\"hidden\" name=\"_wpcf7\" value=\"992\" \/>\n<input type=\"hidden\" name=\"_wpcf7_version\" value=\"5.6.1\" \/>\n<input type=\"hidden\" name=\"_wpcf7_locale\" value=\"fr_FR\" \/>\n<input type=\"hidden\" name=\"_wpcf7_unit_tag\" value=\"wpcf7-f992-o1\" \/>\n<input type=\"hidden\" name=\"_wpcf7_container_post\" value=\"0\" \/>\n<input type=\"hidden\" name=\"_wpcf7_posted_data_hash\" value=\"\" \/>\n<\/div>\n<p><label> Apellido*<br \/>\n    <span class=\"wpcf7-form-control-wrap\" data-name=\"your-name\"><input type=\"text\" name=\"your-name\" value=\"\" size=\"40\" class=\"wpcf7-form-control wpcf7-text wpcf7-validates-as-required\" aria-required=\"true\" aria-invalid=\"false\" \/><\/span> <\/label><\/p>\n<p><label> Nombre*<br \/>\n    <span class=\"wpcf7-form-control-wrap\" data-name=\"your-firstname\"><input type=\"text\" name=\"your-firstname\" value=\"\" size=\"40\" class=\"wpcf7-form-control wpcf7-text wpcf7-validates-as-required\" aria-required=\"true\" aria-invalid=\"false\" \/><\/span> <\/label><\/p>\n<p><label> Correo electr\u00f3nico*<br \/>\n    <span class=\"wpcf7-form-control-wrap\" data-name=\"your-email\"><input type=\"email\" name=\"your-email\" value=\"\" size=\"40\" class=\"wpcf7-form-control wpcf7-text wpcf7-email wpcf7-validates-as-required wpcf7-validates-as-email\" aria-required=\"true\" aria-invalid=\"false\" \/><\/span> <\/label><\/p>\n<p><label> Tel\u00e9fono*<br \/>\n    <span class=\"wpcf7-form-control-wrap\" data-name=\"Telephone\"><input type=\"tel\" name=\"Telephone\" value=\"\" size=\"40\" class=\"wpcf7-form-control wpcf7-text wpcf7-tel wpcf7-validates-as-required wpcf7-validates-as-tel\" aria-required=\"true\" aria-invalid=\"false\" \/><\/span> <\/label><\/p>\n<p><label> C\u00f3digo postal*<br \/>\n    <span class=\"wpcf7-form-control-wrap\" data-name=\"code-postal\"><input type=\"text\" name=\"code-postal\" value=\"\" size=\"40\" class=\"wpcf7-form-control wpcf7-text wpcf7-validates-as-required\" aria-required=\"true\" aria-invalid=\"false\" \/><\/span> <\/label><\/p>\n<p><label> Su mensaje<br \/>\n    <span class=\"wpcf7-form-control-wrap\" data-name=\"your-message\"><textarea name=\"your-message\" cols=\"40\" rows=\"10\" class=\"wpcf7-form-control wpcf7-textarea\" aria-invalid=\"false\"><\/textarea><\/span> <\/label><\/p>\n<p><span class=\"wpcf7-form-control-wrap\" data-name=\"checkbox-436\"><span class=\"wpcf7-form-control wpcf7-checkbox wpcf7-validates-as-required wpcf7-exclusive-checkbox\"><span class=\"wpcf7-list-item first last\"><input type=\"checkbox\" name=\"checkbox-436\" value=\"Al marcar esta casilla, usted acepta recibir nuestras ofertas de Power Plate usados por correo electr\u00f3nico.\" \/><span class=\"wpcf7-list-item-label\">Al marcar esta casilla, usted acepta recibir nuestras ofertas de Power Plate usados por correo electr\u00f3nico.<\/span><\/span><\/span><\/span><\/p>\n<p><input type=\"submit\" value=\"Acceso a las ofertas de usados\" class=\"wpcf7-form-control has-spinner wpcf7-submit\" \/><\/p>\n<div class=\"wpcf7-response-output\" aria-hidden=\"true\"><\/div><\/form><\/div>\n<p>[\/et_pb_text][\/et_pb_column][et_pb_column type=\u00bb1_2&#8243;][et_pb_image admin_label=\u00bbImage pro5&#8243; src=\u00bbhttps:\/\/www.power-plate-occasion.com\/wp-content\/uploads\/2018\/08\/acheter-powerplate-pro5.jpg\u00bb _builder_version=\u00bb3.9&#8243; \/][\/et_pb_column][\/et_pb_row][\/et_pb_section]<\/p>\n","protected":false},"excerpt":{"rendered":"<p>&nbsp; Power Plate ha desarrollado una gama de aparatos para uso en casa Power Plate My3 usado Es un modelo con frecuencia de 35 Hz con amplitud alta y baja. Tiene un bot\u00f3n \u00abrepetir\u00bb en la columna para facilitar la repetici\u00f3n de ejercicios cuando Usted se encuentra en posici\u00f3n de plancha, abdominales, lagartijas, &#8230; Power [&hellip;]<\/p>\n","protected":false},"author":1,"featured_media":0,"parent":0,"menu_order":0,"comment_status":"closed","ping_status":"closed","template":"","meta":{"_et_pb_use_builder":"on","_et_pb_old_content":"","_et_gb_content_width":"","footnotes":""},"_links":{"self":[{"href":"https:\/\/www.power-plate-occasion.com\/es\/wp-json\/wp\/v2\/pages\/74"}],"collection":[{"href":"https:\/\/www.power-plate-occasion.com\/es\/wp-json\/wp\/v2\/pages"}],"about":[{"href":"https:\/\/www.power-plate-occasion.com\/es\/wp-json\/wp\/v2\/types\/page"}],"author":[{"embeddable":true,"href":"https:\/\/www.power-plate-occasion.com\/es\/wp-json\/wp\/v2\/users\/1"}],"replies":[{"embeddable":true,"href":"https:\/\/www.power-plate-occasion.com\/es\/wp-json\/wp\/v2\/comments?post=74"}],"version-history":[{"count":35,"href":"https:\/\/www.power-plate-occasion.com\/es\/wp-json\/wp\/v2\/pages\/74\/revisions"}],"predecessor-version":[{"id":1026,"href":"https:\/\/www.power-plate-occasion.com\/es\/wp-json\/wp\/v2\/pages\/74\/revisions\/1026"}],"wp:attachment":[{"href":"https:\/\/www.power-plate-occasion.com\/es\/wp-json\/wp\/v2\/media?parent=74"}],"curies":[{"name":"wp","href":"https:\/\/api.w.org\/{rel}","templated":true}]}}