{"id":82,"date":"2018-06-16T11:55:31","date_gmt":"2018-06-16T09:55:31","guid":{"rendered":"https:\/\/www.power-plate-occasion.com\/page-3\/"},"modified":"2018-08-13T21:12:36","modified_gmt":"2018-08-13T19:12:36","slug":"modeles-disponibles","status":"publish","type":"page","link":"https:\/\/www.power-plate-occasion.com\/es\/modeles-disponibles\/","title":{"rendered":"Mod\u00e8les disponibles"},"content":{"rendered":"<p>[et_pb_section bb_built=\u00bb1&#8243; fullwidth=\u00bbon\u00bb specialty=\u00bboff\u00bb next_background_color=\u00bb#000000&#8243;][et_pb_fullwidth_header _builder_version=\u00bb3.9&#8243; title=\u00bbMod\u00e8les Disponibles\u00bb text_shadow_style=\u00bbpreset3&#8243; title_font=\u00bbLobster||||||||\u00bb background_color=\u00bb#7ebec5&#8243; background_image=\u00bbhttps:\/\/www.power-plate-occasion.com\/wp-content\/uploads\/2018\/07\/plateforme-power-plate-occasion.jpg\u00bb background_layout=\u00bblight\u00bb text_shadow_color=\u00bbrgba(255,255,255,0.4)\u00bb title_font_size=\u00bb20px\u00bb title_level=\u00bbh2&#8243; \/][\/et_pb_section][et_pb_section bb_built=\u00bb1&#8243; admin_label=\u00bbsection\u00bb prev_background_color=\u00bb#000000&#8243;][et_pb_row][et_pb_column type=\u00bb1_3&#8243;][et_pb_blurb admin_label=\u00bbR\u00e9sum\u00e9 Power Plate My3 occasion\u00bb _builder_version=\u00bb3.9&#8243; title=\u00bbPower Plate My3 occasion\u00bb header_text_align=\u00bbcenter\u00bb body_text_align=\u00bbcenter\u00bb use_icon=\u00bbon\u00bb font_icon=\u00bb%%114%%\u00bb icon_color=\u00bb#333333&#8243; use_circle=\u00bbon\u00bb circle_color=\u00bb#00ddcf\u00bb header_font=\u00bbLobster||||||||\u00bb header_level=\u00bbh2&#8243;]<\/p>\n<p>Garantie 6 mois extensible \u00e0 24 mois<\/p>\n<p>[\/et_pb_blurb][et_pb_image _builder_version=\u00bb3.9&#8243; src=\u00bbhttps:\/\/www.power-plate-occasion.com\/wp-content\/uploads\/2018\/07\/acheter-power-plate-my3-occasion.jpg\u00bb \/][\/et_pb_column][et_pb_column type=\u00bb1_3&#8243;][et_pb_blurb admin_label=\u00bbR\u00e9sum\u00e9 Power Plate My5 occasion\u00bb _builder_version=\u00bb3.9&#8243; title=\u00bbPower Plate My5 occasion\u00bb header_text_align=\u00bbcenter\u00bb body_text_align=\u00bbcenter\u00bb use_icon=\u00bbon\u00bb font_icon=\u00bb%%114%%\u00bb icon_color=\u00bb#333333&#8243; use_circle=\u00bbon\u00bb circle_color=\u00bb#00ddcf\u00bb header_font=\u00bbLobster||||||||\u00bb header_level=\u00bbh2&#8243;]<\/p>\n<p>Garantie 6 mois extensible \u00e0 24 mois<\/p>\n<p>[\/et_pb_blurb][et_pb_image _builder_version=\u00bb3.9&#8243; src=\u00bbhttps:\/\/www.power-plate-occasion.com\/wp-content\/uploads\/2018\/07\/acheter-power-plate-my5-occasion.jpg\u00bb \/][\/et_pb_column][et_pb_column type=\u00bb1_3&#8243;][et_pb_blurb admin_label=\u00bbR\u00e9sum\u00e9 Power Plate compacte occasion\u00bb _builder_version=\u00bb3.9&#8243; title=\u00bbPower Plate compacte occasion\u00bb header_text_align=\u00bbcenter\u00bb body_text_align=\u00bbcenter\u00bb use_icon=\u00bbon\u00bb font_icon=\u00bb%%114%%\u00bb icon_color=\u00bb#333333&#8243; use_circle=\u00bbon\u00bb circle_color=\u00bb#00ddcf\u00bb header_font=\u00bbLobster||||||||\u00bb header_level=\u00bbh2&#8243;]<\/p>\n<p>Garantie 6 mois extensible \u00e0 24 mois<\/p>\n<p>[\/et_pb_blurb][et_pb_image _builder_version=\u00bb3.9&#8243; src=\u00bbhttps:\/\/www.power-plate-occasion.com\/wp-content\/uploads\/2018\/07\/acheter-power-plate-compacte-occasion.jpg\u00bb \/][\/et_pb_column][\/et_pb_row][et_pb_row][et_pb_column type=\u00bb4_4&#8243;][et_pb_divider _builder_version=\u00bb3.9&#8243; color=\u00bb#00ddcf\u00bb height=\u00bb15px\u00bb \/][\/et_pb_column][\/et_pb_row][et_pb_row][et_pb_column type=\u00bb4_4&#8243;][et_pb_contact_form _builder_version=\u00bb3.9&#8243; title=\u00bbVOIR SI IDENTIQUE \u00e0 PRINCIPE + adresse\u00bb][et_pb_contact_field field_title=\u00bbNom\u00bb field_type=\u00bbinput\u00bb field_id=\u00bbName\u00bb required_mark=\u00bbon\u00bb fullwidth_field=\u00bboff\u00bb \/][et_pb_contact_field field_title=\u00bbAdresse e-mail\u00bb field_type=\u00bbemail\u00bb field_id=\u00bbEmail\u00bb required_mark=\u00bbon\u00bb fullwidth_field=\u00bboff\u00bb \/][et_pb_contact_field field_title=\u00bbMessage\u00bb field_type=\u00bbtext\u00bb field_id=\u00bbMessage\u00bb required_mark=\u00bbon\u00bb fullwidth_field=\u00bbon\u00bb \/][\/et_pb_contact_form][\/et_pb_column][\/et_pb_row][\/et_pb_section]<\/p>\n","protected":false},"excerpt":{"rendered":"<p><div class=\"et_pb_row et_pb_row_0 et_pb_row_empty\">\n\t\t\t\t\n\t\t\t\t\n\t\t\t\t\n\t\t\t\t\n\t\t\t\t\n\t\t\t<\/div> Garantie 6 mois extensible \u00e0 24 mois Garantie 6 mois extensible \u00e0 24 mois Garantie 6 mois extensible \u00e0 24 mois <div class=\"et_pb_row et_pb_row_1 et_pb_row_empty\">\n\t\t\t\t\n\t\t\t\t\n\t\t\t\t\n\t\t\t\t\n\t\t\t\t\n\t\t\t<\/div><div class=\"et_pb_row et_pb_row_2 et_pb_row_empty\">\n\t\t\t\t\n\t\t\t\t\n\t\t\t\t\n\t\t\t\t\n\t\t\t\t\n\t\t\t<\/div><\/p>\n","protected":false},"author":1,"featured_media":0,"parent":0,"menu_order":0,"comment_status":"closed","ping_status":"closed","template":"","meta":{"_et_pb_use_builder":"on","_et_pb_old_content":"","_et_gb_content_width":"","footnotes":""},"_links":{"self":[{"href":"https:\/\/www.power-plate-occasion.com\/es\/wp-json\/wp\/v2\/pages\/82"}],"collection":[{"href":"https:\/\/www.power-plate-occasion.com\/es\/wp-json\/wp\/v2\/pages"}],"about":[{"href":"https:\/\/www.power-plate-occasion.com\/es\/wp-json\/wp\/v2\/types\/page"}],"author":[{"embeddable":true,"href":"https:\/\/www.power-plate-occasion.com\/es\/wp-json\/wp\/v2\/users\/1"}],"replies":[{"embeddable":true,"href":"https:\/\/www.power-plate-occasion.com\/es\/wp-json\/wp\/v2\/comments?post=82"}],"version-history":[{"count":11,"href":"https:\/\/www.power-plate-occasion.com\/es\/wp-json\/wp\/v2\/pages\/82\/revisions"}],"predecessor-version":[{"id":639,"href":"https:\/\/www.power-plate-occasion.com\/es\/wp-json\/wp\/v2\/pages\/82\/revisions\/639"}],"wp:attachment":[{"href":"https:\/\/www.power-plate-occasion.com\/es\/wp-json\/wp\/v2\/media?parent=82"}],"curies":[{"name":"wp","href":"https:\/\/api.w.org\/{rel}","templated":true}]}}