{"id":18,"date":"2018-06-15T18:31:16","date_gmt":"2018-06-15T16:31:16","guid":{"rendered":"https:\/\/www.power-plate-occasion.com\/?page_id=18"},"modified":"2019-01-18T16:04:41","modified_gmt":"2019-01-18T15:04:41","slug":"18-2","status":"publish","type":"page","link":"https:\/\/www.power-plate-occasion.com\/it\/","title":{"rendered":"Home"},"content":{"rendered":"<p>[et_pb_section bb_built=&#8221;1&#8243; fullwidth=&#8221;on&#8221; specialty=&#8221;off&#8221; next_background_color=&#8221;#000000&#8243;][et_pb_fullwidth_header title=&#8221;Power Plate Usato&#8221; subhead=&#8221;La tua Power Plate usata a prezzo scontato&#8221; background_layout=&#8221;light&#8221; title_font_size=&#8221;35px&#8221; background_image=&#8221;https:\/\/www.power-plate-occasion.com\/wp-content\/uploads\/2018\/08\/power-plate-occasion-accueil-1.jpg&#8221; background_color=&#8221;rgba(255, 255, 255, 0)&#8221; _builder_version=&#8221;3.9&#8243; max_width_tablet=&#8221;50px&#8221; header_fullscreen=&#8221;on&#8221; title_font_size_last_edited=&#8221;on|desktop&#8221; subhead_font_size=&#8221;22px&#8221; subhead_font_size_tablet=&#8221;18px&#8221; subhead_font_size_last_edited=&#8221;on|desktop&#8221; title_font_size_tablet=&#8221;22px&#8221; \/][\/et_pb_section][et_pb_section bb_built=&#8221;1&#8243; admin_label=&#8221;section&#8221; prev_background_color=&#8221;#000000&#8243; next_background_color=&#8221;#00ddcf&#8221; _builder_version=&#8221;3.9&#8243;][et_pb_row background_position=&#8221;top_left&#8221; background_repeat=&#8221;repeat&#8221; background_size=&#8221;initial&#8221;][et_pb_column type=&#8221;1_3&#8243;][et_pb_image src=&#8221;https:\/\/www.power-plate-occasion.com\/wp-content\/uploads\/2018\/06\/power-plate-occasion-pro5-3.jpg&#8221; align=&#8221;center&#8221; force_fullwidth=&#8221;on&#8221; use_border_color=&#8221;off&#8221; animation_style=&#8221;slide&#8221; animation_duration=&#8221;500ms&#8221; animation_intensity_slide=&#8221;10%&#8221; animation_direction=&#8221;left&#8221; _builder_version=&#8221;3.12.2&#8243; box_shadow_style=&#8221;preset1&#8243;]<\/p>\n<p>&amp;nbsp;<\/p>\n<p>[\/et_pb_image][et_pb_cta admin_label=&#8221;Appel d&#8217;action : acc\u00e9der&#8221; button_text=&#8221;Accedi alle Offerte&#8221; use_border_color=&#8221;off&#8221; button_url=&#8221;https:\/\/www.power-plate-occasion.com\/it\/#accesso&#8221; background_position=&#8221;top_left&#8221; background_repeat=&#8221;repeat&#8221; background_size=&#8221;initial&#8221; _builder_version=&#8221;3.12.2&#8243; header_font=&#8221;Lobster Two||||||||&#8221; custom_button=&#8221;on&#8221; button_text_color=&#8221;#00ddcf&#8221; header_text_color=&#8221;#333333&#8243; body_text_color=&#8221;#333333&#8243; background_layout=&#8221;light&#8221; header_text_align=&#8221;center&#8221; button_alignment=&#8221;center&#8221; background_color=&#8221;#ffffff&#8221; use_background_color=&#8221;off&#8221; header_level=&#8221;h3&#8243; header_font_size=&#8221;24&#8243; button_text_size=&#8221;15&#8243; button_text_shadow_vertical_length=&#8221;0.1em&#8221; button_text_shadow_blur_strength=&#8221;0.1em&#8221; box_shadow_style_button=&#8221;preset2&#8243; \/][\/et_pb_column][et_pb_column type=&#8221;2_3&#8243;][et_pb_cta admin_label=&#8221;Appel d&#8217;action : Le principe&#8221; title=&#8221;Il sistema Power Plate&#8221; button_text=&#8221;Scopri Power Plate&#8221; text_orientation=&#8221;left&#8221; use_border_color=&#8221;off&#8221; button_url=&#8221;https:\/\/www.power-plate-occasion.com\/it\/sistema\/&#8221; background_position=&#8221;top_left&#8221; background_repeat=&#8221;repeat&#8221; background_size=&#8221;initial&#8221; _builder_version=&#8221;3.9&#8243; header_font=&#8221;Lobster||||||||&#8221; custom_button=&#8221;on&#8221; button_text_color=&#8221;#ffffff&#8221; header_text_color=&#8221;#333333&#8243; body_text_color=&#8221;#333333&#8243; background_layout=&#8221;light&#8221;]<\/p>\n<p>La Power Plate \u00e8 una pedana di allenamento sulla quale si possono riprodurre dei movimenti sportivi (addominali, flessioni, isometria, squat, affondi) ma anche stretching e massaggi.<\/p>\n<p>La pedana Power Plate usa un sistema di vibrazioni in 3 dimensioni che fa scattare una contrazione muscolare riflessa 3 volte pi\u00f9 efficace delle contrazioni di un esercizio tradizionale.<\/p>\n<p>[\/et_pb_cta][\/et_pb_column][\/et_pb_row][et_pb_row][et_pb_column type=&#8221;4_4&#8243;][et_pb_text admin_label=&#8221;Texte : Votre salle de sport \u00e0 domicile !&#8221; _builder_version=&#8221;3.12.2&#8243;]<\/p>\n<h2>La tua palestra a casa tua con una Power Plate usata !<\/h2>\n<p>Il vantaggio della famosa pedana vibrante Power Plate \u00e8 che si tratta di una macchina di allenamento completa che occuper\u00e0 in casa tua un solo metro quadrato, offrendoti nel contempo la possibilit\u00e0 di far lavorare tutti i muscoli del tuo corpo (a seconda dell&#8217;esercizio) a vari livelli di intensit\u00e0 (modificando la postura). Approfitta di una vera e propria palestra concentrata in un solo apparecchio con una Power Plate usata.<\/p>\n<p>[\/et_pb_text][\/et_pb_column][\/et_pb_row][\/et_pb_section][et_pb_section bb_built=&#8221;1&#8243; admin_label=&#8221;section&#8221; prev_background_color=&#8221;#ffffff&#8221; next_background_color=&#8221;#ffffff&#8221; _builder_version=&#8221;3.9&#8243; background_color=&#8221;#00ddcf&#8221;][et_pb_row][et_pb_column type=&#8221;1_3&#8243;][et_pb_blurb admin_label=&#8221;R\u00e9sum\u00e9 : Votre Power Plate d&#8217;occasion&#8221; _builder_version=&#8221;3.9&#8243; title=&#8221;La tua Power Plate usata&#8221; text_orientation=&#8221;center&#8221; header_level=&#8221;h2&#8243; header_font=&#8221;Lobster||||||||&#8221; url=&#8221;https:\/\/www.power-plate-occasion.com\/occasion-garantie\/&#8221; font_icon=&#8221;%%40%%&#8221; icon_color=&#8221;#ffffff&#8221; circle_color=&#8221;#ffffff&#8221; image=&#8221;https:\/\/www.power-plate-occasion.com\/wp-content\/uploads\/2018\/08\/power-plate-occasion-cercle-1-2.png&#8221;]<\/p>\n<h3>Garantita e controllata<\/h3>\n<p>Power Plate ha sviluppato una gamma di apparecchi per un uso domestico.<\/p>\n<p>[\/et_pb_blurb][\/et_pb_column][et_pb_column type=&#8221;1_3&#8243;][et_pb_blurb admin_label=&#8221;R\u00e9sum\u00e9 : Mod\u00e8les Disponibles&#8221; _builder_version=&#8221;3.9&#8243; title=&#8221;Modelli Disponibili&#8221; text_orientation=&#8221;center&#8221; header_level=&#8221;h2&#8243; header_font=&#8221;Lobster||||||||&#8221; url=&#8221;https:\/\/www.power-plate-occasion.com\/occasion-garantie\/#modeles-disponibles&#8221; font_icon=&#8221;%%40%%&#8221; icon_color=&#8221;#ffffff&#8221; circle_color=&#8221;#ffffff&#8221; image=&#8221;https:\/\/www.power-plate-occasion.com\/wp-content\/uploads\/2018\/08\/occasion-disponible-power-plate-cercle-1.png&#8221;]<\/p>\n<h3>Fai la tua scelta<\/h3>\n<p>Garanzia 6 mesi prolungabile a 24 mesi<\/p>\n<p>[\/et_pb_blurb][\/et_pb_column][et_pb_column type=&#8221;1_3&#8243;][et_pb_blurb admin_label=&#8221;R\u00e9sum\u00e9 : Nouveaut\u00e9 !&#8221; _builder_version=&#8221;3.9&#8243; title=&#8221;Novit\u00e0 !&#8221; text_orientation=&#8221;center&#8221; header_level=&#8221;h2&#8243; header_font=&#8221;Lobster||||||||&#8221; url=&#8221;https:\/\/www.power-plate-occasion.com\/occasion-garantie\/&#8221; font_icon=&#8221;%%40%%&#8221; icon_color=&#8221;#ffffff&#8221; circle_color=&#8221;#ffffff&#8221; image=&#8221;https:\/\/www.power-plate-occasion.com\/wp-content\/uploads\/2018\/08\/power-plate-compacte-personelle-cercle-1.png&#8221;]<\/p>\n<h3>Power Plate compatta<\/h3>\n<p>Puoi riporla dappertutto, anche sotto il letto\u2026<\/p>\n<p>[\/et_pb_blurb][\/et_pb_column][\/et_pb_row][\/et_pb_section][et_pb_section bb_built=&#8221;1&#8243; admin_label=&#8221;section&#8221; prev_background_color=&#8221;#00ddcf&#8221; next_background_color=&#8221;#2d2d2d&#8221; _builder_version=&#8221;3.9&#8243;][et_pb_row background_position=&#8221;top_left&#8221; background_repeat=&#8221;repeat&#8221; background_size=&#8221;initial&#8221;][et_pb_column type=&#8221;1_3&#8243;][et_pb_testimonial admin_label=&#8221;T\u00e9moignage Serena Williams&#8221; use_border_color=&#8221;off&#8221; background_position=&#8221;top_left&#8221; background_repeat=&#8221;repeat&#8221; background_size=&#8221;initial&#8221; border_radii_portrait=&#8221;on|89px|89px|89px|89px&#8221; _builder_version=&#8221;3.9&#8243; author=&#8221;Serena Williams&#8221; job_title=&#8221; Campionessa di tennis&#8221; quote_icon_background_color=&#8221;#f5f5f5&#8243;]<\/p>\n<p>\u00ab L&#8217;allenamento fuori dal campo da tennis \u00e8 per me tanto importante quanto l&#8217;allenamento in campo. Con la macchina Power Plate posso accelerare il mio allenamento fuori dal campo massimizzandone i benefici.\u00a0\u00bb<\/p>\n<p>[\/et_pb_testimonial][et_pb_image _builder_version=&#8221;3.9&#8243; src=&#8221;https:\/\/www.power-plate-occasion.com\/wp-content\/uploads\/2018\/08\/power-plate-c-est-quoi.jpg&#8221; \/][\/et_pb_column][et_pb_column type=&#8221;1_3&#8243;][et_pb_image _builder_version=&#8221;3.9&#8243; src=&#8221;https:\/\/www.power-plate-occasion.com\/wp-content\/uploads\/2018\/08\/power-plate-senior.jpg&#8221; \/][et_pb_testimonial admin_label=&#8221;T\u00e9moignage Hilary Swank&#8221; use_border_color=&#8221;off&#8221; background_position=&#8221;top_left&#8221; background_repeat=&#8221;repeat&#8221; background_size=&#8221;initial&#8221; _builder_version=&#8221;3.9&#8243; author=&#8221;Hilary Swank&#8221; job_title=&#8221;Attrice et Modella&#8221; quote_icon_background_color=&#8221;#f5f5f5&#8243;]<\/p>\n<p>\u00ab\u00a0Ci\u00f2 che mi piace, con la Power Plate, \u00e8 ottenere un allenamento completo a casa mia in pochissimo tempo. Sono veramente impressionata dalla capacit\u00e0 dell&#8217;apparecchio a mirare e sollecitare i muscoli specifici, migliorando nel contempo la mia elasticit\u00e0. Semplicemente, mi fa stare bene.\u00a0\u00bb<\/p>\n<p>[\/et_pb_testimonial][\/et_pb_column][et_pb_column type=&#8221;1_3&#8243;][et_pb_testimonial use_border_color=&#8221;off&#8221; background_position=&#8221;top_left&#8221; background_repeat=&#8221;repeat&#8221; background_size=&#8221;initial&#8221; _builder_version=&#8221;3.9&#8243; author=&#8221;Folie Curieuse&#8221; job_title=&#8221;Blog di bellezza e stile di vita&#8221; quote_icon_background_color=&#8221;#f5f5f5&#8243;]<\/p>\n<p style=\"text-align: left;\">\u00ab Ho fatto ogni volta soltanto delle sessioni di 30 secondi, e non sarei stata capace di fare la sessione completa se le sequenze fossero state pi\u00f9 forti. D&#8217;altronde, alla fine ero KO ! (non vi dico i dolori nei due giorni seguenti).\u00a0\u00bb<em>\u00a0<\/em><\/p>\n<p>[\/et_pb_testimonial][et_pb_image _builder_version=&#8221;3.9&#8243; src=&#8221;https:\/\/www.power-plate-occasion.com\/wp-content\/uploads\/2018\/08\/la-power-plate-compacte.jpg&#8221; \/][\/et_pb_column][\/et_pb_row][\/et_pb_section][et_pb_section bb_built=&#8221;1&#8243; specialty=&#8221;off&#8221; prev_background_color=&#8221;#ffffff&#8221; next_background_color=&#8221;#ffffff&#8221; _builder_version=&#8221;3.12.2&#8243; background_color=&#8221;#2d2d2d&#8221; module_id=&#8221;acceder&#8221;][et_pb_row][et_pb_column type=&#8221;1_2&#8243;][et_pb_text admin_label=&#8221;%91contact-form-7 id=%2258%22 title=%22Acceder aux occasions%22%93&#8243; _builder_version=&#8221;3.9&#8243; header_2_font=&#8221;Lobster||||||||&#8221; header_2_text_color=&#8221;#00ddcf&#8221;]<\/p>\n<h2>Accedi ai prodotti usati<\/h2>\n<div role=\"form\" class=\"wpcf7\" id=\"wpcf7-f928-o1\" lang=\"fr-FR\" dir=\"ltr\">\n<div class=\"screen-reader-response\"><p role=\"status\" aria-live=\"polite\" aria-atomic=\"true\"><\/p> <ul><\/ul><\/div>\n<form action=\"\/it\/wp-json\/wp\/v2\/pages\/18#wpcf7-f928-o1\" method=\"post\" class=\"wpcf7-form init\" novalidate=\"novalidate\" data-status=\"init\">\n<div style=\"display: none;\">\n<input type=\"hidden\" name=\"_wpcf7\" value=\"928\" \/>\n<input type=\"hidden\" name=\"_wpcf7_version\" value=\"5.6.1\" \/>\n<input type=\"hidden\" name=\"_wpcf7_locale\" value=\"fr_FR\" \/>\n<input type=\"hidden\" name=\"_wpcf7_unit_tag\" value=\"wpcf7-f928-o1\" \/>\n<input type=\"hidden\" name=\"_wpcf7_container_post\" value=\"0\" \/>\n<input type=\"hidden\" name=\"_wpcf7_posted_data_hash\" value=\"\" \/>\n<\/div>\n<p><label> Cognome*<br \/>\n    <span class=\"wpcf7-form-control-wrap\" data-name=\"your-name\"><input type=\"text\" name=\"your-name\" value=\"\" size=\"40\" class=\"wpcf7-form-control wpcf7-text wpcf7-validates-as-required\" aria-required=\"true\" aria-invalid=\"false\" \/><\/span> <\/label><\/p>\n<p><label> Nome*<br \/>\n    <span class=\"wpcf7-form-control-wrap\" data-name=\"your-firstname\"><input type=\"text\" name=\"your-firstname\" value=\"\" size=\"40\" class=\"wpcf7-form-control wpcf7-text wpcf7-validates-as-required\" aria-required=\"true\" aria-invalid=\"false\" \/><\/span> <\/label><\/p>\n<p><label> Indirizzo e-mail*<br \/>\n    <span class=\"wpcf7-form-control-wrap\" data-name=\"your-email\"><input type=\"email\" name=\"your-email\" value=\"\" size=\"40\" class=\"wpcf7-form-control wpcf7-text wpcf7-email wpcf7-validates-as-required wpcf7-validates-as-email\" aria-required=\"true\" aria-invalid=\"false\" \/><\/span> <\/label><\/p>\n<p><label> Telefono*<br \/>\n    <span class=\"wpcf7-form-control-wrap\" data-name=\"Telephone\"><input type=\"tel\" name=\"Telephone\" value=\"\" size=\"40\" class=\"wpcf7-form-control wpcf7-text wpcf7-tel wpcf7-validates-as-required wpcf7-validates-as-tel\" aria-required=\"true\" aria-invalid=\"false\" \/><\/span> <\/label><\/p>\n<p><label> C.A.P.*<br \/>\n    <span class=\"wpcf7-form-control-wrap\" data-name=\"code-postal\"><input type=\"text\" name=\"code-postal\" value=\"\" size=\"40\" class=\"wpcf7-form-control wpcf7-text wpcf7-validates-as-required\" aria-required=\"true\" aria-invalid=\"false\" \/><\/span> <\/label><\/p>\n<p><label> Il tuo messaggio<br \/>\n    <span class=\"wpcf7-form-control-wrap\" data-name=\"your-message\"><textarea name=\"your-message\" cols=\"40\" rows=\"10\" class=\"wpcf7-form-control wpcf7-textarea\" aria-invalid=\"false\"><\/textarea><\/span> <\/label><\/p>\n<p><span class=\"wpcf7-form-control-wrap\" data-name=\"checkbox-436\"><span class=\"wpcf7-form-control wpcf7-checkbox wpcf7-validates-as-required wpcf7-exclusive-checkbox\"><span class=\"wpcf7-list-item first last\"><input type=\"checkbox\" name=\"checkbox-436\" value=\"Cliccando qui, accetti di ricevere le nostre offerte sui prodotti usati Power Plate via mail.\" \/><span class=\"wpcf7-list-item-label\">Cliccando qui, accetti di ricevere le nostre offerte sui prodotti usati Power Plate via mail.<\/span><\/span><\/span><\/span><\/p>\n<p><input type=\"submit\" value=\"Accedi ai prodotti usati\" class=\"wpcf7-form-control has-spinner wpcf7-submit\" \/><\/p>\n<div class=\"wpcf7-response-output\" aria-hidden=\"true\"><\/div><\/form><\/div>\n<p>[\/et_pb_text][\/et_pb_column][et_pb_column type=&#8221;1_2&#8243;][et_pb_image admin_label=&#8221;Image pro5&#8243; _builder_version=&#8221;3.9&#8243; src=&#8221;https:\/\/www.power-plate-occasion.com\/wp-content\/uploads\/2018\/08\/acheter-powerplate-pro5.jpg&#8221; \/][\/et_pb_column][\/et_pb_row][\/et_pb_section][et_pb_section bb_built=&#8221;1&#8243; fullwidth=&#8221;on&#8221; specialty=&#8221;off&#8221; prev_background_color=&#8221;#2d2d2d&#8221;][et_pb_fullwidth_image src=&#8221;https:\/\/www.power-plate-occasion.com\/wp-content\/uploads\/2018\/06\/power-plate-pro7-occasion.jpg&#8221; show_in_lightbox=&#8221;off&#8221; url_new_window=&#8221;off&#8221; use_overlay=&#8221;off&#8221; animation=&#8221;left&#8221; use_border_color=&#8221;off&#8221; border_color=&#8221;#ffffff&#8221; border_style=&#8221;solid&#8221; animation_style=&#8221;slide&#8221; animation_duration=&#8221;500ms&#8221; animation_intensity_slide=&#8221;10%&#8221; animation_direction=&#8221;left&#8221;]<\/p>\n<p>&amp;nbsp;<\/p>\n<p>[\/et_pb_fullwidth_image][\/et_pb_section]<\/p>\n","protected":false},"excerpt":{"rendered":"<p>&amp;nbsp; La Power Plate \u00e8 una pedana di allenamento sulla quale si possono riprodurre dei movimenti sportivi (addominali, flessioni, isometria, squat, affondi) ma anche stretching e massaggi. La pedana Power Plate usa un sistema di vibrazioni in 3 dimensioni che fa scattare una contrazione muscolare riflessa 3 volte pi\u00f9 efficace delle contrazioni di un esercizio [&hellip;]<\/p>\n","protected":false},"author":1,"featured_media":0,"parent":0,"menu_order":0,"comment_status":"closed","ping_status":"closed","template":"","meta":{"_et_pb_use_builder":"on","_et_pb_old_content":"","_et_gb_content_width":"","footnotes":""},"_links":{"self":[{"href":"https:\/\/www.power-plate-occasion.com\/it\/wp-json\/wp\/v2\/pages\/18"}],"collection":[{"href":"https:\/\/www.power-plate-occasion.com\/it\/wp-json\/wp\/v2\/pages"}],"about":[{"href":"https:\/\/www.power-plate-occasion.com\/it\/wp-json\/wp\/v2\/types\/page"}],"author":[{"embeddable":true,"href":"https:\/\/www.power-plate-occasion.com\/it\/wp-json\/wp\/v2\/users\/1"}],"replies":[{"embeddable":true,"href":"https:\/\/www.power-plate-occasion.com\/it\/wp-json\/wp\/v2\/comments?post=18"}],"version-history":[{"count":18,"href":"https:\/\/www.power-plate-occasion.com\/it\/wp-json\/wp\/v2\/pages\/18\/revisions"}],"predecessor-version":[{"id":991,"href":"https:\/\/www.power-plate-occasion.com\/it\/wp-json\/wp\/v2\/pages\/18\/revisions\/991"}],"wp:attachment":[{"href":"https:\/\/www.power-plate-occasion.com\/it\/wp-json\/wp\/v2\/media?parent=18"}],"curies":[{"name":"wp","href":"https:\/\/api.w.org\/{rel}","templated":true}]}}