{"id":73,"date":"2018-06-16T11:54:47","date_gmt":"2018-06-16T09:54:47","guid":{"rendered":"https:\/\/www.power-plate-occasion.com\/page-2\/"},"modified":"2019-01-18T17:01:48","modified_gmt":"2019-01-18T16:01:48","slug":"usato-garantito","status":"publish","type":"page","link":"https:\/\/www.power-plate-occasion.com\/it\/usato-garantito\/","title":{"rendered":"Usato garantito"},"content":{"rendered":"<p>[et_pb_section bb_built=&#8221;1&#8243; fullwidth=&#8221;on&#8221; _builder_version=&#8221;3.0.47&#8243; next_background_color=&#8221;#000000&#8243;][et_pb_fullwidth_header title=&#8221;La tua Power Plate Usata&#8221; subhead=&#8221;Garantita e controllata \/ Possibilit\u00e0 di pagamento rateale a Tasso Zero&#8221; _builder_version=&#8221;3.9&#8243; title_font=&#8221;Lobster||||||||&#8221; title_font_size=&#8221;20px&#8221; title_text_shadow_style=&#8221;preset3&#8243; title_text_shadow_color=&#8221;rgba(255,255,255,0.4)&#8221; content_font_size=&#8221;26px&#8221; background_image=&#8221;https:\/\/www.power-plate-occasion.com\/wp-content\/uploads\/2018\/08\/modele-power-plate-occasion-disponible-2.jpg&#8221; background_layout=&#8221;light&#8221; max_width_tablet=&#8221;50px&#8221; text_shadow_style=&#8221;preset3&#8243; text_shadow_color=&#8221;rgba(255,255,255,0.4)&#8221; background_url=&#8221;https:\/\/www.power-plate-occasion.com\/wp-content\/uploads\/2018\/06\/power-plate-occasion-pro5-2.jpg&#8221;]<\/p>\n<p>&nbsp;<\/p>\n<p>[\/et_pb_fullwidth_header][\/et_pb_section][et_pb_section bb_built=&#8221;1&#8243; admin_label=&#8221;section&#8221; _builder_version=&#8221;3.9&#8243; prev_background_color=&#8221;#000000&#8243; next_background_color=&#8221;#000000&#8243; module_id=&#8221;gamme&#8221;][et_pb_row admin_label=&#8221;row&#8221; _builder_version=&#8221;3.0.47&#8243; background_size=&#8221;initial&#8221; background_position=&#8221;top_left&#8221; background_repeat=&#8221;repeat&#8221;][et_pb_column type=&#8221;4_4&#8243;][et_pb_text _builder_version=&#8221;3.9&#8243; header_2_font=&#8221;Lobster||||||||&#8221; header_3_font=&#8221;Lobster Two||||||||&#8221; header_4_font=&#8221;Lobster Two||||||||&#8221; background_size=&#8221;initial&#8221; background_position=&#8221;top_left&#8221; background_repeat=&#8221;repeat&#8221; use_border_color=&#8221;off&#8221;]<\/p>\n<h2 style=\"text-align: center;\">Power Plate ha sviluppato una gamma di apparecchi per un uso domestico.<\/h2>\n<p>[\/et_pb_text][\/et_pb_column][\/et_pb_row][et_pb_row _builder_version=&#8221;3.0.48&#8243; background_size=&#8221;initial&#8221; background_position=&#8221;top_left&#8221; background_repeat=&#8221;repeat&#8221;][et_pb_column type=&#8221;1_3&#8243;][et_pb_text admin_label=&#8221;Power Plate My3 occasion&#8221; _builder_version=&#8221;3.9&#8243; background_size=&#8221;contain&#8221; background_blend=&#8221;lighten&#8221;]<br \/>\n<h4Power Plate My3 usata<\/h4>\n<p>\u00c8 un modello dotato di una fraquenza di 35 Hz ad Ampiezza High (alta) e Low (bassa). \u00c8 dotata di un pulsante &#8220;repeat&#8221; sulla colonna per facilitare il riavvio degli esercizi quando si \u00e8 in pedana, addominali, flessioni&#8230;<\/p>\n<p>[\/et_pb_text][et_pb_image src=&#8221;https:\/\/www.power-plate-occasion.com\/wp-content\/uploads\/2018\/07\/power-plate-my3-occasion-1.jpg&#8221; align=&#8221;center&#8221; force_fullwidth=&#8221;on&#8221; _builder_version=&#8221;3.9&#8243; box_shadow_style=&#8221;preset6&#8243; \/][\/et_pb_column][et_pb_column type=&#8221;1_3&#8243;][et_pb_text admin_label=&#8221;Power Plate My5 occasion&#8221; _builder_version=&#8221;3.9&#8243; background_size=&#8221;contain&#8221; background_blend=&#8221;lighten&#8221;]<\/p>\n<h4>Power Plate My5 usata<\/h4>\n<p>La My5 \u00e8 un modello completo, con 4 programmi preimpostati (STRETCHING, FORZA, MASSAGGIO e RELAX) e un&#8217;ampiezza di frequenza da 30 a 40 Hz. \u00c8 dotata di un telecomando e di un ampio piatto per un maggior confort.<\/p>\n<p>[\/et_pb_text][et_pb_image src=&#8221;https:\/\/www.power-plate-occasion.com\/wp-content\/uploads\/2018\/07\/power-plate-my5-occasion-2-femme.jpg&#8221; align=&#8221;center&#8221; force_fullwidth=&#8221;on&#8221; _builder_version=&#8221;3.9&#8243; box_shadow_style=&#8221;preset6&#8243; \/][\/et_pb_column][et_pb_column type=&#8221;1_3&#8243;][et_pb_text admin_label=&#8221;Power Plate My7 occasion&#8221; _builder_version=&#8221;3.9&#8243; background_size=&#8221;contain&#8221; background_blend=&#8221;lighten&#8221;]<\/p>\n<h4>Power Plate My7 usata<\/h4>\n<p>\u00c8 il Top di gamma Power Plate grazie al suo ampio piatto, il suo Personal Trainer virtuale (1000 video di esercizi in 250 programmi preimpostati per tipologia e livello da 10 a 30 minuti). \u00c8 dotata inoltre di cinghie regolabili per movimenti tridimensionali.<\/p>\n<p>[\/et_pb_text][et_pb_image src=&#8221;https:\/\/www.power-plate-occasion.com\/wp-content\/uploads\/2018\/07\/power-plate-my7-occasion-1-homme.jpg&#8221; align=&#8221;center&#8221; force_fullwidth=&#8221;on&#8221; _builder_version=&#8221;3.9&#8243; box_shadow_style=&#8221;preset6&#8243; \/][\/et_pb_column][\/et_pb_row][et_pb_row _builder_version=&#8221;3.0.48&#8243; background_size=&#8221;initial&#8221; background_position=&#8221;top_left&#8221; background_repeat=&#8221;repeat&#8221;][et_pb_column type=&#8221;1_3&#8243;][et_pb_text admin_label=&#8221;Power Plate Compacte occasion &#8221; _builder_version=&#8221;3.9&#8243; background_size=&#8221;contain&#8221; background_blend=&#8221;lighten&#8221;]<\/p>\n<h4>Power Plate Compatta usata<\/h4>\n<p>La piccola beniamina che \u00e8 diventata in poco tempo un best-seller, \u00e8 priva di colonna e si ripone sotto il letto. Viene consegnata con un telecomando e si pu\u00f2 spostare dappertutto (solo 18 chili), per allenarsi anche in terrazza.<\/p>\n<p>[\/et_pb_text][et_pb_image src=&#8221;https:\/\/www.power-plate-occasion.com\/wp-content\/uploads\/2018\/07\/power-plate-compacte-occasion-1-femme.jpg&#8221; align=&#8221;center&#8221; force_fullwidth=&#8221;on&#8221; _builder_version=&#8221;3.9&#8243; box_shadow_style=&#8221;preset6&#8243; \/][\/et_pb_column][et_pb_column type=&#8221;1_3&#8243;][et_pb_text admin_label=&#8221;Power Plate Pro5 occasion&#8221; _builder_version=&#8221;3.9&#8243; background_size=&#8221;contain&#8221; background_blend=&#8221;lighten&#8221;]<\/p>\n<h4>Power Plate Pro5 usata<\/h4>\n<p>\u00c8 il modello che si ritrova presso i professionisti. Il suo piatto \u00e8 enorme per il massimo del confort, il suo campo di frequenza \u00e8 molto ampio e la sua resistenza \u00e8 leggendaria.<\/p>\n<p>[\/et_pb_text][et_pb_image src=&#8221;https:\/\/www.power-plate-occasion.com\/wp-content\/uploads\/2018\/07\/power-plate-pro5-occasion-1-femme.jpg&#8221; align=&#8221;center&#8221; force_fullwidth=&#8221;on&#8221; _builder_version=&#8221;3.9&#8243; box_shadow_style=&#8221;preset6&#8243; \/][\/et_pb_column][et_pb_column type=&#8221;1_3&#8243;][et_pb_cta admin_label=&#8221;Appel d&#8217;action : acc\u00e9der&#8221; button_text=&#8221;Accedi alle offerte&#8221; use_border_color=&#8221;off&#8221; button_url=&#8221;https:\/\/www.power-plate-occasion.com\/it\/usato-garantito\/#acceder&#8221; background_position=&#8221;top_left&#8221; background_repeat=&#8221;repeat&#8221; background_size=&#8221;initial&#8221; _builder_version=&#8221;3.12.2&#8243; header_font=&#8221;Lobster Two||||||||&#8221; custom_button=&#8221;on&#8221; button_text_color=&#8221;#00ddcf&#8221; header_text_color=&#8221;#333333&#8243; body_text_color=&#8221;#333333&#8243; background_layout=&#8221;light&#8221; header_text_align=&#8221;center&#8221; button_alignment=&#8221;center&#8221; background_color=&#8221;#ffffff&#8221; use_background_color=&#8221;off&#8221; header_level=&#8221;h3&#8243; header_font_size=&#8221;19&#8243; button_text_size=&#8221;19&#8243; button_text_shadow_vertical_length=&#8221;0.1em&#8221; button_text_shadow_blur_strength=&#8221;0.1em&#8221; box_shadow_style_button=&#8221;preset2&#8243; title=&#8221;Accedi ai prodotti Power Plate usati disponibili&#8221; \/][\/et_pb_column][\/et_pb_row][\/et_pb_section][et_pb_section bb_built=&#8221;1&#8243; fullwidth=&#8221;on&#8221; _builder_version=&#8221;3.9&#8243; prev_background_color=&#8221;#000000&#8243; next_background_color=&#8221;#000000&#8243;][et_pb_fullwidth_header admin_label=&#8221;En-t\u00eate plein \u00e9cran : Trouvez la Power Plate qui vous correspond !&#8221; title=&#8221;Trova la Power Plate adatta a te !&#8221; text_orientation=&#8221;center&#8221; _builder_version=&#8221;3.9&#8243; title_level=&#8221;h2&#8243; background_layout=&#8221;light&#8221; text_shadow_style=&#8221;preset5&#8243; \/][\/et_pb_section][et_pb_section bb_built=&#8221;1&#8243; _builder_version=&#8221;3.0.47&#8243; prev_background_color=&#8221;#000000&#8243; next_background_color=&#8221;#000000&#8243;][et_pb_row _builder_version=&#8221;3.0.48&#8243; background_size=&#8221;initial&#8221; background_position=&#8221;top_left&#8221; background_repeat=&#8221;repeat&#8221;][et_pb_column type=&#8221;1_2&#8243;][et_pb_text _builder_version=&#8221;3.9&#8243; header_2_font=&#8221;Lobster||||||||&#8221; header_3_font=&#8221;Lobster Two||||||||&#8221;]<\/p>\n<h3>Un&#8217;ampia gamma<\/h3>\n<p>Esistono medelli Power Plate di varie dimensioni e e con pi\u00f9 o meno funzionalit\u00e0.<\/p>\n<p>Ce n&#8217;\u00e8 per tutti i gusti, tutti i profili e tutte le tasche, ma sempre al miglior prezzo con la garanzia di fare la scelta giusta poich\u00e9 il tuo apparecchio \u00e8 controllato, garantito, funzionante e completo.<\/p>\n<p>Puoi anche effettuare un pagamento rateale.<br \/>\nE veniamo a consegnare &#038; installare l&#8217;apparecchio a casa tua.<\/p>\n<h3>Una Power Plate adatta alle tue esigenze<\/h3>\n<p>Ti guidiamo inoltre per scegliere la miglior Power Plate a seconda del tuo profilo, del tuo budget e dei tuoi obiettivi personali (dimagrimento, allenamento sportivo, rimessa in forma, benessere,\u2026)<\/p>\n<h3>Gli accessori<\/h3>\n<p>Consegniamo insieme al tuo apparecchio il manuale d&#8217;uso con gli esercizi di allenamento, cos\u00ec saprai come allenarti.<\/p>\n<p>Il tuo apparecchio viene inoltre consegnato insieme a tutti gli accessori (cinghie, tappetini per la pedana, telecomando a seconda del modello, poster degli esercizi, libretto di allenamento).<\/p>\n<p>[\/et_pb_text][\/et_pb_column][et_pb_column type=&#8221;1_2&#8243;][et_pb_image src=&#8221;https:\/\/www.power-plate-occasion.com\/wp-content\/uploads\/2018\/07\/acheter-power-plate-occasion.jpg&#8221; _builder_version=&#8221;3.9&#8243; \/][\/et_pb_column][\/et_pb_row][et_pb_row _builder_version=&#8221;3.0.48&#8243; background_size=&#8221;initial&#8221; background_position=&#8221;top_left&#8221; background_repeat=&#8221;repeat&#8221;][et_pb_column type=&#8221;4_4&#8243;][et_pb_divider height=&#8221;15px&#8221; _builder_version=&#8221;3.9&#8243; \/][et_pb_text _builder_version=&#8221;3.9&#8243; header_2_font=&#8221;Lobster||||||||&#8221; header_3_font=&#8221;Lobster Two||||||||&#8221;]<\/p>\n<h2 style=\"text-align: center;\">Per farti beneficiare del miglior prezzo sul tuo Power Plate usato :<\/h2>\n<p>[\/et_pb_text][\/et_pb_column][\/et_pb_row][et_pb_row _builder_version=&#8221;3.0.48&#8243; background_size=&#8221;initial&#8221; background_position=&#8221;top_left&#8221; background_repeat=&#8221;repeat&#8221;][et_pb_column type=&#8221;1_3&#8243;][et_pb_blurb admin_label=&#8221;R\u00e9sum\u00e9 R\u00e9vis\u00e9s et Garantis&#8221; title=&#8221;Controllati e garantiti&#8221; use_icon=&#8221;on&#8221; font_icon=&#8221;%%45%%&#8221; icon_color=&#8221;#333333&#8243; use_circle=&#8221;on&#8221; use_icon_font_size=&#8221;on&#8221; icon_font_size=&#8221;30px&#8221; _builder_version=&#8221;3.9&#8243; text_orientation=&#8221;center&#8221;]<\/p>\n<p>Proponiamo prodotti Power Plate usati controllati e garantiti<\/p>\n<p>[\/et_pb_blurb][\/et_pb_column][et_pb_column type=&#8221;1_3&#8243;][et_pb_blurb admin_label=&#8221;R\u00e9sum\u00e9 Facilit\u00e9s de paiement&#8221; title=&#8221;Agevolazioni di pagamento&#8221; use_icon=&#8221;on&#8221; font_icon=&#8221;%%45%%&#8221; icon_color=&#8221;#333333&#8243; use_circle=&#8221;on&#8221; use_icon_font_size=&#8221;on&#8221; icon_font_size=&#8221;30px&#8221; _builder_version=&#8221;3.9&#8243; text_orientation=&#8221;center&#8221;]<\/p>\n<p>Proponiamo inoltre delle soluzioni di finanziamento a Tasso Zero.<\/p>\n<p>[\/et_pb_blurb][\/et_pb_column][et_pb_column type=&#8221;1_3&#8243;][et_pb_blurb admin_label=&#8221;R\u00e9sum\u00e9 Livraison &amp; Installation&#8221; title=&#8221;Consegna &amp;amp; Installazione&#8221; use_icon=&#8221;on&#8221; font_icon=&#8221;%%45%%&#8221; icon_color=&#8221;#333333&#8243; use_circle=&#8221;on&#8221; use_icon_font_size=&#8221;on&#8221; icon_font_size=&#8221;30px&#8221; _builder_version=&#8221;3.9&#8243; text_orientation=&#8221;center&#8221;]<\/p>\n<p>Consegniamo e installiamo il tuo apparecchio a casa tua.<\/p>\n<p>[\/et_pb_blurb][\/et_pb_column][\/et_pb_row][et_pb_row _builder_version=&#8221;3.0.48&#8243; background_size=&#8221;initial&#8221; background_position=&#8221;top_left&#8221; background_repeat=&#8221;repeat&#8221;][et_pb_column type=&#8221;1_3&#8243;][et_pb_blurb admin_label=&#8221;R\u00e9sum\u00e9 Pack complet&#8221; title=&#8221;Pack completo&#8221; use_icon=&#8221;on&#8221; font_icon=&#8221;%%45%%&#8221; icon_color=&#8221;#333333&#8243; use_circle=&#8221;on&#8221; use_icon_font_size=&#8221;on&#8221; icon_font_size=&#8221;30px&#8221; _builder_version=&#8221;3.9&#8243; text_orientation=&#8221;center&#8221;]<\/p>\n<p>Il tuo apparecchio \u00e8 completo (accessori e manuale d&#8217;uso) e funzionante (collaudato &#038; controllato).<\/p>\n<p>[\/et_pb_blurb][\/et_pb_column][et_pb_column type=&#8221;1_3&#8243;][et_pb_blurb admin_label=&#8221;R\u00e9sum\u00e9 Extension garantie&#8221; title=&#8221;Garanzia prolungabile&#8221; use_icon=&#8221;on&#8221; font_icon=&#8221;%%45%%&#8221; icon_color=&#8221;#333333&#8243; use_circle=&#8221;on&#8221; use_icon_font_size=&#8221;on&#8221; icon_font_size=&#8221;30px&#8221; _builder_version=&#8221;3.9&#8243; text_orientation=&#8221;center&#8221;]<\/p>\n<p>Hai inoltre la possibilit\u00e0 di prolungare la garanzia se lo desideri.<\/p>\n<p>[\/et_pb_blurb][\/et_pb_column][et_pb_column type=&#8221;1_3&#8243;][\/et_pb_column][\/et_pb_row][\/et_pb_section][et_pb_section bb_built=&#8221;1&#8243; fullwidth=&#8221;on&#8221; specialty=&#8221;off&#8221; next_background_color=&#8221;#000000&#8243; prev_background_color=&#8221;#000000&#8243; _builder_version=&#8221;3.9&#8243; module_id=&#8221;modeles-disponibles&#8221;][et_pb_fullwidth_header admin_label=&#8221;En-t\u00eate plein \u00e9cran Mod\u00e8les disponibles&#8221; _builder_version=&#8221;3.9&#8243; title=&#8221;Modelli Disponibili&#8221; text_shadow_style=&#8221;preset3&#8243; title_font=&#8221;Lobster||||||||&#8221; background_color=&#8221;#7ebec5&#8243; background_image=&#8221;https:\/\/www.power-plate-occasion.com\/wp-content\/uploads\/2018\/07\/plateforme-power-plate-occasion.jpg&#8221; background_layout=&#8221;light&#8221; text_shadow_color=&#8221;rgba(255,255,255,0.4)&#8221; title_font_size=&#8221;20px&#8221; title_level=&#8221;h2&#8243; \/][\/et_pb_section][et_pb_section bb_built=&#8221;1&#8243; admin_label=&#8221;section&#8221; _builder_version=&#8221;3.9&#8243; prev_background_color=&#8221;#000000&#8243; next_background_color=&#8221;#171717&#8243;][et_pb_row _builder_version=&#8221;3.0.48&#8243; background_size=&#8221;initial&#8221; background_position=&#8221;top_left&#8221; background_repeat=&#8221;repeat&#8221;][et_pb_column type=&#8221;1_3&#8243;][et_pb_blurb admin_label=&#8221;R\u00e9sum\u00e9 Power Plate My3 occasion&#8221; title=&#8221;Power Plate My3 usata&#8221; use_icon=&#8221;on&#8221; font_icon=&#8221;%%114%%&#8221; icon_color=&#8221;#333333&#8243; use_circle=&#8221;on&#8221; _builder_version=&#8221;3.9&#8243; header_level=&#8221;h2&#8243; header_font=&#8221;Lobster||||||||&#8221; header_text_align=&#8221;center&#8221; body_text_align=&#8221;center&#8221;]<\/p>\n<p>Garanzia 6 mesi prolungabile a 24 mesi<\/p>\n<p>[\/et_pb_blurb][et_pb_image src=&#8221;https:\/\/www.power-plate-occasion.com\/wp-content\/uploads\/2018\/07\/acheter-power-plate-my3-occasion.jpg&#8221; _builder_version=&#8221;3.9&#8243; \/][\/et_pb_column][et_pb_column type=&#8221;1_3&#8243;][et_pb_blurb admin_label=&#8221;R\u00e9sum\u00e9 Power Plate My5 occasion&#8221; title=&#8221;Power Plate My5 usata&#8221; use_icon=&#8221;on&#8221; font_icon=&#8221;%%114%%&#8221; icon_color=&#8221;#333333&#8243; use_circle=&#8221;on&#8221; _builder_version=&#8221;3.9&#8243; header_level=&#8221;h2&#8243; header_font=&#8221;Lobster||||||||&#8221; header_text_align=&#8221;center&#8221; body_text_align=&#8221;center&#8221;]<\/p>\n<p>Garanzia 6 mesi prolungabile a 24 mesi<\/p>\n<p>[\/et_pb_blurb][et_pb_image src=&#8221;https:\/\/www.power-plate-occasion.com\/wp-content\/uploads\/2018\/07\/acheter-power-plate-my5-occasion.jpg&#8221; _builder_version=&#8221;3.9&#8243; \/][\/et_pb_column][et_pb_column type=&#8221;1_3&#8243;][et_pb_blurb admin_label=&#8221;R\u00e9sum\u00e9 Power Plate compacte occasion&#8221; title=&#8221;Power Plate Compatta usata&#8221; use_icon=&#8221;on&#8221; font_icon=&#8221;%%114%%&#8221; icon_color=&#8221;#333333&#8243; use_circle=&#8221;on&#8221; _builder_version=&#8221;3.9&#8243; header_level=&#8221;h2&#8243; header_font=&#8221;Lobster||||||||&#8221; header_text_align=&#8221;center&#8221; body_text_align=&#8221;center&#8221;]<\/p>\n<p>Garanzia 6 mesi prolungabile a 24 mesi<\/p>\n<p>[\/et_pb_blurb][et_pb_image src=&#8221;https:\/\/www.power-plate-occasion.com\/wp-content\/uploads\/2018\/07\/acheter-power-plate-compacte-occasion.jpg&#8221; _builder_version=&#8221;3.9&#8243; \/][\/et_pb_column][\/et_pb_row][\/et_pb_section][et_pb_section bb_built=&#8221;1&#8243; _builder_version=&#8221;3.9&#8243; background_color=&#8221;#171717&#8243; prev_background_color=&#8221;#ffffff&#8221; module_id=&#8221;acceder&#8221;][et_pb_row _builder_version=&#8221;3.9&#8243; background_size=&#8221;initial&#8221; background_position=&#8221;top_left&#8221; background_repeat=&#8221;repeat&#8221;][et_pb_column type=&#8221;1_2&#8243;][et_pb_text admin_label=&#8221;%91contact-form-7 id=%2258%22 title=%22Acceder aux occasions%22%93&#8243; _builder_version=&#8221;3.9&#8243; header_2_font=&#8221;Lobster||||||||&#8221; header_2_text_color=&#8221;#00ddcf&#8221;]<\/p>\n<h2>Accedi ai prodotti usati<\/h2>\n<div role=\"form\" class=\"wpcf7\" id=\"wpcf7-f928-o1\" lang=\"fr-FR\" dir=\"ltr\">\n<div class=\"screen-reader-response\"><p role=\"status\" aria-live=\"polite\" aria-atomic=\"true\"><\/p> <ul><\/ul><\/div>\n<form action=\"\/it\/wp-json\/wp\/v2\/pages\/73#wpcf7-f928-o1\" method=\"post\" class=\"wpcf7-form init\" novalidate=\"novalidate\" data-status=\"init\">\n<div style=\"display: none;\">\n<input type=\"hidden\" name=\"_wpcf7\" value=\"928\" \/>\n<input type=\"hidden\" name=\"_wpcf7_version\" value=\"5.6.1\" \/>\n<input type=\"hidden\" name=\"_wpcf7_locale\" value=\"fr_FR\" \/>\n<input type=\"hidden\" name=\"_wpcf7_unit_tag\" value=\"wpcf7-f928-o1\" \/>\n<input type=\"hidden\" name=\"_wpcf7_container_post\" value=\"0\" \/>\n<input type=\"hidden\" name=\"_wpcf7_posted_data_hash\" value=\"\" \/>\n<\/div>\n<p><label> Cognome*<br \/>\n    <span class=\"wpcf7-form-control-wrap\" data-name=\"your-name\"><input type=\"text\" name=\"your-name\" value=\"\" size=\"40\" class=\"wpcf7-form-control wpcf7-text wpcf7-validates-as-required\" aria-required=\"true\" aria-invalid=\"false\" \/><\/span> <\/label><\/p>\n<p><label> Nome*<br \/>\n    <span class=\"wpcf7-form-control-wrap\" data-name=\"your-firstname\"><input type=\"text\" name=\"your-firstname\" value=\"\" size=\"40\" class=\"wpcf7-form-control wpcf7-text wpcf7-validates-as-required\" aria-required=\"true\" aria-invalid=\"false\" \/><\/span> <\/label><\/p>\n<p><label> Indirizzo e-mail*<br \/>\n    <span class=\"wpcf7-form-control-wrap\" data-name=\"your-email\"><input type=\"email\" name=\"your-email\" value=\"\" size=\"40\" class=\"wpcf7-form-control wpcf7-text wpcf7-email wpcf7-validates-as-required wpcf7-validates-as-email\" aria-required=\"true\" aria-invalid=\"false\" \/><\/span> <\/label><\/p>\n<p><label> Telefono*<br \/>\n    <span class=\"wpcf7-form-control-wrap\" data-name=\"Telephone\"><input type=\"tel\" name=\"Telephone\" value=\"\" size=\"40\" class=\"wpcf7-form-control wpcf7-text wpcf7-tel wpcf7-validates-as-required wpcf7-validates-as-tel\" aria-required=\"true\" aria-invalid=\"false\" \/><\/span> <\/label><\/p>\n<p><label> C.A.P.*<br \/>\n    <span class=\"wpcf7-form-control-wrap\" data-name=\"code-postal\"><input type=\"text\" name=\"code-postal\" value=\"\" size=\"40\" class=\"wpcf7-form-control wpcf7-text wpcf7-validates-as-required\" aria-required=\"true\" aria-invalid=\"false\" \/><\/span> <\/label><\/p>\n<p><label> Il tuo messaggio<br \/>\n    <span class=\"wpcf7-form-control-wrap\" data-name=\"your-message\"><textarea name=\"your-message\" cols=\"40\" rows=\"10\" class=\"wpcf7-form-control wpcf7-textarea\" aria-invalid=\"false\"><\/textarea><\/span> <\/label><\/p>\n<p><span class=\"wpcf7-form-control-wrap\" data-name=\"checkbox-436\"><span class=\"wpcf7-form-control wpcf7-checkbox wpcf7-validates-as-required wpcf7-exclusive-checkbox\"><span class=\"wpcf7-list-item first last\"><input type=\"checkbox\" name=\"checkbox-436\" value=\"Cliccando qui, accetti di ricevere le nostre offerte sui prodotti usati Power Plate via mail.\" \/><span class=\"wpcf7-list-item-label\">Cliccando qui, accetti di ricevere le nostre offerte sui prodotti usati Power Plate via mail.<\/span><\/span><\/span><\/span><\/p>\n<p><input type=\"submit\" value=\"Accedi ai prodotti usati\" class=\"wpcf7-form-control has-spinner wpcf7-submit\" \/><\/p>\n<div class=\"wpcf7-response-output\" aria-hidden=\"true\"><\/div><\/form><\/div>\n<p>[\/et_pb_text][\/et_pb_column][et_pb_column type=&#8221;1_2&#8243;][et_pb_image admin_label=&#8221;Image pro5&#8243; src=&#8221;https:\/\/www.power-plate-occasion.com\/wp-content\/uploads\/2018\/08\/acheter-powerplate-pro5.jpg&#8221; _builder_version=&#8221;3.9&#8243; \/][\/et_pb_column][\/et_pb_row][\/et_pb_section]<\/p>\n","protected":false},"excerpt":{"rendered":"<p>&nbsp; Power Plate ha sviluppato una gamma di apparecchi per un uso domestico.<\/p>\n","protected":false},"author":1,"featured_media":0,"parent":0,"menu_order":0,"comment_status":"closed","ping_status":"closed","template":"","meta":{"_et_pb_use_builder":"on","_et_pb_old_content":"","_et_gb_content_width":"","footnotes":""},"_links":{"self":[{"href":"https:\/\/www.power-plate-occasion.com\/it\/wp-json\/wp\/v2\/pages\/73"}],"collection":[{"href":"https:\/\/www.power-plate-occasion.com\/it\/wp-json\/wp\/v2\/pages"}],"about":[{"href":"https:\/\/www.power-plate-occasion.com\/it\/wp-json\/wp\/v2\/types\/page"}],"author":[{"embeddable":true,"href":"https:\/\/www.power-plate-occasion.com\/it\/wp-json\/wp\/v2\/users\/1"}],"replies":[{"embeddable":true,"href":"https:\/\/www.power-plate-occasion.com\/it\/wp-json\/wp\/v2\/comments?post=73"}],"version-history":[{"count":37,"href":"https:\/\/www.power-plate-occasion.com\/it\/wp-json\/wp\/v2\/pages\/73\/revisions"}],"predecessor-version":[{"id":1017,"href":"https:\/\/www.power-plate-occasion.com\/it\/wp-json\/wp\/v2\/pages\/73\/revisions\/1017"}],"wp:attachment":[{"href":"https:\/\/www.power-plate-occasion.com\/it\/wp-json\/wp\/v2\/media?parent=73"}],"curies":[{"name":"wp","href":"https:\/\/api.w.org\/{rel}","templated":true}]}}